{"id":31900,"date":"2025-02-20T22:33:44","date_gmt":"2025-02-20T22:33:44","guid":{"rendered":"http:\/\/olemosaic.com\/producto\/llavero-de-metal-barcelona-mosaico\/"},"modified":"2025-07-25T19:22:50","modified_gmt":"2025-07-25T17:22:50","slug":"porte-cles-en-metal-barcelone-mosaique","status":"publish","type":"product","link":"https:\/\/olemosaic.com\/fr\/produit\/porte-cles-en-metal-barcelone-mosaique\/","title":{"rendered":"Porte-cl\u00e9s en m\u00e9tal. Barcelone. Mosa\u00efque."},"content":{"rendered":"<p>Ce porte-cl\u00e9s m\u00e9tallique color\u00e9 est le souvenir parfait pour capturer l&rsquo;essence vibrante de Barcelone. Con\u00e7u avec le mot \u00ab\u00a0Barcelona\u00a0\u00bb en lettres grandes et frappantes, ce porte-cl\u00e9s s&rsquo;inspire de la c\u00e9l\u00e8bre mosa\u00efque qui orne la ville, pr\u00e9sentant une fusion de tons bleus, rouges, verts et jaunes qui \u00e9voquent la joie et la cr\u00e9ativit\u00e9 caract\u00e9ristiques de la capitale catalane. Son design attrayant facilite non seulement sa localisation dans n&rsquo;importe quel sac, mais ajoute \u00e9galement une touche de couleur et d&rsquo;originalit\u00e9 \u00e0 vos cl\u00e9s.<\/p>\n<p>Le porte-cl\u00e9s est fabriqu\u00e9 en m\u00e9tal durable, ce qui garantit qu&rsquo;il soit \u00e0 la fois un accessoire pratique et une \u0153uvre d&rsquo;art portable, id\u00e9al pour se rem\u00e9morer vos moments pass\u00e9s dans la ville. La combinaison de couleurs vibrantes et de lettres stylis\u00e9es refl\u00e8te l&rsquo;esprit artistique qui d\u00e9finit Barcelone, une ville connue pour son architecture moderniste et sa riche histoire culturelle. Ce porte-cl\u00e9s n&rsquo;est pas seulement un objet utile, mais un symbole de l&rsquo;h\u00e9ritage artistique que l&rsquo;on respire dans chaque recoin de la ville.<\/p>\n<p>Chez Ol\u00e9 Mosaic, nous nous engageons \u00e0 offrir des souvenirs authentiques et repr\u00e9sentatifs de la culture espagnole. Ce porte-cl\u00e9s est une excellente option pour les boutiques de cadeaux touristiques \u00e0 la recherche de produits uniques avec une valeur culturelle. En choisissant ce porte-cl\u00e9s de Barcelone, vous garantissez \u00e0 vos clients un souvenir m\u00e9morable qui souligne la beaut\u00e9 et l&rsquo;art encapsul\u00e9s dans un design moderne et joyeux, digne de sa place dans toute collection de souvenirs.<\/p>\n","protected":false},"excerpt":{"rendered":"<p>Porte-cl\u00e9s m\u00e9tallique et color\u00e9 avec le mot \u00ab\u00a0Barcelona\u00a0\u00bb en lettres grandes et frappantes, inspir\u00e9 de la c\u00e9l\u00e8bre mosa\u00efque de la ville. Ce design vibrant, m\u00e9langeant des tons tels que le bleu, le rouge, le vert et le jaune, refl\u00e8te l&rsquo;essence artistique et culturelle de Barcelone. Parfait comme souvenir ou cadeau, c&rsquo;est un accessoire pratique et attrayant qui capture la joie et la cr\u00e9ativit\u00e9 de l&#8217;embl\u00e9matique ville catalane.<\/p>\n","protected":false},"featured_media":10422,"template":"","meta":{"_acf_changed":false},"product_brand":[],"product_cat":[607],"product_tag":[],"class_list":{"0":"post-31900","1":"product","2":"type-product","3":"status-publish","4":"has-post-thumbnail","6":"product_cat-porte-cles","7":"pa_ciudad-barcelona","8":"pa_pais-espana","10":"first","11":"instock","12":"shipping-taxable","13":"product-type-simple"},"acf":[],"_links":{"self":[{"href":"https:\/\/olemosaic.com\/fr\/wp-json\/wp\/v2\/product\/31900","targetHints":{"allow":["GET"]}}],"collection":[{"href":"https:\/\/olemosaic.com\/fr\/wp-json\/wp\/v2\/product"}],"about":[{"href":"https:\/\/olemosaic.com\/fr\/wp-json\/wp\/v2\/types\/product"}],"wp:featuredmedia":[{"embeddable":true,"href":"https:\/\/olemosaic.com\/fr\/wp-json\/wp\/v2\/media\/10422"}],"wp:attachment":[{"href":"https:\/\/olemosaic.com\/fr\/wp-json\/wp\/v2\/media?parent=31900"}],"wp:term":[{"taxonomy":"product_brand","embeddable":true,"href":"https:\/\/olemosaic.com\/fr\/wp-json\/wp\/v2\/product_brand?post=31900"},{"taxonomy":"product_cat","embeddable":true,"href":"https:\/\/olemosaic.com\/fr\/wp-json\/wp\/v2\/product_cat?post=31900"},{"taxonomy":"product_tag","embeddable":true,"href":"https:\/\/olemosaic.com\/fr\/wp-json\/wp\/v2\/product_tag?post=31900"}],"curies":[{"name":"wp","href":"https:\/\/api.w.org\/{rel}","templated":true}]}}