{"id":31893,"date":"2025-02-20T23:33:44","date_gmt":"2025-02-20T22:33:44","guid":{"rendered":"http:\/\/olemosaic.com\/producto\/llavero-de-madera-punt-de-trobada-barcelona\/"},"modified":"2025-07-25T19:37:35","modified_gmt":"2025-07-25T17:37:35","slug":"porte-cles-en-bois-punt-de-trobada-barcelone","status":"publish","type":"product","link":"https:\/\/olemosaic.com\/fr\/produit\/porte-cles-en-bois-punt-de-trobada-barcelone\/","title":{"rendered":"Porte-cl\u00e9s en bois. Punt de trobada. Barcelone."},"content":{"rendered":"<p>Ce porte-cl\u00e9s en bois, inspir\u00e9 de la c\u00e9l\u00e8bre mosa\u00efque du \u00ab\u00a0Punt de trobada\u00a0\u00bb de Barcelone, est un souvenir unique qui encapsule l&rsquo;essence du modernisme catalan. Avec un design vibrant pr\u00e9sentant une combinaison de formes abstraites dans des tons rouges, bleus et jaunes, chaque d\u00e9tail est soign\u00e9 avec attention, cr\u00e9ant une finition en relief qui \u00e9voque la magie des \u0153uvres de Gaud\u00ed. Le mot \u00ab\u00a0Barcelone\u00a0\u00bb s&rsquo;int\u00e8gre de mani\u00e8re subtile, ajoutant une touche distinctive qui renforce son caract\u00e8re de souvenir repr\u00e9sentatif de la ville.<\/p>\n<p>Visuellement, la pi\u00e8ce se distingue par ses formes dynamiques rappelant l&rsquo;esth\u00e9tique joyeuse des mosa\u00efques de Gaud\u00ed, ce qui en fait un accessoire attrayant et fonctionnel pour tout amateur d&rsquo;architecture et d&rsquo;art. Ce porte-cl\u00e9s n&rsquo;est pas seulement pratique, mais aussi un morceau de culture catalane, \u00e9voquant des moments dans la ville vibrante de Barcelone \u00e0 chaque utilisation.<\/p>\n<p>Chez Ol\u00e9 Mosaic, nous nous sp\u00e9cialisons dans la distribution de souvenirs en gros, proposant des produits authentiques qui capturent le riche h\u00e9ritage culturel des r\u00e9gions espagnoles. Ce porte-cl\u00e9s est une excellente option pour les boutiques de cadeaux touristiques \u00e0 la recherche d&rsquo;articles distinctifs mettant en valeur la beaut\u00e9 de Barcelone et son modernisme. C&rsquo;est un souvenir id\u00e9al, parfait pour les touristes qui souhaitent emporter un symbole authentique et color\u00e9 de leur visite dans la capitale catalane.<\/p>\n","protected":false},"excerpt":{"rendered":"<p>Porte-cl\u00e9s en bois inspir\u00e9 de la c\u00e9l\u00e8bre mosa\u00efque de Gaud\u00ed, qui se distingue au \u00ab\u00a0Punt de trobada\u00a0\u00bb de Barcelone. Cet accessoire original pr\u00e9sente un design color\u00e9 combinant des formes abstraites dans des tons rouges, bleus et jaunes, avec une finition en relief \u00e9voquant le style moderniste de la ville. Le mot \u00ab\u00a0Barcelone\u00a0\u00bb int\u00e9gr\u00e9 subtilement dans la pi\u00e8ce ajoute une touche distinctive, en faisant un souvenir parfait pour se souvenir de la richesse culturelle de la capitale catalane.<\/p>\n","protected":false},"featured_media":10449,"template":"","meta":{"_acf_changed":false},"product_brand":[],"product_cat":[607],"product_tag":[],"class_list":{"0":"post-31893","1":"product","2":"type-product","3":"status-publish","4":"has-post-thumbnail","6":"product_cat-porte-cles","7":"pa_ciudad-barcelona","8":"pa_motivo-punt-de-trobada","9":"pa_pais-espana","11":"first","12":"instock","13":"shipping-taxable","14":"product-type-simple"},"acf":[],"_links":{"self":[{"href":"https:\/\/olemosaic.com\/fr\/wp-json\/wp\/v2\/product\/31893","targetHints":{"allow":["GET"]}}],"collection":[{"href":"https:\/\/olemosaic.com\/fr\/wp-json\/wp\/v2\/product"}],"about":[{"href":"https:\/\/olemosaic.com\/fr\/wp-json\/wp\/v2\/types\/product"}],"wp:featuredmedia":[{"embeddable":true,"href":"https:\/\/olemosaic.com\/fr\/wp-json\/wp\/v2\/media\/10449"}],"wp:attachment":[{"href":"https:\/\/olemosaic.com\/fr\/wp-json\/wp\/v2\/media?parent=31893"}],"wp:term":[{"taxonomy":"product_brand","embeddable":true,"href":"https:\/\/olemosaic.com\/fr\/wp-json\/wp\/v2\/product_brand?post=31893"},{"taxonomy":"product_cat","embeddable":true,"href":"https:\/\/olemosaic.com\/fr\/wp-json\/wp\/v2\/product_cat?post=31893"},{"taxonomy":"product_tag","embeddable":true,"href":"https:\/\/olemosaic.com\/fr\/wp-json\/wp\/v2\/product_tag?post=31893"}],"curies":[{"name":"wp","href":"https:\/\/api.w.org\/{rel}","templated":true}]}}