{"id":31891,"date":"2025-02-20T23:33:43","date_gmt":"2025-02-20T22:33:43","guid":{"rendered":"http:\/\/olemosaic.com\/producto\/llavero-de-madera-panoramica-malaga\/"},"modified":"2025-07-25T18:54:29","modified_gmt":"2025-07-25T16:54:29","slug":"porte-cles-en-bois-panoramique-malaga","status":"publish","type":"product","link":"https:\/\/olemosaic.com\/fr\/produit\/porte-cles-en-bois-panoramique-malaga\/","title":{"rendered":"Porte-cl\u00e9s en bois. Panoramique. Malaga."},"content":{"rendered":"<p>Ce porte-cl\u00e9s en bois pr\u00e9sente une vue panoramique color\u00e9e de Malaga, capturant l&rsquo;essence vibrante de cette ville andalouse embl\u00e9matique. Avec un design complexe peint \u00e0 la main, ce souvenir met en avant des \u00e9l\u00e9ments iconiques tels que la majestueuse cath\u00e9drale et la c\u00e9l\u00e8bre mosa\u00efque, reflet de la beaut\u00e9 du paysage urbain de Malaga. L&rsquo;utilisation de tons vifs rehausse les caract\u00e9ristiques architecturales, cr\u00e9ant un contraste visuel qui \u00e9voque la chaleur du soleil andalou. L&rsquo;inscription du mot \u00ab\u00a0Malaga\u00a0\u00bb, en lettres joyeuses, ajoute une touche ludique et attrayante, en faisant un accessoire aussi pratique que d\u00e9coratif.<\/p>\n<p>Ce porte-cl\u00e9s ne sert pas seulement \u00e0 organiser les cl\u00e9s, mais agit \u00e9galement comme un charmant rappel de la riche histoire et de l&rsquo;atmosph\u00e8re impressionnante de Malaga. En tant que souvenir authentique, il capture la culture andalouse et son style de vie d\u00e9contract\u00e9, devenant un excellent choix pour les touristes \u00e0 la recherche de pi\u00e8ces repr\u00e9sentatives de leur visite. Chez Ol\u00e9 Mosaic, nous nous sp\u00e9cialisons dans la distribution de souvenirs en gros, garantissant que nos porte-cl\u00e9s et autres produits refl\u00e8tent la v\u00e9ritable essence de chaque lieu. Ce porte-cl\u00e9s de Malaga est id\u00e9al pour les boutiques de cadeaux touristiques souhaitant proposer des articles ayant une pertinence culturelle et un attrait visuel, assurant la satisfaction de leurs clients.<\/p>\n","protected":false},"excerpt":{"rendered":"<p>Porte-cl\u00e9s en bois avec une vue panoramique color\u00e9e de Malaga, mettant en valeur son paysage urbain embl\u00e9matique. Ce porte-cl\u00e9s au design artisanal, peint \u00e0 la main, inclut des \u00e9l\u00e9ments iconiques comme la cath\u00e9drale et la c\u00e9l\u00e8bre mosa\u00efque en arri\u00e8re-plan, soulignant l&rsquo;atmosph\u00e8re vibrante de la ville. Avec des lettres au design joyeux formant le mot \u00ab\u00a0Malaga\u00a0\u00bb, il devient le souvenir id\u00e9al pour se souvenir de son histoire et de sa beaut\u00e9. Un accessoire pratique et d\u00e9coratif pour les amoureux de la culture andalouse.<\/p>\n","protected":false},"featured_media":10796,"template":"","meta":{"_acf_changed":false},"product_brand":[],"product_cat":[607],"product_tag":[],"class_list":{"0":"post-31891","1":"product","2":"type-product","3":"status-publish","4":"has-post-thumbnail","6":"product_cat-porte-cles","7":"pa_ciudad-malaga","8":"pa_motivo-panoramas","9":"pa_pais-espana","11":"first","12":"instock","13":"shipping-taxable","14":"product-type-simple"},"acf":[],"_links":{"self":[{"href":"https:\/\/olemosaic.com\/fr\/wp-json\/wp\/v2\/product\/31891","targetHints":{"allow":["GET"]}}],"collection":[{"href":"https:\/\/olemosaic.com\/fr\/wp-json\/wp\/v2\/product"}],"about":[{"href":"https:\/\/olemosaic.com\/fr\/wp-json\/wp\/v2\/types\/product"}],"wp:featuredmedia":[{"embeddable":true,"href":"https:\/\/olemosaic.com\/fr\/wp-json\/wp\/v2\/media\/10796"}],"wp:attachment":[{"href":"https:\/\/olemosaic.com\/fr\/wp-json\/wp\/v2\/media?parent=31891"}],"wp:term":[{"taxonomy":"product_brand","embeddable":true,"href":"https:\/\/olemosaic.com\/fr\/wp-json\/wp\/v2\/product_brand?post=31891"},{"taxonomy":"product_cat","embeddable":true,"href":"https:\/\/olemosaic.com\/fr\/wp-json\/wp\/v2\/product_cat?post=31891"},{"taxonomy":"product_tag","embeddable":true,"href":"https:\/\/olemosaic.com\/fr\/wp-json\/wp\/v2\/product_tag?post=31891"}],"curies":[{"name":"wp","href":"https:\/\/api.w.org\/{rel}","templated":true}]}}