{"id":31861,"date":"2025-02-20T23:33:43","date_gmt":"2025-02-20T22:33:43","guid":{"rendered":"http:\/\/olemosaic.com\/producto\/llavero-de-madera-camino-de-santiago-4\/"},"modified":"2025-07-25T19:51:12","modified_gmt":"2025-07-25T17:51:12","slug":"porte-cles-en-bois-chemin-de-compostelle-4","status":"publish","type":"product","link":"https:\/\/olemosaic.com\/fr\/produit\/porte-cles-en-bois-chemin-de-compostelle-4\/","title":{"rendered":"Porte-cl\u00e9s en bois. Chemin de Compostelle. Coquille, sac \u00e0 dos et p\u00e8lerin."},"content":{"rendered":"<p>Ce porte-cl\u00e9s en bois, illustr\u00e9 d&rsquo;\u00e9l\u00e9ments iconiques du Chemin de Compostelle, est un souvenir id\u00e9al pour les voyageurs ayant parcouru cette route de p\u00e8lerinage embl\u00e9matique. Son design vibrant comprend une chaussure de randonn\u00e9e, un sac \u00e0 dos rouge, la c\u00e9l\u00e8bre coquille du p\u00e8lerin et un balisage du chemin, autant d&rsquo;\u00e9l\u00e9ments qui \u00e9voquent l&rsquo;aventure et le parcours culturel de ce chemin historique. La chaussure est repr\u00e9sent\u00e9e avec une finition d\u00e9taill\u00e9e ; sa teinte bleu profond ressort parmi les autres \u00e9l\u00e9ments, symbolisant la r\u00e9sistance et l&rsquo;engagement du p\u00e8lerin, tandis que le sac \u00e0 dos rouge, qui se distingue par son \u00e9clat, sugg\u00e8re la pr\u00e9paration et l&rsquo;\u00e9motion de la travers\u00e9e.<\/p>\n<p>L&rsquo;utilisation du bois pour sa fabrication apporte non seulement une touche d&rsquo;authenticit\u00e9, mais refl\u00e8te \u00e9galement le respect des mat\u00e9riaux naturels, en accord avec l&rsquo;esprit de la randonn\u00e9e et la connexion avec la nature. Ce porte-cl\u00e9s n&rsquo;est pas seulement un accessoire pratique, mais un symbole d&rsquo;un voyage significatif qui invite \u00e0 se souvenir de chaque pas effectu\u00e9. Chez Ol\u00e9 Mosaic, nous sommes fiers de proposer des souvenirs authentiques qui capturent l&rsquo;essence culturelle de l&rsquo;Espagne. Ce porte-cl\u00e9s est une excellente option pour les boutiques de cadeaux touristiques cherchant \u00e0 attirer ceux qui s&rsquo;int\u00e9ressent aux souvenirs du Chemin de Compostelle, assurant un souvenir accessible et significatif pour ceux qui ont profit\u00e9 de cette exp\u00e9rience unique. En tant que grossiste de souvenirs de qualit\u00e9, nous garantissons des produits qui c\u00e9l\u00e8brent le riche h\u00e9ritage du Chemin.<\/p>\n","protected":false},"excerpt":{"rendered":"<p>Porte-cl\u00e9s en bois illustr\u00e9 d&rsquo;\u00e9l\u00e9ments iconiques du Chemin de Compostelle. Ce porte-cl\u00e9s attrayant pr\u00e9sente une chaussure de randonn\u00e9e, un sac \u00e0 dos rouge et la coquille, symbole du p\u00e8lerin, ainsi qu&rsquo;un panneau du chemin. Avec des couleurs vibrantes et un design attrayant, ce souvenir capture l&rsquo;essence de l&rsquo;aventure et du parcours historique, constituant un souvenir parfait pour ceux qui ont effectu\u00e9 cette route embl\u00e9matique.<\/p>\n","protected":false},"featured_media":10803,"template":"","meta":{"_acf_changed":false},"product_brand":[],"product_cat":[607],"product_tag":[],"class_list":{"0":"post-31861","1":"product","2":"type-product","3":"status-publish","4":"has-post-thumbnail","6":"product_cat-porte-cles","7":"pa_ciudad-santiago-de-compostela","8":"pa_pais-espana","10":"first","11":"instock","12":"shipping-taxable","13":"product-type-simple"},"acf":[],"_links":{"self":[{"href":"https:\/\/olemosaic.com\/fr\/wp-json\/wp\/v2\/product\/31861","targetHints":{"allow":["GET"]}}],"collection":[{"href":"https:\/\/olemosaic.com\/fr\/wp-json\/wp\/v2\/product"}],"about":[{"href":"https:\/\/olemosaic.com\/fr\/wp-json\/wp\/v2\/types\/product"}],"wp:featuredmedia":[{"embeddable":true,"href":"https:\/\/olemosaic.com\/fr\/wp-json\/wp\/v2\/media\/10803"}],"wp:attachment":[{"href":"https:\/\/olemosaic.com\/fr\/wp-json\/wp\/v2\/media?parent=31861"}],"wp:term":[{"taxonomy":"product_brand","embeddable":true,"href":"https:\/\/olemosaic.com\/fr\/wp-json\/wp\/v2\/product_brand?post=31861"},{"taxonomy":"product_cat","embeddable":true,"href":"https:\/\/olemosaic.com\/fr\/wp-json\/wp\/v2\/product_cat?post=31861"},{"taxonomy":"product_tag","embeddable":true,"href":"https:\/\/olemosaic.com\/fr\/wp-json\/wp\/v2\/product_tag?post=31861"}],"curies":[{"name":"wp","href":"https:\/\/api.w.org\/{rel}","templated":true}]}}