{"id":31859,"date":"2025-02-20T23:33:42","date_gmt":"2025-02-20T22:33:42","guid":{"rendered":"http:\/\/olemosaic.com\/producto\/llavero-de-madera-tortuga-2\/"},"modified":"2025-07-25T18:51:14","modified_gmt":"2025-07-25T16:51:14","slug":"porte-cles-en-bois-tortue-2","status":"publish","type":"product","link":"https:\/\/olemosaic.com\/fr\/produit\/porte-cles-en-bois-tortue-2\/","title":{"rendered":"Porte-cl\u00e9s en bois. Tortue."},"content":{"rendered":"<p>Ce porte-cl\u00e9s en bois en forme de tortue est un v\u00e9ritable hommage au modernisme barcelonais, inspir\u00e9 du c\u00e9l\u00e8bre trencad\u00eds de Gaud\u00ed. La pi\u00e8ce pr\u00e9sente une finition peinte \u00e0 la main avec une explosion de couleurs vibrantes, o\u00f9 le bleu, le vert et le rouge s&rsquo;entrelacent dans un design ludique qui capture l&rsquo;essence de la cr\u00e9ativit\u00e9 catalane. La tortue, symbole de long\u00e9vit\u00e9 et de sagesse, est r\u00e9interpr\u00e9t\u00e9e avec un style contemporain, ce qui en fait un accessoire id\u00e9al tant pour les touristes que pour les amateurs de culture.<\/p>\n<p>Les d\u00e9tails complexes du trencad\u00eds soulignent le talent artisanal qui caract\u00e9rise les souvenirs de Barcelone, offrant une repr\u00e9sentation unique et artistique de cette ville embl\u00e9matique. Ce porte-cl\u00e9s n&rsquo;est pas seulement fonctionnel, il sert \u00e9galement de souvenir significatif du voyage, devenant une pi\u00e8ce de conversation qui \u00e9voque les merveilles de l&rsquo;architecture de Gaud\u00ed.<\/p>\n<p>Chez Ol\u00e9 Mosaic, nous sommes fiers de proposer des porte-cl\u00e9s en bois authentiques et originaux qui refl\u00e8tent la riche culture espagnole. Ce porte-cl\u00e9s tortue est une excellente option pour les boutiques de cadeaux touristiques \u00e0 la recherche de produits de qualit\u00e9 et de pertinence culturelle, ce qui en fait un souvenir de Barcelone parfait qui ravira ceux qui l&rsquo;acqui\u00e8rent. En tant que grossistes de souvenirs, nous garantissons que chaque article poss\u00e8de la touche unique de l&rsquo;authenticit\u00e9 et du design caract\u00e9ristique de la r\u00e9gion.<\/p>\n","protected":false},"excerpt":{"rendered":"<p>Porte-cl\u00e9s en bois en forme de tortue, d\u00e9cor\u00e9 d&rsquo;un design color\u00e9 inspir\u00e9 du trencad\u00eds de Gaud\u00ed. Ce porte-cl\u00e9s attrayant pr\u00e9sente une finition au design artisanal, peinte \u00e0 la main, qui combine des tons vibrants comme le bleu, le vert et le rouge, cr\u00e9ant une repr\u00e9sentation ludique et moderne de la tortue. Parfait comme souvenir de Barcelone, cet accessoire pratique et artistique devient un souvenir unique de la richesse culturelle espagnole.<\/p>\n","protected":false},"featured_media":10980,"template":"","meta":{"_acf_changed":false},"product_brand":[],"product_cat":[607],"product_tag":[530],"class_list":{"0":"post-31859","1":"product","2":"type-product","3":"status-publish","4":"has-post-thumbnail","6":"product_cat-porte-cles","7":"product_tag-animaux","8":"pa_motivo-tortues","10":"first","11":"instock","12":"shipping-taxable","13":"product-type-simple"},"acf":[],"_links":{"self":[{"href":"https:\/\/olemosaic.com\/fr\/wp-json\/wp\/v2\/product\/31859","targetHints":{"allow":["GET"]}}],"collection":[{"href":"https:\/\/olemosaic.com\/fr\/wp-json\/wp\/v2\/product"}],"about":[{"href":"https:\/\/olemosaic.com\/fr\/wp-json\/wp\/v2\/types\/product"}],"wp:featuredmedia":[{"embeddable":true,"href":"https:\/\/olemosaic.com\/fr\/wp-json\/wp\/v2\/media\/10980"}],"wp:attachment":[{"href":"https:\/\/olemosaic.com\/fr\/wp-json\/wp\/v2\/media?parent=31859"}],"wp:term":[{"taxonomy":"product_brand","embeddable":true,"href":"https:\/\/olemosaic.com\/fr\/wp-json\/wp\/v2\/product_brand?post=31859"},{"taxonomy":"product_cat","embeddable":true,"href":"https:\/\/olemosaic.com\/fr\/wp-json\/wp\/v2\/product_cat?post=31859"},{"taxonomy":"product_tag","embeddable":true,"href":"https:\/\/olemosaic.com\/fr\/wp-json\/wp\/v2\/product_tag?post=31859"}],"curies":[{"name":"wp","href":"https:\/\/api.w.org\/{rel}","templated":true}]}}