{"id":31856,"date":"2025-02-20T23:33:42","date_gmt":"2025-02-20T22:33:42","guid":{"rendered":"http:\/\/olemosaic.com\/producto\/llavero-de-madera-sardina-2\/"},"modified":"2025-07-25T18:53:34","modified_gmt":"2025-07-25T16:53:34","slug":"porte-cles-bois-sardine-mosaique","status":"publish","type":"product","link":"https:\/\/olemosaic.com\/fr\/produit\/porte-cles-bois-sardine-mosaique\/","title":{"rendered":"Porte-cl\u00e9s en bois. Sardine. Mosa\u00efque."},"content":{"rendered":"<p>Ce porte-cl\u00e9s en bois en forme de sardine est un v\u00e9ritable symbole de la culture m\u00e9diterran\u00e9enne, con\u00e7u pour ceux qui cherchent \u00e0 emporter un morceau d&rsquo;Espagne avec eux. Avec une finition vibrante pr\u00e9sentant une riche palette de couleurs, il combine des tons brillants de rouge, bleu et jaune, cr\u00e9ant une pi\u00e8ce visuelle qui \u00e9voque la fra\u00eecheur de la mer et la tradition de la p\u00eache des c\u00f4tes espagnoles. L&rsquo;\u00e9l\u00e9gance de ses lignes fluides et le design complexe de mosa\u00efque ajoutent une touche artistique qui en fait un accessoire unique et amusant.<\/p>\n<p>Ce porte-cl\u00e9s n&rsquo;est pas seulement fonctionnel, c&rsquo;est aussi un souvenir int\u00e9ressant de l&rsquo;Espagne, id\u00e9al pour les touristes souhaitant se rem\u00e9morer leur visite dans la p\u00e9ninsule ib\u00e9rique. La sardine, \u00e9l\u00e9ment iconique de la gastronomie et de la culture m\u00e9diterran\u00e9ennes, repr\u00e9sente le lien vital entre les gens et la mer. En choisissant ce porte-cl\u00e9s, vous acqu\u00e9rez plus qu&rsquo;un simple accessoire : vous emportez avec vous un morceau de la vie c\u00f4ti\u00e8re vibrante et de la tradition artistique du lieu.<\/p>\n<p>Chez Ol\u00e9 Mosaic, nous sommes sp\u00e9cialistes de la distribution de souvenirs en gros, et ce porte-cl\u00e9s sardine est une option parfaite pour les boutiques de cadeaux touristiques. Avec son design authentique et sa pertinence culturelle, c&rsquo;est un article qui non seulement attirera les touristes, mais se distinguera \u00e9galement dans n&rsquo;importe quelle vitrine comme un v\u00e9ritable souvenir du riche h\u00e9ritage de l&rsquo;Espagne.<\/p>\n","protected":false},"excerpt":{"rendered":"<p>Porte-cl\u00e9s en bois avec design de sardine, inspir\u00e9 de la culture m\u00e9diterran\u00e9enne. Ce porte-cl\u00e9s original pr\u00e9sente une finition color\u00e9e en forme de sardine avec des motifs de mosa\u00efque dans une vari\u00e9t\u00e9 de tons brillants, tels que le rouge, le bleu et le jaune. Son design \u00e9l\u00e9gant et amusant, aux lignes fluides, \u00e9voque la fra\u00eecheur de la mer et la tradition de la p\u00eache. Id\u00e9al comme souvenir d&rsquo;Espagne, il allie fonctionnalit\u00e9 et art dans un accessoire unique.<\/p>\n","protected":false},"featured_media":10987,"template":"","meta":{"_acf_changed":false},"product_brand":[],"product_cat":[607],"product_tag":[530],"class_list":{"0":"post-31856","1":"product","2":"type-product","3":"status-publish","4":"has-post-thumbnail","6":"product_cat-porte-cles","7":"product_tag-animaux","8":"pa_motivo-sardines","10":"first","11":"instock","12":"shipping-taxable","13":"product-type-simple"},"acf":[],"_links":{"self":[{"href":"https:\/\/olemosaic.com\/fr\/wp-json\/wp\/v2\/product\/31856","targetHints":{"allow":["GET"]}}],"collection":[{"href":"https:\/\/olemosaic.com\/fr\/wp-json\/wp\/v2\/product"}],"about":[{"href":"https:\/\/olemosaic.com\/fr\/wp-json\/wp\/v2\/types\/product"}],"wp:featuredmedia":[{"embeddable":true,"href":"https:\/\/olemosaic.com\/fr\/wp-json\/wp\/v2\/media\/10987"}],"wp:attachment":[{"href":"https:\/\/olemosaic.com\/fr\/wp-json\/wp\/v2\/media?parent=31856"}],"wp:term":[{"taxonomy":"product_brand","embeddable":true,"href":"https:\/\/olemosaic.com\/fr\/wp-json\/wp\/v2\/product_brand?post=31856"},{"taxonomy":"product_cat","embeddable":true,"href":"https:\/\/olemosaic.com\/fr\/wp-json\/wp\/v2\/product_cat?post=31856"},{"taxonomy":"product_tag","embeddable":true,"href":"https:\/\/olemosaic.com\/fr\/wp-json\/wp\/v2\/product_tag?post=31856"}],"curies":[{"name":"wp","href":"https:\/\/api.w.org\/{rel}","templated":true}]}}