{"id":31854,"date":"2025-02-20T23:33:41","date_gmt":"2025-02-20T22:33:41","guid":{"rendered":"http:\/\/olemosaic.com\/producto\/llavero-de-madera-salamandra-naranja\/"},"modified":"2025-07-25T19:31:31","modified_gmt":"2025-07-25T17:31:31","slug":"porte-cles-bois-salamandre-orange","status":"publish","type":"product","link":"https:\/\/olemosaic.com\/fr\/produit\/porte-cles-bois-salamandre-orange\/","title":{"rendered":"Porte-cl\u00e9s en bois. Salamandre. Orange."},"content":{"rendered":"<p>Ce porte-cl\u00e9s en bois en forme de salamandre est une repr\u00e9sentation unique et vibrante de la biodiversit\u00e9 p\u00e9ninsulaire, id\u00e9al pour ceux qui recherchent un souvenir authentique d&rsquo;Espagne. Avec un design color\u00e9 dans les tons orange, rouge et bleu, il se distingue par sa technique artisanale, enti\u00e8rement effet peint \u00e0 la main, qui capture l&rsquo;essence de ce fascinant amphibien. La salamandre, symbole de renouveau et de transformation, est li\u00e9e aux l\u00e9gendes et mythologies, souvent associ\u00e9es \u00e0 la nature espagnole.<\/p>\n<p>Le porte-cl\u00e9s allie fonctionnalit\u00e9 et art, transformant un accessoire quotidien en une pi\u00e8ce de conversation. Chaque d\u00e9tail du design refl\u00e8te la beaut\u00e9 naturelle de l&rsquo;environnement ib\u00e9rique, o\u00f9 la salamandre habite les for\u00eats et les rivi\u00e8res. Ce souvenir n&rsquo;est pas seulement un \u00e9l\u00e9ment pratique pour organiser les cl\u00e9s, mais sert \u00e9galement de rappel visuel des paysages color\u00e9s de l&rsquo;Espagne.<\/p>\n<p>Ol\u00e9 Mosaic se sp\u00e9cialise dans la distribution en gros de souvenirs authentiques, et ce porte-cl\u00e9s salamandre est une option parfaite pour les boutiques de cadeaux touristiques souhaitant proposer des produits c\u00e9l\u00e9brant la richesse culturelle et naturelle du pays. Avec sa connexion culturelle et son design unique, ce porte-cl\u00e9s est un cadeau parfait pour ceux qui recherchent des souvenirs authentiques et repr\u00e9sentatifs de la faune espagnole.<\/p>\n","protected":false},"excerpt":{"rendered":"<p>Porte-cl\u00e9s en bois en forme de salamandre, orn\u00e9 d&rsquo;un design color\u00e9 de mosa\u00efque dans les tons orange, rouge et bleu. Ce porte-cl\u00e9s attrayant se distingue par sa technique artisanale, son design fait main, peint \u00e0 la main avec un d\u00e9tail m\u00e9ticuleux, capturant l&rsquo;essence de la faune typique de la p\u00e9ninsule ib\u00e9rique. C&rsquo;est un souvenir id\u00e9al qui \u00e9voque la chaleur et la diversit\u00e9 culturelle de l&rsquo;Espagne, transformant chaque trousseau de cl\u00e9s en une pi\u00e8ce unique et vibrante.<\/p>\n","protected":false},"featured_media":10778,"template":"","meta":{"_acf_changed":false},"product_brand":[],"product_cat":[607],"product_tag":[530],"class_list":{"0":"post-31854","1":"product","2":"type-product","3":"status-publish","4":"has-post-thumbnail","6":"product_cat-porte-cles","7":"product_tag-animaux","8":"pa_motivo-salamandres","10":"first","11":"instock","12":"shipping-taxable","13":"product-type-simple"},"acf":[],"_links":{"self":[{"href":"https:\/\/olemosaic.com\/fr\/wp-json\/wp\/v2\/product\/31854","targetHints":{"allow":["GET"]}}],"collection":[{"href":"https:\/\/olemosaic.com\/fr\/wp-json\/wp\/v2\/product"}],"about":[{"href":"https:\/\/olemosaic.com\/fr\/wp-json\/wp\/v2\/types\/product"}],"wp:featuredmedia":[{"embeddable":true,"href":"https:\/\/olemosaic.com\/fr\/wp-json\/wp\/v2\/media\/10778"}],"wp:attachment":[{"href":"https:\/\/olemosaic.com\/fr\/wp-json\/wp\/v2\/media?parent=31854"}],"wp:term":[{"taxonomy":"product_brand","embeddable":true,"href":"https:\/\/olemosaic.com\/fr\/wp-json\/wp\/v2\/product_brand?post=31854"},{"taxonomy":"product_cat","embeddable":true,"href":"https:\/\/olemosaic.com\/fr\/wp-json\/wp\/v2\/product_cat?post=31854"},{"taxonomy":"product_tag","embeddable":true,"href":"https:\/\/olemosaic.com\/fr\/wp-json\/wp\/v2\/product_tag?post=31854"}],"curies":[{"name":"wp","href":"https:\/\/api.w.org\/{rel}","templated":true}]}}