{"id":31842,"date":"2025-02-20T23:33:41","date_gmt":"2025-02-20T22:33:41","guid":{"rendered":"http:\/\/olemosaic.com\/producto\/llavero-de-madera-mariposa-3\/"},"modified":"2025-07-25T19:09:58","modified_gmt":"2025-07-25T17:09:58","slug":"porte-cles-en-bois-papillon-3","status":"publish","type":"product","link":"https:\/\/olemosaic.com\/fr\/produit\/porte-cles-en-bois-papillon-3\/","title":{"rendered":"Porte-cl\u00e9s en bois. Papillon. Couleurs vari\u00e9es."},"content":{"rendered":"<p>Ce porte-cl\u00e9s en bois en forme de papillon est une pi\u00e8ce vibrante et unique, inspir\u00e9e par l&rsquo;art exceptionnel de la mosa\u00efque qui caract\u00e9rise la riche culture espagnole. Fabriqu\u00e9 avec une attention exceptionnelle aux d\u00e9tails, chaque porte-cl\u00e9s pr\u00e9sente une magnifique palette de couleurs vives, telles que les rouges, les bleus et les jaunes, qui \u00e9voquent la beaut\u00e9 de la nature. Les ailes du papillon sont orn\u00e9es de motifs g\u00e9om\u00e9triques complexes, qui capturent l&rsquo;essence de la mosa\u00efque traditionnelle, en faisant un souvenir authentique de l&rsquo;h\u00e9ritage artistique espagnol.<\/p>\n<p>Id\u00e9al comme souvenir repr\u00e9sentatif, ce porte-cl\u00e9s ne remplit pas seulement une fonction pratique pour transporter les cl\u00e9s, mais devient \u00e9galement un accessoire charmant et color\u00e9 qui ajoute une touche de joie au quotidien. Son design unique et attrayant en fait un excellent cadeau pour ceux qui cherchent \u00e0 emporter avec eux un morceau d&rsquo;Espagne.<\/p>\n<p>Chez Ol\u00e9 Mosaic, nous sommes fiers de proposer des souvenirs de qualit\u00e9 en gros, et ce porte-cl\u00e9s papillon est un choix de premier plan pour les boutiques de cadeaux touristiques. Avec son authenticit\u00e9 et sa pertinence culturelle, ce porte-cl\u00e9s en bois est une option id\u00e9ale pour les touristes qui souhaitent revenir avec un souvenir significatif de leur voyage. Notre engagement en tant que grossistes de porte-cl\u00e9s garantit que chaque pi\u00e8ce refl\u00e8te l&rsquo;ing\u00e9niosit\u00e9 et la tradition de l&rsquo;art populaire espagnol.<\/p>\n","protected":false},"excerpt":{"rendered":"<p>Porte-cl\u00e9s en bois en forme de papillon, inspir\u00e9 par l&rsquo;art vibrant de la mosa\u00efque. Ce porte-cl\u00e9s color\u00e9 pr\u00e9sente un design unique, avec une palette de couleurs vives \u00e9voquant la beaut\u00e9 de la nature, mettant en valeur sur ses ailes des motifs g\u00e9om\u00e9triques dans les tons rouges, bleus et jaunes. Id\u00e9al comme souvenir repr\u00e9sentatif de l&rsquo;art populaire, il allie fonctionnalit\u00e9 et esth\u00e9tique, devenant un accessoire charmant pour porter ses cl\u00e9s avec style.<\/p>\n","protected":false},"featured_media":10627,"template":"","meta":{"_acf_changed":false},"product_brand":[],"product_cat":[607],"product_tag":[530],"class_list":{"0":"post-31842","1":"product","2":"type-product","3":"status-publish","4":"has-post-thumbnail","6":"product_cat-porte-cles","7":"product_tag-animaux","8":"pa_motivo-papillons","10":"first","11":"instock","12":"shipping-taxable","13":"product-type-simple"},"acf":[],"_links":{"self":[{"href":"https:\/\/olemosaic.com\/fr\/wp-json\/wp\/v2\/product\/31842","targetHints":{"allow":["GET"]}}],"collection":[{"href":"https:\/\/olemosaic.com\/fr\/wp-json\/wp\/v2\/product"}],"about":[{"href":"https:\/\/olemosaic.com\/fr\/wp-json\/wp\/v2\/types\/product"}],"wp:featuredmedia":[{"embeddable":true,"href":"https:\/\/olemosaic.com\/fr\/wp-json\/wp\/v2\/media\/10627"}],"wp:attachment":[{"href":"https:\/\/olemosaic.com\/fr\/wp-json\/wp\/v2\/media?parent=31842"}],"wp:term":[{"taxonomy":"product_brand","embeddable":true,"href":"https:\/\/olemosaic.com\/fr\/wp-json\/wp\/v2\/product_brand?post=31842"},{"taxonomy":"product_cat","embeddable":true,"href":"https:\/\/olemosaic.com\/fr\/wp-json\/wp\/v2\/product_cat?post=31842"},{"taxonomy":"product_tag","embeddable":true,"href":"https:\/\/olemosaic.com\/fr\/wp-json\/wp\/v2\/product_tag?post=31842"}],"curies":[{"name":"wp","href":"https:\/\/api.w.org\/{rel}","templated":true}]}}