{"id":31841,"date":"2025-02-20T23:33:41","date_gmt":"2025-02-20T22:33:41","guid":{"rendered":"http:\/\/olemosaic.com\/producto\/llavero-de-madera-mariposa-2\/"},"modified":"2025-07-25T19:18:04","modified_gmt":"2025-07-25T17:18:04","slug":"porte-cles-en-bois-papillon-2","status":"publish","type":"product","link":"https:\/\/olemosaic.com\/fr\/produit\/porte-cles-en-bois-papillon-2\/","title":{"rendered":"Porte-cl\u00e9s en bois. Papillon. Motifs floraux."},"content":{"rendered":"<p>Ce porte-cl\u00e9s en bois en forme de papillon est un souvenir attrayant qui capture l&rsquo;essence vibrante de la culture espagnole. Fabriqu\u00e9 avec des mat\u00e9riaux de haute qualit\u00e9 et un design tr\u00e8s sp\u00e9cial, il se distingue par sa d\u00e9coration avec une mosa\u00efque de motifs traditionnels aux couleurs captivantes comme le rouge, le bleu et le dor\u00e9. Chaque aile du papillon est orn\u00e9e de motifs g\u00e9om\u00e9triques et floraux peints \u00e0 la main, lo qui souligne non seulement l&rsquo;artisanat derri\u00e8re l&rsquo;objet, mais en fait \u00e9galement une pi\u00e8ce artistique exceptionnelle. Le papillon, symbole de transformation et de libert\u00e9, \u00e9voque le riche h\u00e9ritage des traditions ib\u00e9riques et se pr\u00e9sente comme un charmant souvenir des paysages et de la culture de l&rsquo;Espagne.<\/p>\n<p>Ce porte-cl\u00e9s est parfait tant pour un usage fonctionnel que d\u00e9coratif, ce qui en fait un cadeau id\u00e9al pour ceux qui recherchent des souvenirs authentiques d&rsquo;Espagne. Il repr\u00e9sente une excellente opportunit\u00e9 pour les touristes qui souhaitent emporter chez eux un morceau de la beaut\u00e9 culturelle du pays. Chez Ol\u00e9 Mosaic, nous proposons ce porte-cl\u00e9s papillon dans le cadre de notre s\u00e9lection de souvenirs de qualit\u00e9, garantissant son authenticit\u00e9 et sa valeur culturelle. Ce produit est id\u00e9al pour les boutiques de cadeaux touristiques \u00e0 la recherche d&rsquo;articles distinctifs et significatifs, renfor\u00e7ant notre engagement en tant que grossistes de souvenirs artisanaux sur le march\u00e9.<\/p>\n","protected":false},"excerpt":{"rendered":"<p>Porte-cl\u00e9s en bois en forme de papillon, d\u00e9cor\u00e9 d&rsquo;une mosa\u00efque vibrante de motifs traditionnels. Cet accessoire attrayant met en valeur les couleurs rouge, bleu et dor\u00e9, \u00e9voquant le riche h\u00e9ritage culturel espagnol. Le design comprend des motifs g\u00e9om\u00e9triques et floraux peints \u00e0 la main, qui lui conf\u00e8rent un caract\u00e8re artistique et distinctif. Id\u00e9al comme souvenir, ce porte-cl\u00e9s est \u00e0 la fois fonctionnel et une magnifique pi\u00e8ce d\u00e9corative pour tout amateur de culture ib\u00e9rique.<\/p>\n","protected":false},"featured_media":10957,"template":"","meta":{"_acf_changed":false},"product_brand":[],"product_cat":[607],"product_tag":[530],"class_list":{"0":"post-31841","1":"product","2":"type-product","3":"status-publish","4":"has-post-thumbnail","6":"product_cat-porte-cles","7":"product_tag-animaux","8":"pa_motivo-papillons","10":"first","11":"instock","12":"shipping-taxable","13":"product-type-simple"},"acf":[],"_links":{"self":[{"href":"https:\/\/olemosaic.com\/fr\/wp-json\/wp\/v2\/product\/31841","targetHints":{"allow":["GET"]}}],"collection":[{"href":"https:\/\/olemosaic.com\/fr\/wp-json\/wp\/v2\/product"}],"about":[{"href":"https:\/\/olemosaic.com\/fr\/wp-json\/wp\/v2\/types\/product"}],"wp:featuredmedia":[{"embeddable":true,"href":"https:\/\/olemosaic.com\/fr\/wp-json\/wp\/v2\/media\/10957"}],"wp:attachment":[{"href":"https:\/\/olemosaic.com\/fr\/wp-json\/wp\/v2\/media?parent=31841"}],"wp:term":[{"taxonomy":"product_brand","embeddable":true,"href":"https:\/\/olemosaic.com\/fr\/wp-json\/wp\/v2\/product_brand?post=31841"},{"taxonomy":"product_cat","embeddable":true,"href":"https:\/\/olemosaic.com\/fr\/wp-json\/wp\/v2\/product_cat?post=31841"},{"taxonomy":"product_tag","embeddable":true,"href":"https:\/\/olemosaic.com\/fr\/wp-json\/wp\/v2\/product_tag?post=31841"}],"curies":[{"name":"wp","href":"https:\/\/api.w.org\/{rel}","templated":true}]}}