{"id":31840,"date":"2025-02-20T23:33:41","date_gmt":"2025-02-20T22:33:41","guid":{"rendered":"http:\/\/olemosaic.com\/producto\/llavero-de-madera-letra-z-sevilla\/"},"modified":"2025-07-25T19:59:51","modified_gmt":"2025-07-25T17:59:51","slug":"porte-cles-en-bois-lettre-z-seville","status":"publish","type":"product","link":"https:\/\/olemosaic.com\/fr\/produit\/porte-cles-en-bois-lettre-z-seville\/","title":{"rendered":"Porte-cl\u00e9s en bois. Lettre Z. S\u00e9ville."},"content":{"rendered":"<p>Ce porte-cl\u00e9s en bois en forme de lettre Z est un souvenir authentique et vibrant de S\u00e9ville, une ville d\u00e9bordante d&rsquo;histoire et de culture. Son design color\u00e9 pr\u00e9sente des mosa\u00efques qui \u00e9voquent la c\u00e9l\u00e8bre tradition artistique de la r\u00e9gion. Sur l&rsquo;une des faces, on remarque des illustrations embl\u00e9matiques comme la majestueuse Giralda, symbole incontest\u00e9 du patrimoine s\u00e9villan, ainsi que les traditionnelles cal\u00e8ches qui parcourent les rues de la ville, capturant l&rsquo;essence andalouse.<\/p>\n<p>Le porte-cl\u00e9s est fabriqu\u00e9 en bois de haute qualit\u00e9, ce qui garantit sa durabilit\u00e9 et sa r\u00e9sistance. Sa finition souligne les d\u00e9tails artistiques, transformant une simple lettre en une expression de la riche culture s\u00e9villane. Chaque mosa\u00efque est soigneusement peinte, ce qui ajoute une touche d&rsquo;originalit\u00e9 et de joie \u00e0 ce souvenir, en faisant un accessoire fonctionnel qui rend hommage \u00e0 la beaut\u00e9 de S\u00e9ville.<\/p>\n<p>Id\u00e9al pour les touristes \u00e0 la recherche d&rsquo;un souvenir significatif et authentique de leur visite, ce porte-cl\u00e9s est une excellente option pour les boutiques de cadeaux touristiques. Chez Ol\u00e9 Mosaic, nous nous sp\u00e9cialisons dans la distribution de souvenirs en gros, offrant des produits qui refl\u00e8tent l&rsquo;essence culturelle de l&rsquo;Espagne. Ce porte-cl\u00e9s de S\u00e9ville n&rsquo;est pas seulement un objet utile, mais aussi un morceau d&rsquo;art portable que les visiteurs adoreront comme souvenir de leur exp\u00e9rience dans cette ville andalouse embl\u00e9matique.<\/p>\n","protected":false},"excerpt":{"rendered":"<p>Porte-cl\u00e9s en bois en forme de lettre Z, d\u00e9cor\u00e9 de mosa\u00efques color\u00e9es \u00e9voquant la culture s\u00e9villane. Ce porte-cl\u00e9s attrayant pr\u00e9sente des illustrations caract\u00e9ristiques de la ville, telles que la Giralda et les traditionnelles cal\u00e8ches, le tout dans un style vibrant et riche en d\u00e9tails. Id\u00e9al pour se souvenir de votre visite dans cette ville andalouse embl\u00e9matique, il allie fonctionnalit\u00e9 et design artistique qui se distingue par son originalit\u00e9 et ses couleurs.<\/p>\n","protected":false},"featured_media":10910,"template":"","meta":{"_acf_changed":false},"product_brand":[],"product_cat":[607],"product_tag":[530,614],"class_list":{"0":"post-31840","1":"product","2":"type-product","3":"status-publish","4":"has-post-thumbnail","6":"product_cat-porte-cles","7":"product_tag-animaux","8":"product_tag-lettres","9":"pa_ciudad-sevilla","10":"pa_motivo-lettre-z","11":"pa_pais-espana","13":"first","14":"instock","15":"shipping-taxable","16":"product-type-simple"},"acf":[],"_links":{"self":[{"href":"https:\/\/olemosaic.com\/fr\/wp-json\/wp\/v2\/product\/31840","targetHints":{"allow":["GET"]}}],"collection":[{"href":"https:\/\/olemosaic.com\/fr\/wp-json\/wp\/v2\/product"}],"about":[{"href":"https:\/\/olemosaic.com\/fr\/wp-json\/wp\/v2\/types\/product"}],"wp:featuredmedia":[{"embeddable":true,"href":"https:\/\/olemosaic.com\/fr\/wp-json\/wp\/v2\/media\/10910"}],"wp:attachment":[{"href":"https:\/\/olemosaic.com\/fr\/wp-json\/wp\/v2\/media?parent=31840"}],"wp:term":[{"taxonomy":"product_brand","embeddable":true,"href":"https:\/\/olemosaic.com\/fr\/wp-json\/wp\/v2\/product_brand?post=31840"},{"taxonomy":"product_cat","embeddable":true,"href":"https:\/\/olemosaic.com\/fr\/wp-json\/wp\/v2\/product_cat?post=31840"},{"taxonomy":"product_tag","embeddable":true,"href":"https:\/\/olemosaic.com\/fr\/wp-json\/wp\/v2\/product_tag?post=31840"}],"curies":[{"name":"wp","href":"https:\/\/api.w.org\/{rel}","templated":true}]}}