{"id":31839,"date":"2025-02-20T23:33:41","date_gmt":"2025-02-20T22:33:41","guid":{"rendered":"http:\/\/olemosaic.com\/producto\/llavero-de-madera-letra-z-2\/"},"modified":"2025-07-25T18:43:25","modified_gmt":"2025-07-25T16:43:25","slug":"porte-cles-en-bois-lettre-z-2","status":"publish","type":"product","link":"https:\/\/olemosaic.com\/fr\/produit\/porte-cles-en-bois-lettre-z-2\/","title":{"rendered":"Porte-cl\u00e9s en bois. Lettre Z. Azulejos."},"content":{"rendered":"<p>Ce porte-cl\u00e9s en bois en forme de lettre Z est un souvenir charmant qui capture l&rsquo;essence de l&rsquo;artisanat traditionnel espagnol. D\u00e9cor\u00e9 d&rsquo;azulejos color\u00e9s, cet accessoire c\u00e9l\u00e8bre l&rsquo;histoire vibrante de la c\u00e9ramique espagnole, connue pour ses motifs complexes et ses couleurs riches. Les motifs floraux qui ornent la lettre Z pr\u00e9sentent une palette de tons rouges, bleus et jaunes, \u00e9voquant un m\u00e9lange sensationnel qui est non seulement visuellement attrayant, mais refl\u00e8te \u00e9galement la chaleur et la joie de la culture espagnole.<\/p>\n<p>Avec une finition polie et un design alliant fonctionnalit\u00e9 et art, ce porte-cl\u00e9s est parfait pour personnaliser vos cl\u00e9s ou comme cadeau original qui ravira \u00e0 coup s\u00fbr celui qui le recevra. Sa connexion culturelle avec l&rsquo;artisanat et le folklore local en fait un souvenir repr\u00e9sentatif de l&rsquo;Espagne, id\u00e9al pour les touristes cherchant \u00e0 emporter chez eux un morceau de son riche h\u00e9ritage. Chez Ol\u00e9 Mosaic, sp\u00e9cialis\u00e9 dans la distribution de souvenirs en gros, nous garantissons l&rsquo;authenticit\u00e9 et la qualit\u00e9 de chaque produit, assurant que ce porte-cl\u00e9s soit une excellente option pour les boutiques de cadeaux touristiques cherchant \u00e0 proposer des articles singuliers et de grande valeur culturelle.<\/p>\n","protected":false},"excerpt":{"rendered":"<p>Porte-cl\u00e9s en bois en forme de lettre Z, d\u00e9cor\u00e9 d&rsquo;azulejos color\u00e9s \u00e9voquant la tradition artisanale espagnole. Ce porte-cl\u00e9s distinctif pr\u00e9sente un m\u00e9lange de motifs floraux dans les tons rouges, bleus et jaunes, refl\u00e9tant un style vibrant et joyeux. Id\u00e9al pour personnaliser vos cl\u00e9s, cet accessoire allie fonctionnalit\u00e9 et art dans un design qui c\u00e9l\u00e8bre la richesse culturelle de la c\u00e9ramique espagnole. Parfait comme souvenir ou cadeau original.<\/p>\n","protected":false},"featured_media":9616,"template":"","meta":{"_acf_changed":false},"product_brand":[],"product_cat":[607],"product_tag":[614],"class_list":{"0":"post-31839","1":"product","2":"type-product","3":"status-publish","4":"has-post-thumbnail","6":"product_cat-porte-cles","7":"product_tag-lettres","8":"pa_motivo-lettre-z","10":"first","11":"instock","12":"shipping-taxable","13":"product-type-simple"},"acf":[],"_links":{"self":[{"href":"https:\/\/olemosaic.com\/fr\/wp-json\/wp\/v2\/product\/31839","targetHints":{"allow":["GET"]}}],"collection":[{"href":"https:\/\/olemosaic.com\/fr\/wp-json\/wp\/v2\/product"}],"about":[{"href":"https:\/\/olemosaic.com\/fr\/wp-json\/wp\/v2\/types\/product"}],"wp:featuredmedia":[{"embeddable":true,"href":"https:\/\/olemosaic.com\/fr\/wp-json\/wp\/v2\/media\/9616"}],"wp:attachment":[{"href":"https:\/\/olemosaic.com\/fr\/wp-json\/wp\/v2\/media?parent=31839"}],"wp:term":[{"taxonomy":"product_brand","embeddable":true,"href":"https:\/\/olemosaic.com\/fr\/wp-json\/wp\/v2\/product_brand?post=31839"},{"taxonomy":"product_cat","embeddable":true,"href":"https:\/\/olemosaic.com\/fr\/wp-json\/wp\/v2\/product_cat?post=31839"},{"taxonomy":"product_tag","embeddable":true,"href":"https:\/\/olemosaic.com\/fr\/wp-json\/wp\/v2\/product_tag?post=31839"}],"curies":[{"name":"wp","href":"https:\/\/api.w.org\/{rel}","templated":true}]}}