{"id":31838,"date":"2025-02-20T23:33:41","date_gmt":"2025-02-20T22:33:41","guid":{"rendered":"http:\/\/olemosaic.com\/producto\/llavero-de-madera-letra-z-barcelona-2\/"},"modified":"2025-07-25T18:43:25","modified_gmt":"2025-07-25T16:43:25","slug":"porte-cles-en-bois-lettre-z-barcelone-2","status":"publish","type":"product","link":"https:\/\/olemosaic.com\/fr\/produit\/porte-cles-en-bois-lettre-z-barcelone-2\/","title":{"rendered":"Porte-cl\u00e9s en bois. Lettre Z. Sagrada Familia. Barcelone."},"content":{"rendered":"<p>Ce porte-cl\u00e9s en bois en forme de lettre Z est le souvenir parfait pour ceux qui souhaitent emporter un morceau de l&rsquo;\u00e9nergie vibrante de Barcelone n&rsquo;importe o\u00f9. Son design met en avant des \u00e9l\u00e9ments embl\u00e9matiques de la Sagrada Familia, un monument c\u00e9l\u00e8bre de la ville, connu pour son architecture unique et ses mosa\u00efques color\u00e9es. La lettre Z pr\u00e9sente une finition avec un contour noir, qui rehausse la peinture en rouge, jaune et bleu, \u00e9voquant la palette de couleurs caract\u00e9risant les \u0153uvres d&rsquo;Antoni Gaud\u00ed.<\/p>\n<p>Le porte-cl\u00e9s n&rsquo;est pas seulement un accessoire pratique, il sert \u00e9galement d&rsquo;\u0153uvre d&rsquo;art portable, repr\u00e9sentant l&rsquo;art moderne et la riche culture catalane. Des tours de la Sagrada Familia, qui s&rsquo;\u00e9l\u00e8vent majestueusement, \u00e0 la d\u00e9coration vibrante qui orne la construction, ce porte-cl\u00e9s capture l&rsquo;essence de Barcelone dans un design \u00e9l\u00e9gant et fonctionnel.<\/p>\n<p>Id\u00e9al pour les touristes \u00e0 la recherche de souvenirs authentiques refl\u00e9tant l&rsquo;h\u00e9ritage culturel de la ville, ce porte-cl\u00e9s en bois est un choix attrayant pour les boutiques de cadeaux touristiques. Chez Ol\u00e9 Mosaic, nous nous sp\u00e9cialisons dans la distribution de souvenirs en gros, garantissant que chaque pi\u00e8ce est repr\u00e9sentative et de qualit\u00e9. Ce porte-cl\u00e9s n&rsquo;est pas seulement un souvenir parfait de Barcelone, mais aussi une excellente fa\u00e7on d&#8217;emporter avec soi un fragment de l&rsquo;histoire et de l&rsquo;art de cette belle ville.<\/p>\n","protected":false},"excerpt":{"rendered":"<p>Porte-cl\u00e9s en bois en forme de lettre Z, inspir\u00e9 par Barcelone. Ce porte-cl\u00e9s attrayant pr\u00e9sente un design vibrant incluant des \u00e9l\u00e9ments embl\u00e9matiques de la Sagrada Familia, avec ses d\u00e9tails architecturaux color\u00e9s et ses mosa\u00efques. La lettre Z est accentu\u00e9e par un contour noir qui fait ressortir la peinture en rouge, jaune et bleu. Id\u00e9al pour emporter un souvenir de la ville et de son art moderne, ce porte-cl\u00e9s est un accessoire pratique et d\u00e9coratif.<\/p>\n","protected":false},"featured_media":10511,"template":"","meta":{"_acf_changed":false},"product_brand":[],"product_cat":[607],"product_tag":[614],"class_list":{"0":"post-31838","1":"product","2":"type-product","3":"status-publish","4":"has-post-thumbnail","6":"product_cat-porte-cles","7":"product_tag-lettres","8":"pa_ciudad-barcelona","9":"pa_motivo-lettre-z","10":"pa_pais-espana","12":"first","13":"instock","14":"shipping-taxable","15":"product-type-simple"},"acf":[],"_links":{"self":[{"href":"https:\/\/olemosaic.com\/fr\/wp-json\/wp\/v2\/product\/31838","targetHints":{"allow":["GET"]}}],"collection":[{"href":"https:\/\/olemosaic.com\/fr\/wp-json\/wp\/v2\/product"}],"about":[{"href":"https:\/\/olemosaic.com\/fr\/wp-json\/wp\/v2\/types\/product"}],"wp:featuredmedia":[{"embeddable":true,"href":"https:\/\/olemosaic.com\/fr\/wp-json\/wp\/v2\/media\/10511"}],"wp:attachment":[{"href":"https:\/\/olemosaic.com\/fr\/wp-json\/wp\/v2\/media?parent=31838"}],"wp:term":[{"taxonomy":"product_brand","embeddable":true,"href":"https:\/\/olemosaic.com\/fr\/wp-json\/wp\/v2\/product_brand?post=31838"},{"taxonomy":"product_cat","embeddable":true,"href":"https:\/\/olemosaic.com\/fr\/wp-json\/wp\/v2\/product_cat?post=31838"},{"taxonomy":"product_tag","embeddable":true,"href":"https:\/\/olemosaic.com\/fr\/wp-json\/wp\/v2\/product_tag?post=31838"}],"curies":[{"name":"wp","href":"https:\/\/api.w.org\/{rel}","templated":true}]}}