{"id":31837,"date":"2025-02-20T23:33:40","date_gmt":"2025-02-20T22:33:40","guid":{"rendered":"http:\/\/olemosaic.com\/producto\/llavero-de-madera-letra-y-barcelona-2\/"},"modified":"2025-07-25T18:49:12","modified_gmt":"2025-07-25T16:49:12","slug":"porte-cles-en-bois-lettre-y-barcelone-2","status":"publish","type":"product","link":"https:\/\/olemosaic.com\/fr\/produit\/porte-cles-en-bois-lettre-y-barcelone-2\/","title":{"rendered":"Porte-cl\u00e9s en bois. Lettre Y. Sagrada Familia. Barcelone."},"content":{"rendered":"<p>Ce porte-cl\u00e9s en bois en forme de lettre Y est un souvenir qui rend hommage \u00e0 l&#8217;embl\u00e9matique ville de Barcelone, une pi\u00e8ce parfaite pour ceux qui souhaitent emporter avec eux un petit morceau de cette ville vibrante. Son design color\u00e9 met en avant les tours iconiques de la Sagrada Familia, chef-d&rsquo;\u0153uvre de l&rsquo;architecte Antoni Gaud\u00ed et symbole incontestable du modernisme catalan. Les tons vibrants de rouge, bleu et vert, sur un fond blanc \u00e0 texture de mosa\u00efque, \u00e9voquent la riche tradition artistique de Barcelone, faisant de ce porte-cl\u00e9s une repr\u00e9sentation unique de la culture catalane.<\/p>\n<p>Le porte-cl\u00e9s, fabriqu\u00e9 en bois, n&rsquo;est pas seulement pratique pour transporter les cl\u00e9s, mais il est \u00e9galement attrayant visuellement, capturant l&rsquo;essence de la ville et son architecture impressionnante. Chaque d\u00e9tail du design a \u00e9t\u00e9 soigneusement pens\u00e9, aboutissant \u00e0 une pi\u00e8ce qui allie fonctionnalit\u00e9 et une forte composante artistique. Ce souvenir est id\u00e9al pour les touristes \u00e0 la recherche de souvenirs authentiques et significatifs de leur visite \u00e0 Barcelone.<\/p>\n<p>Chez Ol\u00e9 Mosaic, nous distribuons des souvenirs de qualit\u00e9 en gros, et ce porte-cl\u00e9s en bois est une excellente option pour les boutiques de cadeaux touristiques souhaitant proposer des produits c\u00e9l\u00e9brant l&rsquo;h\u00e9ritage culturel de Barcelone. En tant que grossistes de porte-cl\u00e9s, nous garantissons l&rsquo;authenticit\u00e9 et un design attrayant qui ravira tous les visiteurs \u00e0 la recherche d&rsquo;un souvenir repr\u00e9sentatif.<\/p>\n","protected":false},"excerpt":{"rendered":"<p>Porte-cl\u00e9s en bois en forme de lettre Y, inspir\u00e9 par l&#8217;embl\u00e9matique ville de Barcelone. Ce design color\u00e9 pr\u00e9sente les tours de la Sagrada Familia et des \u00e9l\u00e9ments iconiques du modernisme catalan, mettant en valeur des d\u00e9tails vibrants en rouge, bleu et vert sur un fond blanc \u00e0 texture de mosa\u00efque. Un souvenir id\u00e9al qui combine fonctionnalit\u00e9 et attrait visuel, capturant l&rsquo;essence de l&rsquo;architecture et de l&rsquo;art de Barcelone.<\/p>\n","protected":false},"featured_media":10536,"template":"","meta":{"_acf_changed":false},"product_brand":[],"product_cat":[607],"product_tag":[614],"class_list":{"0":"post-31837","1":"product","2":"type-product","3":"status-publish","4":"has-post-thumbnail","6":"product_cat-porte-cles","7":"product_tag-lettres","8":"pa_ciudad-barcelona","9":"pa_motivo-lettre-y","10":"pa_pais-espana","12":"first","13":"instock","14":"shipping-taxable","15":"product-type-simple"},"acf":[],"_links":{"self":[{"href":"https:\/\/olemosaic.com\/fr\/wp-json\/wp\/v2\/product\/31837","targetHints":{"allow":["GET"]}}],"collection":[{"href":"https:\/\/olemosaic.com\/fr\/wp-json\/wp\/v2\/product"}],"about":[{"href":"https:\/\/olemosaic.com\/fr\/wp-json\/wp\/v2\/types\/product"}],"wp:featuredmedia":[{"embeddable":true,"href":"https:\/\/olemosaic.com\/fr\/wp-json\/wp\/v2\/media\/10536"}],"wp:attachment":[{"href":"https:\/\/olemosaic.com\/fr\/wp-json\/wp\/v2\/media?parent=31837"}],"wp:term":[{"taxonomy":"product_brand","embeddable":true,"href":"https:\/\/olemosaic.com\/fr\/wp-json\/wp\/v2\/product_brand?post=31837"},{"taxonomy":"product_cat","embeddable":true,"href":"https:\/\/olemosaic.com\/fr\/wp-json\/wp\/v2\/product_cat?post=31837"},{"taxonomy":"product_tag","embeddable":true,"href":"https:\/\/olemosaic.com\/fr\/wp-json\/wp\/v2\/product_tag?post=31837"}],"curies":[{"name":"wp","href":"https:\/\/api.w.org\/{rel}","templated":true}]}}