{"id":31836,"date":"2025-02-20T23:33:40","date_gmt":"2025-02-20T22:33:40","guid":{"rendered":"http:\/\/olemosaic.com\/producto\/llavero-de-madera-letra-y-valencia\/"},"modified":"2025-07-25T18:47:52","modified_gmt":"2025-07-25T16:47:52","slug":"porte-cles-en-bois-lettre-y-valence","status":"publish","type":"product","link":"https:\/\/olemosaic.com\/fr\/produit\/porte-cles-en-bois-lettre-y-valence\/","title":{"rendered":"Porte-cl\u00e9s en bois. Lettre Y. Valence."},"content":{"rendered":"<p>Ce porte-cl\u00e9s en bois en forme de lettre Y est un hommage vibrant \u00e0 la magnifique ville de Valence. Avec un design color\u00e9 et contemporain, ce porte-cl\u00e9s capture l&rsquo;essence de l&rsquo;architecture embl\u00e9matique de Valence, mettant en avant les mosa\u00efques caract\u00e9ristiques qui ornent ses monuments les plus c\u00e9l\u00e8bres. La lettre Y, fabriqu\u00e9e en bois de haute qualit\u00e9, pr\u00e9sente une finition brillante qui souligne les nuances des carreaux color\u00e9s et les d\u00e9tails architecturaux, refl\u00e9tant une fusion parfaite entre art et fonctionnalit\u00e9.<\/p>\n<p>Chaque c\u00f4t\u00e9 du porte-cl\u00e9s montre une interpr\u00e9tation unique de la singularit\u00e9 de Valence, incluant des repr\u00e9sentations de la Cit\u00e9 des Arts et des Sciences et de la Cath\u00e9drale de Valence. Ces illustrations ne servent pas seulement de rappel tangible de la richesse culturelle de la r\u00e9gion, mais permettent \u00e9galement \u00e0 ceux qui le portent d&#8217;emporter un morceau de Valence partout o\u00f9 ils vont. Ce porte-cl\u00e9s est un souvenir id\u00e9al pour ceux qui cherchent \u00e0 se souvenir de leur visite dans cette charmante ville m\u00e9diterran\u00e9enne, constituant une excellente option pour les touristes et les amateurs de culture.<\/p>\n<p>Chez Ol\u00e9 Mosaic, nous nous sp\u00e9cialisons dans la distribution de souvenirs en gros, offrant ce porte-cl\u00e9s de Valence comme une pi\u00e8ce authentique et repr\u00e9sentative de la tradition locale. Parfait pour les boutiques de cadeaux touristiques \u00e0 la recherche de produits uniques capturant l&rsquo;essence de leurs destinations. En tant que grossistes de souvenirs, nous garantissons la qualit\u00e9 et l&rsquo;authenticit\u00e9 de chacun de nos articles, faisant de ce porte-cl\u00e9s un choix id\u00e9al pour ceux qui souhaitent emporter un symbole de leur exp\u00e9rience \u00e0 Valence.<\/p>\n","protected":false},"excerpt":{"rendered":"<p>Porte-cl\u00e9s en bois en forme de lettre Y, inspir\u00e9 par la ville de Valence. Ce porte-cl\u00e9s accrocheur pr\u00e9sente un design color\u00e9 qui met en valeur l&rsquo;architecture embl\u00e9matique de la ville, incluant des mosa\u00efques caract\u00e9ristiques et des d\u00e9tails de ses monuments les plus c\u00e9l\u00e8bres. Avec une finition brillante et un style contemporain, c&rsquo;est un souvenir parfait qui combine l&rsquo;\u00e9l\u00e9gance de l&rsquo;art valencien avec la fonctionnalit\u00e9 d&rsquo;un porte-cl\u00e9s pratique. Id\u00e9al pour ceux qui souhaitent emporter un morceau de Valence avec eux.<\/p>\n","protected":false},"featured_media":10883,"template":"","meta":{"_acf_changed":false},"product_brand":[],"product_cat":[607],"product_tag":[614],"class_list":{"0":"post-31836","1":"product","2":"type-product","3":"status-publish","4":"has-post-thumbnail","6":"product_cat-porte-cles","7":"product_tag-lettres","8":"pa_ciudad-valencia","9":"pa_motivo-lettre-y","10":"pa_pais-espana","12":"first","13":"instock","14":"shipping-taxable","15":"product-type-simple"},"acf":[],"_links":{"self":[{"href":"https:\/\/olemosaic.com\/fr\/wp-json\/wp\/v2\/product\/31836","targetHints":{"allow":["GET"]}}],"collection":[{"href":"https:\/\/olemosaic.com\/fr\/wp-json\/wp\/v2\/product"}],"about":[{"href":"https:\/\/olemosaic.com\/fr\/wp-json\/wp\/v2\/types\/product"}],"wp:featuredmedia":[{"embeddable":true,"href":"https:\/\/olemosaic.com\/fr\/wp-json\/wp\/v2\/media\/10883"}],"wp:attachment":[{"href":"https:\/\/olemosaic.com\/fr\/wp-json\/wp\/v2\/media?parent=31836"}],"wp:term":[{"taxonomy":"product_brand","embeddable":true,"href":"https:\/\/olemosaic.com\/fr\/wp-json\/wp\/v2\/product_brand?post=31836"},{"taxonomy":"product_cat","embeddable":true,"href":"https:\/\/olemosaic.com\/fr\/wp-json\/wp\/v2\/product_cat?post=31836"},{"taxonomy":"product_tag","embeddable":true,"href":"https:\/\/olemosaic.com\/fr\/wp-json\/wp\/v2\/product_tag?post=31836"}],"curies":[{"name":"wp","href":"https:\/\/api.w.org\/{rel}","templated":true}]}}