{"id":31834,"date":"2025-02-20T23:33:40","date_gmt":"2025-02-20T22:33:40","guid":{"rendered":"http:\/\/olemosaic.com\/producto\/llavero-de-madera-letra-x-barcelona-2\/"},"modified":"2025-07-25T19:33:23","modified_gmt":"2025-07-25T17:33:23","slug":"porte-cles-en-bois-lettre-x-barcelone","status":"publish","type":"product","link":"https:\/\/olemosaic.com\/fr\/produit\/porte-cles-en-bois-lettre-x-barcelone\/","title":{"rendered":"Porte-cl\u00e9s en bois. Lettre X. Barcelone."},"content":{"rendered":"<p>Ce porte-cl\u00e9s en bois en forme de lettre X est un magnifique souvenir de la ville vibrante de Barcelone. Con\u00e7u avec un style unique et peint \u00e0 la main, il pr\u00e9sente l&#8217;embl\u00e9matique Sagrada Familia, l&rsquo;un des chefs-d&rsquo;\u0153uvre de l&rsquo;architecte Antoni Gaud\u00ed, dans une palette de couleurs \u00e9clatantes comprenant des tons rouges et jaunes, \u00e9voquant les couchers de soleil sur la ville. Les d\u00e9tails graphiques de l&rsquo;architecture moderniste de Gaud\u00ed, compl\u00e9t\u00e9s par des \u00e9l\u00e9ments color\u00e9s repr\u00e9sentant la culture catalane, font de cet accessoire une v\u00e9ritable \u0153uvre d&rsquo;art portable.<\/p>\n<p>La finition brillante souligne les nuances de chaque couleur et le design de la lettre X ajoute une touche contemporaine et dynamique, id\u00e9ale pour distinguer vos cl\u00e9s. Ce porte-cl\u00e9s n&rsquo;est pas seulement pratique, il capture \u00e9galement l&rsquo;essence de Barcelone, devenant un souvenir parfait pour ceux qui souhaitent emporter un morceau de la ville avec eux. Chez Ol\u00e9 Mosaic, nous nous sp\u00e9cialisons dans la distribution de souvenirs en gros, et ce porte-cl\u00e9s repr\u00e9sente l&rsquo;authenticit\u00e9 et la richesse culturelle de Barcelone, constituant une excellente option pour les boutiques de cadeaux touristiques. En tant que grossistes de souvenirs, nous garantissons des produits qui c\u00e9l\u00e8brent l&rsquo;h\u00e9ritage espagnol, faisant de chaque porte-cl\u00e9s un choix attrayant pour les visiteurs d\u00e9sireux de se souvenir de leur exp\u00e9rience dans cette ville merveilleuse.<\/p>\n","protected":false},"excerpt":{"rendered":"<p>Porte-cl\u00e9s en bois en forme de lettre X, inspir\u00e9 par la ville vibrante de Barcelone. Ce porte-cl\u00e9s accrocheur pr\u00e9sente un design artisanal, peint \u00e0 la main, avec l&rsquo;iconique Sagrada Familia dans des tons rouges et jaunes, ainsi que des \u00e9l\u00e9ments color\u00e9s \u00e9voquant l&rsquo;architecture moderniste de Gaud\u00ed. Avec une finition brillante et des d\u00e9tails graphiques de la culture catalane, cet accessoire est parfait pour se souvenir de votre visite \u00e0 Barcelone et ajouter une touche artistique \u00e0 vos cl\u00e9s.<\/p>\n","protected":false},"featured_media":10535,"template":"","meta":{"_acf_changed":false},"product_brand":[],"product_cat":[607],"product_tag":[614],"class_list":{"0":"post-31834","1":"product","2":"type-product","3":"status-publish","4":"has-post-thumbnail","6":"product_cat-porte-cles","7":"product_tag-lettres","8":"pa_ciudad-barcelona","9":"pa_motivo-lettre-x","10":"pa_pais-espana","12":"first","13":"instock","14":"shipping-taxable","15":"product-type-simple"},"acf":[],"_links":{"self":[{"href":"https:\/\/olemosaic.com\/fr\/wp-json\/wp\/v2\/product\/31834","targetHints":{"allow":["GET"]}}],"collection":[{"href":"https:\/\/olemosaic.com\/fr\/wp-json\/wp\/v2\/product"}],"about":[{"href":"https:\/\/olemosaic.com\/fr\/wp-json\/wp\/v2\/types\/product"}],"wp:featuredmedia":[{"embeddable":true,"href":"https:\/\/olemosaic.com\/fr\/wp-json\/wp\/v2\/media\/10535"}],"wp:attachment":[{"href":"https:\/\/olemosaic.com\/fr\/wp-json\/wp\/v2\/media?parent=31834"}],"wp:term":[{"taxonomy":"product_brand","embeddable":true,"href":"https:\/\/olemosaic.com\/fr\/wp-json\/wp\/v2\/product_brand?post=31834"},{"taxonomy":"product_cat","embeddable":true,"href":"https:\/\/olemosaic.com\/fr\/wp-json\/wp\/v2\/product_cat?post=31834"},{"taxonomy":"product_tag","embeddable":true,"href":"https:\/\/olemosaic.com\/fr\/wp-json\/wp\/v2\/product_tag?post=31834"}],"curies":[{"name":"wp","href":"https:\/\/api.w.org\/{rel}","templated":true}]}}