{"id":31832,"date":"2025-02-20T23:33:40","date_gmt":"2025-02-20T22:33:40","guid":{"rendered":"http:\/\/olemosaic.com\/producto\/llavero-de-madera-letra-v-2\/"},"modified":"2025-07-25T19:53:55","modified_gmt":"2025-07-25T17:53:55","slug":"porte-cles-en-bois-lettre-v-2","status":"publish","type":"product","link":"https:\/\/olemosaic.com\/fr\/produit\/porte-cles-en-bois-lettre-v-2\/","title":{"rendered":"Porte-cl\u00e9s en bois. Lettre V. Azulejos."},"content":{"rendered":"<p>Ce porte-cl\u00e9s en bois en forme de lettre V est un souvenir authentique qui capture l&rsquo;essence vibrante de la culture espagnole. Avec un design d&rsquo;azulejos rappelant les mosa\u00efques traditionnelles de la P\u00e9ninsule, ce porte-cl\u00e9s pr\u00e9sente un d\u00e9ploiement attrayant de couleurs \u00e9clatantes, telles que le rouge, le bleu, le jaune et le noir. Chaque couleur met en valeur les filigranes complexes et les motifs typiques de l&rsquo;artisanat espagnol, \u00e9voquant le riche h\u00e9ritage artistique des places et des palais.<\/p>\n<p>Fabriqu\u00e9 en bois de haute qualit\u00e9, ce porte-cl\u00e9s est l\u00e9ger mais r\u00e9sistant, ce qui en fait un accessoire utile et durable. La forme distinctive en lettre V est non seulement unique, mais elle permet \u00e9galement de personnaliser le souvenir, en faisant un cadeau parfait pour ceux dont le nom commence par cette lettre. La combinaison de l&rsquo;\u00e9l\u00e9gance du design et de la connexion culturelle avec les traditions espagnoles fait de ce porte-cl\u00e9s un objet singulier.<\/p>\n<p>En tant que distributeurs de souvenirs en gros chez Ol\u00e9 Mosaic, nous proposons ce porte-cl\u00e9s comme une merveilleuse option pour les boutiques de cadeaux touristiques \u00e0 la recherche de produits authentiques et porteurs de sens culturel. Ce porte-cl\u00e9s en bois est un excellent rappel des exp\u00e9riences v\u00e9cues en Espagne et un d\u00e9tail id\u00e9al pour ceux qui souhaitent emporter avec eux un morceau de la culture espagnole.<\/p>\n","protected":false},"excerpt":{"rendered":"<p>Porte-cl\u00e9s en bois en forme de lettre V, d\u00e9cor\u00e9 d&rsquo;un design vibrant d&rsquo;azulejos inspir\u00e9s de la culture espagnole. Ce porte-cl\u00e9s pr\u00e9sente une combinaison de couleurs vives comme le rouge, le bleu, le jaune et le noir, qui font ressortir les filigranes complexes et les motifs typiques des mosa\u00efques espagnoles. Sa forme distinctive et sa finition en bois en font un souvenir unique, id\u00e9al pour emporter l&rsquo;essence de l&rsquo;Espagne partout o\u00f9 vous allez.<\/p>\n","protected":false},"featured_media":9612,"template":"","meta":{"_acf_changed":false},"product_brand":[],"product_cat":[607],"product_tag":[614],"class_list":{"0":"post-31832","1":"product","2":"type-product","3":"status-publish","4":"has-post-thumbnail","6":"product_cat-porte-cles","7":"product_tag-lettres","8":"pa_motivo-lettre-v","10":"first","11":"instock","12":"shipping-taxable","13":"product-type-simple"},"acf":[],"_links":{"self":[{"href":"https:\/\/olemosaic.com\/fr\/wp-json\/wp\/v2\/product\/31832","targetHints":{"allow":["GET"]}}],"collection":[{"href":"https:\/\/olemosaic.com\/fr\/wp-json\/wp\/v2\/product"}],"about":[{"href":"https:\/\/olemosaic.com\/fr\/wp-json\/wp\/v2\/types\/product"}],"wp:featuredmedia":[{"embeddable":true,"href":"https:\/\/olemosaic.com\/fr\/wp-json\/wp\/v2\/media\/9612"}],"wp:attachment":[{"href":"https:\/\/olemosaic.com\/fr\/wp-json\/wp\/v2\/media?parent=31832"}],"wp:term":[{"taxonomy":"product_brand","embeddable":true,"href":"https:\/\/olemosaic.com\/fr\/wp-json\/wp\/v2\/product_brand?post=31832"},{"taxonomy":"product_cat","embeddable":true,"href":"https:\/\/olemosaic.com\/fr\/wp-json\/wp\/v2\/product_cat?post=31832"},{"taxonomy":"product_tag","embeddable":true,"href":"https:\/\/olemosaic.com\/fr\/wp-json\/wp\/v2\/product_tag?post=31832"}],"curies":[{"name":"wp","href":"https:\/\/api.w.org\/{rel}","templated":true}]}}