{"id":31831,"date":"2025-02-20T23:33:39","date_gmt":"2025-02-20T22:33:39","guid":{"rendered":"http:\/\/olemosaic.com\/producto\/llavero-de-madera-letra-u-madrid\/"},"modified":"2025-07-25T19:41:28","modified_gmt":"2025-07-25T17:41:28","slug":"porte-cles-en-bois-lettre-u-madrid","status":"publish","type":"product","link":"https:\/\/olemosaic.com\/fr\/produit\/porte-cles-en-bois-lettre-u-madrid\/","title":{"rendered":"Porte-cl\u00e9s en bois. Lettre U. Madrid."},"content":{"rendered":"<p>Ce porte-cl\u00e9s en bois en forme de lettre U est un souvenir embl\u00e9matique de Madrid, id\u00e9al pour ceux qui souhaitent emporter un petit morceau de la capitale espagnole. Fabriqu\u00e9 en bois de haute qualit\u00e9, cet accessoire pratique n&rsquo;est pas seulement fonctionnel, il devient aussi une petite \u0153uvre d&rsquo;art. Le design met en avant des illustrations vibrantes de l&rsquo;horloge embl\u00e9matique de la Puerta del Sol, le c\u0153ur de Madrid, avec des couleurs vives que capturent l&rsquo;essence de la ville. Sur le porte-cl\u00e9s, un chien bleu et une femme en costume traditionnel espagnol ajoutent une touche culturelle unique, peints \u00e0 la main avec une attention m\u00e9ticuleuse aux d\u00e9tails.<\/p>\n<p>L&rsquo;utilisation d&rsquo;une palette de mosa\u00efques color\u00e9es transmet la richesse artistique et la diversit\u00e9 culturelle de la r\u00e9gion, faisant de ce porte-cl\u00e9s un souvenir parfait qui c\u00e9l\u00e8bre la vie madril\u00e8ne. Ce souvenir de Madrid est une excellente option pour les touristes cherchant \u00e0 se rem\u00e9morer leur visite de mani\u00e8re originale et significative. Chez Ol\u00e9 Mosaic, nous proposons cette pi\u00e8ce authentique et repr\u00e9sentative, garantissant que chaque porte-cl\u00e9s soit un reflet du patrimoine culturel espagnol. En tant que distributeurs de souvenirs en gros, nous assurons la qualit\u00e9 et la pertinence culturelle de chaque produit, faisant de ce porte-cl\u00e9s une excellente ressource pour les boutiques de cadeaux touristiques souhaitant offrir d&rsquo;authentiques souvenirs madril\u00e8nes.<\/p>\n","protected":false},"excerpt":{"rendered":"<p>Porte-cl\u00e9s en bois en forme de lettre U, repr\u00e9sentant un symbole embl\u00e9matique de Madrid. Cet accessoire pratique pr\u00e9sente une illustration color\u00e9e de la c\u00e9l\u00e8bre horloge de la Puerta del Sol, avec des d\u00e9tails tels qu&rsquo;un chien bleu et une femme v\u00eatue du costume traditionnel espagnol, le tout dans un design artisanal peint \u00e0 la main, inspir\u00e9 par la mosa\u00efque. Id\u00e9al pour se souvenir de votre visite dans la capitale espagnole tout en transportant vos cl\u00e9s de mani\u00e8re originale.<\/p>\n","protected":false},"featured_media":10853,"template":"","meta":{"_acf_changed":false},"product_brand":[],"product_cat":[607],"product_tag":[614],"class_list":{"0":"post-31831","1":"product","2":"type-product","3":"status-publish","4":"has-post-thumbnail","6":"product_cat-porte-cles","7":"product_tag-lettres","8":"pa_ciudad-madrid","9":"pa_motivo-lettre-u","10":"pa_pais-espana","12":"first","13":"instock","14":"shipping-taxable","15":"product-type-simple"},"acf":[],"_links":{"self":[{"href":"https:\/\/olemosaic.com\/fr\/wp-json\/wp\/v2\/product\/31831","targetHints":{"allow":["GET"]}}],"collection":[{"href":"https:\/\/olemosaic.com\/fr\/wp-json\/wp\/v2\/product"}],"about":[{"href":"https:\/\/olemosaic.com\/fr\/wp-json\/wp\/v2\/types\/product"}],"wp:featuredmedia":[{"embeddable":true,"href":"https:\/\/olemosaic.com\/fr\/wp-json\/wp\/v2\/media\/10853"}],"wp:attachment":[{"href":"https:\/\/olemosaic.com\/fr\/wp-json\/wp\/v2\/media?parent=31831"}],"wp:term":[{"taxonomy":"product_brand","embeddable":true,"href":"https:\/\/olemosaic.com\/fr\/wp-json\/wp\/v2\/product_brand?post=31831"},{"taxonomy":"product_cat","embeddable":true,"href":"https:\/\/olemosaic.com\/fr\/wp-json\/wp\/v2\/product_cat?post=31831"},{"taxonomy":"product_tag","embeddable":true,"href":"https:\/\/olemosaic.com\/fr\/wp-json\/wp\/v2\/product_tag?post=31831"}],"curies":[{"name":"wp","href":"https:\/\/api.w.org\/{rel}","templated":true}]}}