{"id":31830,"date":"2025-02-20T23:33:39","date_gmt":"2025-02-20T22:33:39","guid":{"rendered":"http:\/\/olemosaic.com\/producto\/llavero-de-madera-letra-u-sevilla\/"},"modified":"2025-07-25T19:20:13","modified_gmt":"2025-07-25T17:20:13","slug":"porte-cles-en-bois-lettre-u-seville","status":"publish","type":"product","link":"https:\/\/olemosaic.com\/fr\/produit\/porte-cles-en-bois-lettre-u-seville\/","title":{"rendered":"Porte-cl\u00e9s en bois. Lettre U. S\u00e9ville."},"content":{"rendered":"<p>Ce porte-cl\u00e9s en bois en forme de lettre U est un charmant souvenir inspir\u00e9 par la ville vibrante de S\u00e9ville. Con\u00e7u dans un style color\u00e9 et joyeux, le porte-cl\u00e9s pr\u00e9sente des illustrations embl\u00e9matiques de la c\u00e9l\u00e8bre Giralda, compl\u00e9t\u00e9es par des \u00e9l\u00e9ments caract\u00e9ristiques de la ville tels que des cal\u00e8ches et des palmiers. La technique de mosa\u00efque utilis\u00e9e pour sa peinture \u00e0 la main souligne les tons vifs de rouge, jaune et bleu, \u00e9voquant l&rsquo;esprit andalou et la riche culture s\u00e9villane. Chaque c\u00f4t\u00e9 du porte-cl\u00e9s offre une vue diff\u00e9rente, permettant aux touristes de profiter de divers aspects de la ville en un seul objet.<\/p>\n<p>Ce porte-cl\u00e9s n&rsquo;est pas seulement pratique pour organiser les cl\u00e9s, il sert \u00e9galement de souvenir authentique de S\u00e9ville, id\u00e9al pour ceux qui cherchent \u00e0 emporter un morceau de l&rsquo;histoire et de l&rsquo;art de la ville. Son design original et sa connexion culturelle en font une excellente option pour les boutiques de cadeaux touristiques souhaitant offrir des souvenirs significatifs \u00e0 leurs clients. Chez Ol\u00e9 Mosaic, nous sommes fiers de distribuer des souvenirs de S\u00e9ville qui capturent l&rsquo;essence de la r\u00e9gion, et ce porte-cl\u00e9s est un exemple parfait de notre collection d&rsquo;articles artisanaux.<\/p>\n","protected":false},"excerpt":{"rendered":"<p>Porte-cl\u00e9s en bois en forme de lettre U, inspir\u00e9 par les charmes de S\u00e9ville. Ce porte-cl\u00e9s pr\u00e9sente un design color\u00e9 et vibrant, avec des illustrations de la c\u00e9l\u00e8bre Giralda et des \u00e9l\u00e9ments typiques de la ville, comme les cal\u00e8ches et les palmiers. Peint dans un style artisanal avec des techniques de mosa\u00efque qui mettent en valeur les tons rouges, jaunes et bleus, c&rsquo;est un souvenir attrayant qui \u00e9voque l&rsquo;esprit andalou et la riche culture s\u00e9villane.<\/p>\n","protected":false},"featured_media":10905,"template":"","meta":{"_acf_changed":false},"product_brand":[],"product_cat":[607],"product_tag":[530,614],"class_list":{"0":"post-31830","1":"product","2":"type-product","3":"status-publish","4":"has-post-thumbnail","6":"product_cat-porte-cles","7":"product_tag-animaux","8":"product_tag-lettres","9":"pa_ciudad-sevilla","10":"pa_motivo-lettre-u","11":"pa_pais-espana","13":"first","14":"instock","15":"shipping-taxable","16":"product-type-simple"},"acf":[],"_links":{"self":[{"href":"https:\/\/olemosaic.com\/fr\/wp-json\/wp\/v2\/product\/31830","targetHints":{"allow":["GET"]}}],"collection":[{"href":"https:\/\/olemosaic.com\/fr\/wp-json\/wp\/v2\/product"}],"about":[{"href":"https:\/\/olemosaic.com\/fr\/wp-json\/wp\/v2\/types\/product"}],"wp:featuredmedia":[{"embeddable":true,"href":"https:\/\/olemosaic.com\/fr\/wp-json\/wp\/v2\/media\/10905"}],"wp:attachment":[{"href":"https:\/\/olemosaic.com\/fr\/wp-json\/wp\/v2\/media?parent=31830"}],"wp:term":[{"taxonomy":"product_brand","embeddable":true,"href":"https:\/\/olemosaic.com\/fr\/wp-json\/wp\/v2\/product_brand?post=31830"},{"taxonomy":"product_cat","embeddable":true,"href":"https:\/\/olemosaic.com\/fr\/wp-json\/wp\/v2\/product_cat?post=31830"},{"taxonomy":"product_tag","embeddable":true,"href":"https:\/\/olemosaic.com\/fr\/wp-json\/wp\/v2\/product_tag?post=31830"}],"curies":[{"name":"wp","href":"https:\/\/api.w.org\/{rel}","templated":true}]}}