{"id":31803,"date":"2025-02-20T23:33:39","date_gmt":"2025-02-20T22:33:39","guid":{"rendered":"http:\/\/olemosaic.com\/producto\/llavero-de-madera-letra-q-2\/"},"modified":"2025-07-25T18:58:28","modified_gmt":"2025-07-25T16:58:28","slug":"porte-cles-en-bois-lettre-q-2","status":"publish","type":"product","link":"https:\/\/olemosaic.com\/fr\/produit\/porte-cles-en-bois-lettre-q-2\/","title":{"rendered":"Porte-cl\u00e9s en bois. Lettre Q. Mosa\u00efque."},"content":{"rendered":"<p>Ce porte-cl\u00e9s en bois avec la lettre Q est un v\u00e9ritable bijou artisanal inspir\u00e9 par la mosa\u00efque iconique de Gaud\u00ed, connue pour son utilisation vibrante de la couleur et ses formes organiques. Il pr\u00e9sente un design captivant qui m\u00e9lange des tons vifs de rouge, bleu et vert, d\u00e9limit\u00e9s par un motif de lignes noires \u00e9voquant le c\u00e9l\u00e8bre trencad\u00eds du modernisme catalan. La lettre Q se distingue par son \u00e9l\u00e9gance et son caract\u00e8re, ce qui en fait un accessoire fonctionnel et artistique, id\u00e9al pour ceux qui souhaitent emporter un petit morceau de la culture barcelonaise avec eux.<\/p>\n<p>Le porte-cl\u00e9s n&rsquo;est pas seulement un \u00e9l\u00e9ment pratique pour organiser les cl\u00e9s, il fonctionne \u00e9galement comme un souvenir repr\u00e9sentatif de la ville, mettant en avant l&rsquo;art et l&rsquo;innovation de Gaud\u00ed. Sa finition en bois garantit la durabilit\u00e9 et une touche authentique, ce qui en fait un souvenir parfait pour les touristes souhaitant capturer l&rsquo;essence de la capitale catalane. Cet article est une excellente option pour les boutiques de cadeaux touristiques cherchant \u00e0 proposer des souvenirs de Barcelone authentiques et de qualit\u00e9. Chez Ol\u00e9 Mosaic, nous nous sp\u00e9cialisons dans la distribution de souvenirs en gros, garantissant que chaque pi\u00e8ce, comme ce porte-cl\u00e9s en bois avec la lettre Q, c\u00e9l\u00e8bre la riche tradition culturelle espagnole et son style unique.<\/p>\n","protected":false},"excerpt":{"rendered":"<p>Porte-cl\u00e9s en bois en forme de lettre Q, inspir\u00e9 par la c\u00e9l\u00e8bre mosa\u00efque de Gaud\u00ed. Ce porte-cl\u00e9s pr\u00e9sente un design color\u00e9 avec un m\u00e9lange de tons tels que le rouge, le bleu et le vert, encadr\u00e9 par un motif de lignes noires simulant le trencad\u00eds caract\u00e9ristique du modernisme. Id\u00e9al pour emporter un petit morceau de la culture barcelonaise partout o\u00f9 vous allez, il allie fonctionnalit\u00e9 et art en un seul accessoire.<\/p>\n","protected":false},"featured_media":10936,"template":"","meta":{"_acf_changed":false},"product_brand":[],"product_cat":[607],"product_tag":[614],"class_list":{"0":"post-31803","1":"product","2":"type-product","3":"status-publish","4":"has-post-thumbnail","6":"product_cat-porte-cles","7":"product_tag-lettres","8":"pa_motivo-lettre-q","10":"first","11":"instock","12":"shipping-taxable","13":"product-type-simple"},"acf":[],"_links":{"self":[{"href":"https:\/\/olemosaic.com\/fr\/wp-json\/wp\/v2\/product\/31803","targetHints":{"allow":["GET"]}}],"collection":[{"href":"https:\/\/olemosaic.com\/fr\/wp-json\/wp\/v2\/product"}],"about":[{"href":"https:\/\/olemosaic.com\/fr\/wp-json\/wp\/v2\/types\/product"}],"wp:featuredmedia":[{"embeddable":true,"href":"https:\/\/olemosaic.com\/fr\/wp-json\/wp\/v2\/media\/10936"}],"wp:attachment":[{"href":"https:\/\/olemosaic.com\/fr\/wp-json\/wp\/v2\/media?parent=31803"}],"wp:term":[{"taxonomy":"product_brand","embeddable":true,"href":"https:\/\/olemosaic.com\/fr\/wp-json\/wp\/v2\/product_brand?post=31803"},{"taxonomy":"product_cat","embeddable":true,"href":"https:\/\/olemosaic.com\/fr\/wp-json\/wp\/v2\/product_cat?post=31803"},{"taxonomy":"product_tag","embeddable":true,"href":"https:\/\/olemosaic.com\/fr\/wp-json\/wp\/v2\/product_tag?post=31803"}],"curies":[{"name":"wp","href":"https:\/\/api.w.org\/{rel}","templated":true}]}}