{"id":31802,"date":"2025-02-20T23:33:39","date_gmt":"2025-02-20T22:33:39","guid":{"rendered":"http:\/\/olemosaic.com\/producto\/llavero-de-madera-letra-q-barcelona-2\/"},"modified":"2025-07-25T18:42:48","modified_gmt":"2025-07-25T16:42:48","slug":"porte-cles-en-bois-lettre-q-barcelone-2","status":"publish","type":"product","link":"https:\/\/olemosaic.com\/fr\/produit\/porte-cles-en-bois-lettre-q-barcelone-2\/","title":{"rendered":"Porte-cl\u00e9s en bois. Lettre Q. Mosa\u00efque. Barcelone."},"content":{"rendered":"<p>Ce porte-cl\u00e9s en bois en forme de lettre Q est un hommage vibrant \u00e0 la ville embl\u00e9matique de Barcelone. Son design color\u00e9 met en avant la majestueuse Sagrada Familia, avec ses tours qui s&rsquo;\u00e9l\u00e8vent dans des tons rouges vibrants, captivant tout amateur d&rsquo;architecture. Autour d&rsquo;elle, des sc\u00e8nes \u00e9voquant la beaut\u00e9 de la ville sont pr\u00e9sent\u00e9es, incluant des mosa\u00efques brillantes et des b\u00e2timents iconiques qui constituent l&rsquo;essence du modernisme catalan. Ce porte-cl\u00e9s n&rsquo;est pas seulement fonctionnel, c&rsquo;est aussi une petite \u0153uvre d&rsquo;art ; les d\u00e9tails peints \u00e0 la main apportent une touche artistique et personnalis\u00e9e, ce qui en fait un souvenir id\u00e9al pour se rappeler la richesse culturelle de Barcelone.<\/p>\n<p>Id\u00e9al pour emporter un petit morceau de cette c\u00e9l\u00e8bre ville avec vous, ce porte-cl\u00e9s est un excellent cadeau pour ceux qui recherchent des souvenirs authentiques et repr\u00e9sentatifs de leur voyage. Chaque fois que vous l&rsquo;utiliserez, vous vous rappellerez les rues pleines de vie et l&rsquo;architecture particuli\u00e8re qui font de Barcelone une destination in\u00e9galable. Chez Ol\u00e9 Mosaic, nous sommes experts dans la distribution de souvenirs en gros, et ce porte-cl\u00e9s de la Sagrada Familia est une option parfaite pour les boutiques de cadeaux touristiques souhaitant proposer des produits qui soulignent la singularit\u00e9 de la culture espagnole. Avec son design attrayant et sa connexion culturelle, ce souvenir deviendra un favori parmi les touristes et les locaux.<\/p>\n","protected":false},"excerpt":{"rendered":"<p>Porte-cl\u00e9s en bois en forme de lettre Q, inspir\u00e9 par la ville vibrante de Barcelone. Ce design color\u00e9 pr\u00e9sente l&#8217;embl\u00e9matique Sagrada Familia avec ses tours rouge\u00e2tres, entour\u00e9e d&rsquo;\u00e9l\u00e9ments iconiques tels que des mosa\u00efques et des b\u00e2timents caract\u00e9ristiques de la ville. La finition inclut des d\u00e9tails peints \u00e0 la main qui ajoutent une touche artistique. Un souvenir id\u00e9al pour se rappeler la richesse culturelle de Barcelone et emporter un petit morceau de son charme toujours avec soi.<\/p>\n","protected":false},"featured_media":10528,"template":"","meta":{"_acf_changed":false},"product_brand":[],"product_cat":[607],"product_tag":[614],"class_list":{"0":"post-31802","1":"product","2":"type-product","3":"status-publish","4":"has-post-thumbnail","6":"product_cat-porte-cles","7":"product_tag-lettres","8":"pa_ciudad-barcelona","9":"pa_motivo-lettre-q","10":"pa_pais-espana","12":"first","13":"instock","14":"shipping-taxable","15":"product-type-simple"},"acf":[],"_links":{"self":[{"href":"https:\/\/olemosaic.com\/fr\/wp-json\/wp\/v2\/product\/31802","targetHints":{"allow":["GET"]}}],"collection":[{"href":"https:\/\/olemosaic.com\/fr\/wp-json\/wp\/v2\/product"}],"about":[{"href":"https:\/\/olemosaic.com\/fr\/wp-json\/wp\/v2\/types\/product"}],"wp:featuredmedia":[{"embeddable":true,"href":"https:\/\/olemosaic.com\/fr\/wp-json\/wp\/v2\/media\/10528"}],"wp:attachment":[{"href":"https:\/\/olemosaic.com\/fr\/wp-json\/wp\/v2\/media?parent=31802"}],"wp:term":[{"taxonomy":"product_brand","embeddable":true,"href":"https:\/\/olemosaic.com\/fr\/wp-json\/wp\/v2\/product_brand?post=31802"},{"taxonomy":"product_cat","embeddable":true,"href":"https:\/\/olemosaic.com\/fr\/wp-json\/wp\/v2\/product_cat?post=31802"},{"taxonomy":"product_tag","embeddable":true,"href":"https:\/\/olemosaic.com\/fr\/wp-json\/wp\/v2\/product_tag?post=31802"}],"curies":[{"name":"wp","href":"https:\/\/api.w.org\/{rel}","templated":true}]}}