{"id":31801,"date":"2025-02-20T23:33:38","date_gmt":"2025-02-20T22:33:38","guid":{"rendered":"http:\/\/olemosaic.com\/producto\/llavero-de-madera-letra-q-valencia\/"},"modified":"2025-07-25T20:27:05","modified_gmt":"2025-07-25T18:27:05","slug":"porte-cles-en-bois-lettre-q-valence","status":"publish","type":"product","link":"https:\/\/olemosaic.com\/fr\/produit\/porte-cles-en-bois-lettre-q-valence\/","title":{"rendered":"Porte-cl\u00e9s en bois. Lettre Q. Valence."},"content":{"rendered":"<p>Ce porte-cl\u00e9s en bois en forme de lettre Q est un charmant souvenir, con\u00e7u sp\u00e9cialement pour capturer l&rsquo;essence de Valence. Fabriqu\u00e9 en bois de haute qualit\u00e9, sa forme distinctive de lettre Q attire l&rsquo;attention et en fait un accessoire id\u00e9al pour ceux qui souhaitent emporter avec eux un petit morceau de cette ville vibrante. Les motifs embl\u00e9matiques grav\u00e9s sur sa surface incluent des illustrations color\u00e9es de l&rsquo;\u00e9difice iconique de la Cit\u00e9 des Arts et des Sciences, dont les tons brillants de bleu, rouge et jaune sont repr\u00e9sent\u00e9s m\u00e9ticuleusement, soulignant l&rsquo;attrait architectural de cette c\u00e9l\u00e8bre attraction.<\/p>\n<p>La finition polie de ce porte-cl\u00e9s, compl\u00e9t\u00e9e par les d\u00e9tails architecturaux qui \u00e9voquent le caract\u00e8re unique de Valence, en fait un souvenir exceptionnel c\u00e9l\u00e9brant la riche culture et tradition de la r\u00e9gion. Compact et l\u00e9ger, ce porte-cl\u00e9s permet aux touristes de le transporter facilement dans leurs sacs ou avec leurs cl\u00e9s, \u00e9voquant toujours de bons souvenirs de leur visite dans la ville.<\/p>\n<p>Chez Ol\u00e9 Mosaic, notre engagement est de proposer des souvenirs authentiques et repr\u00e9sentatifs pour le march\u00e9 touristique. Ce porte-cl\u00e9s n&rsquo;est pas seulement un compl\u00e9ment pratique, mais aussi un sujet de conversation qui lie ceux qui l&rsquo;utilisent \u00e0 l&rsquo;histoire et \u00e0 la beaut\u00e9 de Valence. En tant que distributeurs d&rsquo;articles touristiques en gros, nous garantissons la qualit\u00e9 et le design tr\u00e8s sp\u00e9cial de chacun de nos produits, en faisant une excellente option pour les boutiques sp\u00e9cialis\u00e9es en souvenirs.<\/p>\n","protected":false},"excerpt":{"rendered":"<p>Porte-cl\u00e9s en bois en forme de lettre Q, con\u00e7u avec des motifs embl\u00e9matiques de Valence. Ce porte-cl\u00e9s attrayant pr\u00e9sente une illustration color\u00e9e de l&rsquo;\u00e9difice iconique de la Cit\u00e9 des Arts et des Sciences, ainsi que des d\u00e9tails architecturaux repr\u00e9sentatifs de la ville. Sa finition polie fait ressortir les tons brillants de bleu, rouge et jaune, en faisant un souvenir id\u00e9al qui capture l&rsquo;essence culturelle de Valence. Compact et l\u00e9ger, il est parfait pour emporter toujours avec soi un petit morceau de cette belle ville.<\/p>\n","protected":false},"featured_media":10875,"template":"","meta":{"_acf_changed":false},"product_brand":[],"product_cat":[607],"product_tag":[614],"class_list":{"0":"post-31801","1":"product","2":"type-product","3":"status-publish","4":"has-post-thumbnail","6":"product_cat-porte-cles","7":"product_tag-lettres","8":"pa_ciudad-valencia","9":"pa_motivo-lettre-q","10":"pa_pais-espana","12":"first","13":"instock","14":"shipping-taxable","15":"product-type-simple"},"acf":[],"_links":{"self":[{"href":"https:\/\/olemosaic.com\/fr\/wp-json\/wp\/v2\/product\/31801","targetHints":{"allow":["GET"]}}],"collection":[{"href":"https:\/\/olemosaic.com\/fr\/wp-json\/wp\/v2\/product"}],"about":[{"href":"https:\/\/olemosaic.com\/fr\/wp-json\/wp\/v2\/types\/product"}],"wp:featuredmedia":[{"embeddable":true,"href":"https:\/\/olemosaic.com\/fr\/wp-json\/wp\/v2\/media\/10875"}],"wp:attachment":[{"href":"https:\/\/olemosaic.com\/fr\/wp-json\/wp\/v2\/media?parent=31801"}],"wp:term":[{"taxonomy":"product_brand","embeddable":true,"href":"https:\/\/olemosaic.com\/fr\/wp-json\/wp\/v2\/product_brand?post=31801"},{"taxonomy":"product_cat","embeddable":true,"href":"https:\/\/olemosaic.com\/fr\/wp-json\/wp\/v2\/product_cat?post=31801"},{"taxonomy":"product_tag","embeddable":true,"href":"https:\/\/olemosaic.com\/fr\/wp-json\/wp\/v2\/product_tag?post=31801"}],"curies":[{"name":"wp","href":"https:\/\/api.w.org\/{rel}","templated":true}]}}