{"id":31800,"date":"2025-02-20T23:33:38","date_gmt":"2025-02-20T22:33:38","guid":{"rendered":"http:\/\/olemosaic.com\/producto\/llavero-de-madera-letra-q-sevilla\/"},"modified":"2025-07-25T18:42:49","modified_gmt":"2025-07-25T16:42:49","slug":"porte-cles-en-bois-lettre-q-seville","status":"publish","type":"product","link":"https:\/\/olemosaic.com\/fr\/produit\/porte-cles-en-bois-lettre-q-seville\/","title":{"rendered":"Porte-cl\u00e9s en bois. Lettre Q. S\u00e9ville."},"content":{"rendered":"<p>Ce porte-cl\u00e9s en bois en forme de lettre Q est un charmant hommage \u00e0 la ville vibrante de S\u00e9ville, id\u00e9al pour ceux qui souhaitent emporter avec eux un morceau de cette m\u00e9tropole andalouse embl\u00e9matique. Son design unique pr\u00e9sente deux faces, chacune avec une illustration captivante combinant des \u00e9l\u00e9ments iconiques de S\u00e9ville. Sur une face, les couleurs claires mettent en valeur des motifs typiques comme la majestueuse Giralda, tandis que l&rsquo;autre affiche un fond plus vibrant rempli de mosa\u00efques joyeuses refl\u00e9tant l&rsquo;art et la culture locale.<\/p>\n<p>La lettre Q, stylis\u00e9e et amusante, est parfaite tant pour les collectionneurs que pour quiconque recherche un souvenir authentique de sa visite \u00e0 S\u00e9ville. Ce porte-cl\u00e9s n&rsquo;est pas seulement un accessoire pratique pour s\u00e9curiser vos cl\u00e9s, mais aussi un symbole du riche h\u00e9ritage culturel andalou, \u00e9voquant l&rsquo;architecture et les paysages qui font de S\u00e9ville une destination touristique unique. Chez Ol\u00e9 Mosaic, nous sommes fiers de proposer des produits artisanaux qui c\u00e9l\u00e8brent l&rsquo;attrait culturel de l&rsquo;Espagne, garantissant ainsi que nos souvenirs soient de la plus haute qualit\u00e9. Ce porte-cl\u00e9s est un excellent article pour les boutiques de cadeaux touristiques cherchant \u00e0 capter l&rsquo;attention de leurs clients avec des articles authentiques et repr\u00e9sentatifs.<\/p>\n","protected":false},"excerpt":{"rendered":"<p>Porte-cl\u00e9s en bois en forme de lettre Q, inspir\u00e9 par la ville vibrante de S\u00e9ville. Ce charmant porte-cl\u00e9s pr\u00e9sente une illustration color\u00e9e combinant des \u00e9l\u00e9ments embl\u00e9matiques de la ville, comme la Giralda et les mosa\u00efques typiques andalouses. Son design unique poss\u00e8de deux faces, l&rsquo;une avec un fond aux tons clairs et l&rsquo;autre plus vibrante, mettant en avant l&rsquo;art et la culture s\u00e9villans. Id\u00e9al pour emporter un morceau de S\u00e9ville toujours avec soi.<\/p>\n","protected":false},"featured_media":10901,"template":"","meta":{"_acf_changed":false},"product_brand":[],"product_cat":[607],"product_tag":[614],"class_list":{"0":"post-31800","1":"product","2":"type-product","3":"status-publish","4":"has-post-thumbnail","6":"product_cat-porte-cles","7":"product_tag-lettres","8":"pa_ciudad-sevilla","9":"pa_motivo-lettre-q","10":"pa_pais-espana","12":"first","13":"instock","14":"shipping-taxable","15":"product-type-simple"},"acf":[],"_links":{"self":[{"href":"https:\/\/olemosaic.com\/fr\/wp-json\/wp\/v2\/product\/31800","targetHints":{"allow":["GET"]}}],"collection":[{"href":"https:\/\/olemosaic.com\/fr\/wp-json\/wp\/v2\/product"}],"about":[{"href":"https:\/\/olemosaic.com\/fr\/wp-json\/wp\/v2\/types\/product"}],"wp:featuredmedia":[{"embeddable":true,"href":"https:\/\/olemosaic.com\/fr\/wp-json\/wp\/v2\/media\/10901"}],"wp:attachment":[{"href":"https:\/\/olemosaic.com\/fr\/wp-json\/wp\/v2\/media?parent=31800"}],"wp:term":[{"taxonomy":"product_brand","embeddable":true,"href":"https:\/\/olemosaic.com\/fr\/wp-json\/wp\/v2\/product_brand?post=31800"},{"taxonomy":"product_cat","embeddable":true,"href":"https:\/\/olemosaic.com\/fr\/wp-json\/wp\/v2\/product_cat?post=31800"},{"taxonomy":"product_tag","embeddable":true,"href":"https:\/\/olemosaic.com\/fr\/wp-json\/wp\/v2\/product_tag?post=31800"}],"curies":[{"name":"wp","href":"https:\/\/api.w.org\/{rel}","templated":true}]}}