{"id":31792,"date":"2025-02-20T23:33:38","date_gmt":"2025-02-20T22:33:38","guid":{"rendered":"http:\/\/olemosaic.com\/producto\/llavero-de-madera-letra-n-valencia\/"},"modified":"2025-07-25T18:45:22","modified_gmt":"2025-07-25T16:45:22","slug":"porte-cles-en-bois-lettre-n-valence","status":"publish","type":"product","link":"https:\/\/olemosaic.com\/fr\/produit\/porte-cles-en-bois-lettre-n-valence\/","title":{"rendered":"Porte-cl\u00e9s en bois. Lettre N. Valence."},"content":{"rendered":"<p>Ce porte-cl\u00e9s en bois en forme de lettre N est un charmant souvenir qui capture l&rsquo;essence de Valence, une ville riche en histoire et en modernit\u00e9. Fabriqu\u00e9 avec des mat\u00e9riaux de haute qualit\u00e9, son design color\u00e9 pr\u00e9sente une combinaison vibrante d&rsquo;\u00e9l\u00e9ments architecturaux embl\u00e9matiques, tels que l&rsquo;impressionnante Lonja de la Seda (Loge de la Soie) et le b\u00e2timent innovant de la Cit\u00e9 des Arts et des Sciences. La technique de mosa\u00efque utilis\u00e9e pour d\u00e9corer le porte-cl\u00e9s se distingue par des tons bleus, rouges et jaunes, cr\u00e9ant une pi\u00e8ce artistique qui refl\u00e8te la vitalit\u00e9 et la diversit\u00e9 culturelle de la r\u00e9gion.<\/p>\n<p>En l&rsquo;observant, on remarque les d\u00e9tails complexes qui \u00e9voquent le riche h\u00e9ritage artistique de Valence ; chaque ligne et chaque couleur raconte une partie de l&rsquo;histoire locale, en faisant un souvenir parfait pour ceux qui visitent cette ville merveilleuse. La lettre N ne symbolise pas seulement le nom de Valence, mais devient \u00e9galement un attrait pour ceux qui cherchent \u00e0 emporter un morceau de la culture valencienne dans leur vie quotidienne. Chez Ol\u00e9 Mosaic, nous sommes fiers de proposer des souvenirs de haute qualit\u00e9, et ce porte-cl\u00e9s est une excellente option pour les boutiques de cadeaux touristiques souhaitant offrir des produits authentiques et m\u00e9morables. Avec lui, chaque client peut emporter chez lui un symbole unique de son exp\u00e9rience \u00e0 Valence, faisant de ce souvenir un cadeau id\u00e9al.<\/p>\n","protected":false},"excerpt":{"rendered":"<p>Porte-cl\u00e9s en bois en forme de lettre N, repr\u00e9sentant la ville de Valence. Ce porte-cl\u00e9s attrayant pr\u00e9sente un design color\u00e9 combinant des \u00e9l\u00e9ments architecturaux embl\u00e9matiques, tels que la Lonja de la Seda et le b\u00e2timent moderne de la Cit\u00e9 des Arts et des Sciences. La technique de la mosa\u00efque, aux tons vibrants de bleu, rouge et jaune, rehausse son caract\u00e8re artistique et culturel, en faisant un cadeau parfait et un souvenir distinctif de la riche histoire valencienne.<\/p>\n","protected":false},"featured_media":10872,"template":"","meta":{"_acf_changed":false},"product_brand":[],"product_cat":[607],"product_tag":[614],"class_list":{"0":"post-31792","1":"product","2":"type-product","3":"status-publish","4":"has-post-thumbnail","6":"product_cat-porte-cles","7":"product_tag-lettres","8":"pa_ciudad-valencia","9":"pa_motivo-lettre-n","10":"pa_pais-espana","12":"first","13":"instock","14":"shipping-taxable","15":"product-type-simple"},"acf":[],"_links":{"self":[{"href":"https:\/\/olemosaic.com\/fr\/wp-json\/wp\/v2\/product\/31792","targetHints":{"allow":["GET"]}}],"collection":[{"href":"https:\/\/olemosaic.com\/fr\/wp-json\/wp\/v2\/product"}],"about":[{"href":"https:\/\/olemosaic.com\/fr\/wp-json\/wp\/v2\/types\/product"}],"wp:featuredmedia":[{"embeddable":true,"href":"https:\/\/olemosaic.com\/fr\/wp-json\/wp\/v2\/media\/10872"}],"wp:attachment":[{"href":"https:\/\/olemosaic.com\/fr\/wp-json\/wp\/v2\/media?parent=31792"}],"wp:term":[{"taxonomy":"product_brand","embeddable":true,"href":"https:\/\/olemosaic.com\/fr\/wp-json\/wp\/v2\/product_brand?post=31792"},{"taxonomy":"product_cat","embeddable":true,"href":"https:\/\/olemosaic.com\/fr\/wp-json\/wp\/v2\/product_cat?post=31792"},{"taxonomy":"product_tag","embeddable":true,"href":"https:\/\/olemosaic.com\/fr\/wp-json\/wp\/v2\/product_tag?post=31792"}],"curies":[{"name":"wp","href":"https:\/\/api.w.org\/{rel}","templated":true}]}}