{"id":31791,"date":"2025-02-20T23:33:38","date_gmt":"2025-02-20T22:33:38","guid":{"rendered":"http:\/\/olemosaic.com\/producto\/llavero-de-madera-letra-n-sevilla\/"},"modified":"2025-07-25T20:24:22","modified_gmt":"2025-07-25T18:24:22","slug":"porte-cles-en-bois-lettre-n-seville","status":"publish","type":"product","link":"https:\/\/olemosaic.com\/fr\/produit\/porte-cles-en-bois-lettre-n-seville\/","title":{"rendered":"Porte-cl\u00e9s en bois. Lettre N. S\u00e9ville."},"content":{"rendered":"<p>Ce porte-cl\u00e9s en bois en forme de lettre N est un charmant souvenir inspir\u00e9 de la ville vibrante de S\u00e9ville. Son design, soigneusement peint \u00e0 la main, met en valeur la majest\u00e9 de la Giralda, l&rsquo;un des symboles les plus embl\u00e9matiques de la ville, ainsi que les traditionnelles cal\u00e8ches qui parcourent ses rues pittoresques. Les couleurs vives et la technique de mosa\u00efque utilis\u00e9e pour sa fabrication apportent une touche artistique qui souligne le riche h\u00e9ritage culturel de S\u00e9ville, en faisant une pi\u00e8ce unique et frappante.<\/p>\n<p>Chaque d\u00e9tail, de la repr\u00e9sentation de la Giralda aux motifs d\u00e9coratifs entourant la lettre N, capture l&rsquo;essence de S\u00e9ville et son atmosph\u00e8re festive. Parfait pour porter ses cl\u00e9s avec une touche de style, ce porte-cl\u00e9s est \u00e9galement un souvenir significatif pour ceux qui souhaitent emporter un morceau de cette ville andalouse avec eux. L&rsquo;alliance de la fonctionnalit\u00e9 et de l&rsquo;art dans ce souvenir en fait un cadeau id\u00e9al pour les amis et la famille ou un rappel authentique d&rsquo;une belle exp\u00e9rience dans la capitale andalouse.<\/p>\n<p>Chez Ol\u00e9 Mosaic, nous nous sp\u00e9cialisons dans la distribution de souvenirs en gros qui refl\u00e8tent la culture et les traditions locales. Ce porte-cl\u00e9s en bois de S\u00e9ville est une excellente option pour les boutiques de cadeaux touristiques cherchant \u00e0 proposer des produits authentiques et de qualit\u00e9, c\u00e9l\u00e9brant la richesse culturelle de la r\u00e9gion.<\/p>\n","protected":false},"excerpt":{"rendered":"<p>Porte-cl\u00e9s en bois en forme de lettre N, inspir\u00e9 de la ville de S\u00e9ville. Ce porte-cl\u00e9s frappant pr\u00e9sente un design artisanal, peint \u00e0 la main, avec des images embl\u00e9matiques de la ville, comme la Giralda et les traditionnelles cal\u00e8ches. Les couleurs vibrantes et la technique de mosa\u00efque lui donnent une touche artistique qui refl\u00e8te le caract\u00e8re culturel de S\u00e9ville. Parfait comme souvenir ou cadeau, ce porte-cl\u00e9s allie fonctionnalit\u00e9 et style au quotidien.<\/p>\n","protected":false},"featured_media":10898,"template":"","meta":{"_acf_changed":false},"product_brand":[],"product_cat":[607],"product_tag":[530,614],"class_list":{"0":"post-31791","1":"product","2":"type-product","3":"status-publish","4":"has-post-thumbnail","6":"product_cat-porte-cles","7":"product_tag-animaux","8":"product_tag-lettres","9":"pa_ciudad-sevilla","10":"pa_motivo-lettre-n","11":"pa_pais-espana","13":"first","14":"instock","15":"shipping-taxable","16":"product-type-simple"},"acf":[],"_links":{"self":[{"href":"https:\/\/olemosaic.com\/fr\/wp-json\/wp\/v2\/product\/31791","targetHints":{"allow":["GET"]}}],"collection":[{"href":"https:\/\/olemosaic.com\/fr\/wp-json\/wp\/v2\/product"}],"about":[{"href":"https:\/\/olemosaic.com\/fr\/wp-json\/wp\/v2\/types\/product"}],"wp:featuredmedia":[{"embeddable":true,"href":"https:\/\/olemosaic.com\/fr\/wp-json\/wp\/v2\/media\/10898"}],"wp:attachment":[{"href":"https:\/\/olemosaic.com\/fr\/wp-json\/wp\/v2\/media?parent=31791"}],"wp:term":[{"taxonomy":"product_brand","embeddable":true,"href":"https:\/\/olemosaic.com\/fr\/wp-json\/wp\/v2\/product_brand?post=31791"},{"taxonomy":"product_cat","embeddable":true,"href":"https:\/\/olemosaic.com\/fr\/wp-json\/wp\/v2\/product_cat?post=31791"},{"taxonomy":"product_tag","embeddable":true,"href":"https:\/\/olemosaic.com\/fr\/wp-json\/wp\/v2\/product_tag?post=31791"}],"curies":[{"name":"wp","href":"https:\/\/api.w.org\/{rel}","templated":true}]}}