{"id":31783,"date":"2025-02-20T23:33:37","date_gmt":"2025-02-20T22:33:37","guid":{"rendered":"http:\/\/olemosaic.com\/producto\/llavero-de-madera-letra-k-barcelona-2\/"},"modified":"2025-07-25T18:35:00","modified_gmt":"2025-07-25T16:35:00","slug":"porte-cles-en-bois-lettre-k-barcelone-fr","status":"publish","type":"product","link":"https:\/\/olemosaic.com\/fr\/produit\/porte-cles-en-bois-lettre-k-barcelone-fr\/","title":{"rendered":"Porte-cl\u00e9s en bois. Lettre K. Mosa\u00efque. Barcelone."},"content":{"rendered":"<p>Ce porte-cl\u00e9s en bois en forme de lettre K est un charmant souvenir inspir\u00e9 par la ville vibrante de Barcelone. Avec un design color\u00e9 qui \u00e9voque l&#8217;embl\u00e9matique Sagrada Familia, ce porte-cl\u00e9s pr\u00e9sente les tours majestueuses mises en valeur sur un fond de mosa\u00efques et de couleurs vives, capturant l&rsquo;essence du modernisme catalan et la cr\u00e9ativit\u00e9 d&rsquo;Antoni Gaud\u00ed. Chaque d\u00e9tail a \u00e9t\u00e9 soigneusement \u00e9labor\u00e9, fusionnant des \u00e9l\u00e9ments culturels et artistiques qui font de ce porte-cl\u00e9s une repr\u00e9sentation authentique de la capitale catalane.<\/p>\n<p>L&rsquo;utilisation du bois dans sa fabrication offre non seulement une texture naturelle et chaleureuse, mais contribue \u00e9galement \u00e0 la durabilit\u00e9 du produit, en faisant une option \u00e9co-responsable. Avec des dimensions id\u00e9ales pour \u00eatre port\u00e9 dans la poche ou accroch\u00e9 au sac, ce porte-cl\u00e9s est parfait pour ceux qui souhaitent emporter un morceau de Barcelone avec eux, ainsi que pour ceux qui recherchent un cadeau significatif pour les amoureux de la ville.<\/p>\n<p>Chez Ol\u00e9 Mosaic, nous sommes fiers de proposer des souvenirs de qualit\u00e9 qui c\u00e9l\u00e8brent la culture et l&rsquo;art de l&rsquo;Espagne. Ce porte-cl\u00e9s avec la lettre K n&rsquo;est pas seulement une excellente id\u00e9e de souvenir de Barcelone, mais c&rsquo;est aussi un article attrayant pour les boutiques de cadeaux touristiques qui recherchent des produits uniques et repr\u00e9sentatifs. En tant que grossistes de porte-cl\u00e9s, nous garantissons l&rsquo;authenticit\u00e9 et un design captivant qui ravira n&rsquo;importe quel client.<\/p>\n","protected":false},"excerpt":{"rendered":"<p>Porte-cl\u00e9s en bois en forme de lettre K, inspir\u00e9 par la ville vibrante de Barcelone. Ce porte-cl\u00e9s pr\u00e9sente un design color\u00e9 qui \u00e9voque la c\u00e9l\u00e8bre Sagrada Familia, avec ses tours embl\u00e9matiques mises en valeur sur un fond de mosa\u00efques et de couleurs vives. Chaque d\u00e9tail est soigneusement \u00e9labor\u00e9, fusionnant des \u00e9l\u00e9ments culturels et artistiques de la ville. Parfait pour emporter un morceau de Barcelone avec soi ou comme cadeau pour les amoureux de la cit\u00e9 comtale.<\/p>\n","protected":false},"featured_media":10522,"template":"","meta":{"_acf_changed":false},"product_brand":[],"product_cat":[607],"product_tag":[614],"class_list":{"0":"post-31783","1":"product","2":"type-product","3":"status-publish","4":"has-post-thumbnail","6":"product_cat-porte-cles","7":"product_tag-lettres","8":"pa_ciudad-barcelona","9":"pa_motivo-lettre-k","10":"pa_pais-espana","12":"first","13":"instock","14":"shipping-taxable","15":"product-type-simple"},"acf":[],"_links":{"self":[{"href":"https:\/\/olemosaic.com\/fr\/wp-json\/wp\/v2\/product\/31783","targetHints":{"allow":["GET"]}}],"collection":[{"href":"https:\/\/olemosaic.com\/fr\/wp-json\/wp\/v2\/product"}],"about":[{"href":"https:\/\/olemosaic.com\/fr\/wp-json\/wp\/v2\/types\/product"}],"wp:featuredmedia":[{"embeddable":true,"href":"https:\/\/olemosaic.com\/fr\/wp-json\/wp\/v2\/media\/10522"}],"wp:attachment":[{"href":"https:\/\/olemosaic.com\/fr\/wp-json\/wp\/v2\/media?parent=31783"}],"wp:term":[{"taxonomy":"product_brand","embeddable":true,"href":"https:\/\/olemosaic.com\/fr\/wp-json\/wp\/v2\/product_brand?post=31783"},{"taxonomy":"product_cat","embeddable":true,"href":"https:\/\/olemosaic.com\/fr\/wp-json\/wp\/v2\/product_cat?post=31783"},{"taxonomy":"product_tag","embeddable":true,"href":"https:\/\/olemosaic.com\/fr\/wp-json\/wp\/v2\/product_tag?post=31783"}],"curies":[{"name":"wp","href":"https:\/\/api.w.org\/{rel}","templated":true}]}}