{"id":31779,"date":"2025-02-20T23:33:37","date_gmt":"2025-02-20T22:33:37","guid":{"rendered":"http:\/\/olemosaic.com\/producto\/llavero-de-madera-letra-j-valencia\/"},"modified":"2025-07-25T18:43:39","modified_gmt":"2025-07-25T16:43:39","slug":"porte-cles-en-bois-lettre-j-valence","status":"publish","type":"product","link":"https:\/\/olemosaic.com\/fr\/produit\/porte-cles-en-bois-lettre-j-valence\/","title":{"rendered":"Porte-cl\u00e9s en bois. Lettre J. Valence."},"content":{"rendered":"<p>Ce porte-cl\u00e9s en bois en forme de lettre J est un charmant souvenir qui repr\u00e9sente la ville vibrante de Valence. Avec un design color\u00e9 et attrayant, il capture l&rsquo;essence de l&rsquo;architecture embl\u00e9matique de Valence, y compris la c\u00e9l\u00e8bre Cit\u00e9 des Arts et des Sciences. Chaque recoin du porte-cl\u00e9s est d\u00e9cor\u00e9 de mosa\u00efques aux tons vifs de bleu, rouge et jaune, \u00e9voquant la riche tradition artistique de Valence. La partie sup\u00e9rieure arbore l&rsquo;inscription \u00ab\u00a0Valence\u00a0\u00bb, ce qui ajoute une touche distinctive \u00e0 ce souvenir, en faisant un accessoire m\u00e9morable pour ceux qui souhaitent emporter un morceau de cette ville merveilleuse avec eux.<\/p>\n<p>Le caract\u00e8re artisanal de ce porte-cl\u00e9s souligne son authenticit\u00e9 et son lien culturel, car il refl\u00e8te non seulement le design contemporain, mais aussi l&rsquo;h\u00e9ritage historique de Valence, c\u00e9l\u00e8bre pour sa diversit\u00e9 artistique et culturelle. Ce porte-cl\u00e9s est une excellente option pour les touristes \u00e0 la recherche de souvenirs repr\u00e9sentatifs et uniques, id\u00e9aux pour se rem\u00e9morer leur visite dans cette magnifique ville espagnole. Chez Ol\u00e9 Mosaic, nous nous sp\u00e9cialisons dans la distribution de souvenirs uniques en gros, et ce porte-cl\u00e9s en bois est une pi\u00e8ce ma\u00eetresse pour toute boutique de cadeaux touristiques souhaitant proposer des produits authentiques et de qualit\u00e9. En tant que grossiste de souvenirs, nous garantissons que chaque porte-cl\u00e9s poss\u00e8de un design attrayant qui fascinera les visiteurs de Valence.<\/p>\n","protected":false},"excerpt":{"rendered":"<p>Porte-cl\u00e9s en bois en forme de lettre J, inspir\u00e9 par la ville vibrante de Valence. Ce porte-cl\u00e9s attrayant pr\u00e9sente un design color\u00e9 qui capture des \u00e9l\u00e9ments embl\u00e9matiques de la ville, tels que la Cit\u00e9 des Arts et des Sciences, combinant des mosa\u00efques dans des tons bleus, rouges et jaunes. La partie sup\u00e9rieure du porte-cl\u00e9s inclut l&rsquo;inscription \u00ab\u00a0Valence\u00a0\u00bb, ajoutant une touche distinctive \u00e0 ce souvenir qui refl\u00e8te l&rsquo;essence culturelle et artistique de la r\u00e9gion.<\/p>\n","protected":false},"featured_media":10868,"template":"","meta":{"_acf_changed":false},"product_brand":[],"product_cat":[607],"product_tag":[614],"class_list":{"0":"post-31779","1":"product","2":"type-product","3":"status-publish","4":"has-post-thumbnail","6":"product_cat-porte-cles","7":"product_tag-lettres","8":"pa_ciudad-valencia","9":"pa_motivo-lettre-j","10":"pa_pais-espana","12":"first","13":"instock","14":"shipping-taxable","15":"product-type-simple"},"acf":[],"_links":{"self":[{"href":"https:\/\/olemosaic.com\/fr\/wp-json\/wp\/v2\/product\/31779","targetHints":{"allow":["GET"]}}],"collection":[{"href":"https:\/\/olemosaic.com\/fr\/wp-json\/wp\/v2\/product"}],"about":[{"href":"https:\/\/olemosaic.com\/fr\/wp-json\/wp\/v2\/types\/product"}],"wp:featuredmedia":[{"embeddable":true,"href":"https:\/\/olemosaic.com\/fr\/wp-json\/wp\/v2\/media\/10868"}],"wp:attachment":[{"href":"https:\/\/olemosaic.com\/fr\/wp-json\/wp\/v2\/media?parent=31779"}],"wp:term":[{"taxonomy":"product_brand","embeddable":true,"href":"https:\/\/olemosaic.com\/fr\/wp-json\/wp\/v2\/product_brand?post=31779"},{"taxonomy":"product_cat","embeddable":true,"href":"https:\/\/olemosaic.com\/fr\/wp-json\/wp\/v2\/product_cat?post=31779"},{"taxonomy":"product_tag","embeddable":true,"href":"https:\/\/olemosaic.com\/fr\/wp-json\/wp\/v2\/product_tag?post=31779"}],"curies":[{"name":"wp","href":"https:\/\/api.w.org\/{rel}","templated":true}]}}