{"id":31771,"date":"2025-02-20T23:33:36","date_gmt":"2025-02-20T22:33:36","guid":{"rendered":"http:\/\/olemosaic.com\/producto\/llavero-de-madera-letra-h-madrid\/"},"modified":"2025-07-25T19:29:49","modified_gmt":"2025-07-25T17:29:49","slug":"porte-cles-en-bois-lettre-h-madrid","status":"publish","type":"product","link":"https:\/\/olemosaic.com\/fr\/produit\/porte-cles-en-bois-lettre-h-madrid\/","title":{"rendered":"Porte-cl\u00e9s en bois. Lettre H. Madrid."},"content":{"rendered":"<p>Ce porte-cl\u00e9s en bois en forme de lettre H est une pi\u00e8ce vibrante qui capture l&rsquo;essence de Madrid, id\u00e9ale pour ceux qui souhaitent emporter avec eux un fragment de la capitale espagnole. Con\u00e7u avec soin, ce porte-cl\u00e9s pr\u00e9sente des illustrations \u00e0 effet peint \u00e0 la main qui mettent en valeur deux des ic\u00f4nes les plus repr\u00e9sentatives de la ville : la c\u00e9l\u00e8bre horloge de la Puerta del Sol et une figure traditionnelle v\u00eatue de costumes typiques. Avec une palette de couleurs vives, comme des bleus intenses, des rouges vibrants et des d\u00e9tails en noir, ce souvenir devient un rappel visuellement attrayant et culturellement significatif.<\/p>\n<p>Le porte-cl\u00e9s, en plus d&rsquo;\u00eatre fonctionnel, est une d\u00e9claration d&rsquo;amour pour Madrid, parfait pour les collectionneurs et les amoureux de la culture espagnole. Sa forme distinctive et l&rsquo;attention port\u00e9e aux d\u00e9tails le font ressortir parmi d&rsquo;autres souvenirs. La Puerta del Sol est connue comme le c\u0153ur de Madrid, et porter ce porte-cl\u00e9s est une fa\u00e7on de se souvenir de la chaleur et du dynamisme de la ville.<\/p>\n<p>Chez Ol\u00e9 Mosaic, nous sommes experts dans la distribution de souvenirs en gros, offrant des articles uniques qui refl\u00e8tent l&rsquo;authenticit\u00e9 et le patrimoine culturel de l&rsquo;Espagne. Ce porte-cl\u00e9s de Madrid offre non seulement un design attrayant, mais aussi une connexion \u00e9motionnelle avec l&rsquo;histoire de la ville, ce qui en fait une excellente option pour les boutiques de cadeaux touristiques \u00e0 la recherche de produits authentiques et repr\u00e9sentatifs.<\/p>\n","protected":false},"excerpt":{"rendered":"<p>Porte-cl\u00e9s en bois en forme de lettre H, d\u00e9cor\u00e9 de symboles embl\u00e9matiques de Madrid. Ce porte-cl\u00e9s color\u00e9 pr\u00e9sente une illustration au design artisanal, peinte \u00e0 la main, de la c\u00e9l\u00e8bre horloge de la Puerta del Sol, accompagn\u00e9e d&rsquo;une figure traditionnelle en costume typique. Avec des couleurs vibrantes comme le bleu et le rouge, et des d\u00e9tails en noir, c&rsquo;est le souvenir parfait pour ceux qui souhaitent emporter un morceau de la capitale espagnole avec eux. Id\u00e9al pour les collectionneurs et les amoureux de la culture madril\u00e8ne.<\/p>\n","protected":false},"featured_media":10840,"template":"","meta":{"_acf_changed":false},"product_brand":[],"product_cat":[607],"product_tag":[614],"class_list":{"0":"post-31771","1":"product","2":"type-product","3":"status-publish","4":"has-post-thumbnail","6":"product_cat-porte-cles","7":"product_tag-lettres","8":"pa_ciudad-madrid","9":"pa_motivo-lettre-h","10":"pa_pais-espana","12":"first","13":"instock","14":"shipping-taxable","15":"product-type-simple"},"acf":[],"_links":{"self":[{"href":"https:\/\/olemosaic.com\/fr\/wp-json\/wp\/v2\/product\/31771","targetHints":{"allow":["GET"]}}],"collection":[{"href":"https:\/\/olemosaic.com\/fr\/wp-json\/wp\/v2\/product"}],"about":[{"href":"https:\/\/olemosaic.com\/fr\/wp-json\/wp\/v2\/types\/product"}],"wp:featuredmedia":[{"embeddable":true,"href":"https:\/\/olemosaic.com\/fr\/wp-json\/wp\/v2\/media\/10840"}],"wp:attachment":[{"href":"https:\/\/olemosaic.com\/fr\/wp-json\/wp\/v2\/media?parent=31771"}],"wp:term":[{"taxonomy":"product_brand","embeddable":true,"href":"https:\/\/olemosaic.com\/fr\/wp-json\/wp\/v2\/product_brand?post=31771"},{"taxonomy":"product_cat","embeddable":true,"href":"https:\/\/olemosaic.com\/fr\/wp-json\/wp\/v2\/product_cat?post=31771"},{"taxonomy":"product_tag","embeddable":true,"href":"https:\/\/olemosaic.com\/fr\/wp-json\/wp\/v2\/product_tag?post=31771"}],"curies":[{"name":"wp","href":"https:\/\/api.w.org\/{rel}","templated":true}]}}