{"id":31769,"date":"2025-02-20T23:33:36","date_gmt":"2025-02-20T22:33:36","guid":{"rendered":"http:\/\/olemosaic.com\/producto\/llavero-de-madera-letra-h-barcelona-2\/"},"modified":"2025-07-25T19:53:13","modified_gmt":"2025-07-25T17:53:13","slug":"porte-cles-en-bois-lettre-h-barcelone-2","status":"publish","type":"product","link":"https:\/\/olemosaic.com\/fr\/produit\/porte-cles-en-bois-lettre-h-barcelone-2\/","title":{"rendered":"Porte-cl\u00e9s en bois. Lettre H. Gaud\u00ed. Barcelone."},"content":{"rendered":"<p>Ce porte-cl\u00e9s en bois en forme de lettre H est un souvenir charmant qui \u00e9voque l&rsquo;essence vibrante de Barcelone. Avec son design color\u00e9, il est d\u00e9cor\u00e9 d&rsquo;une repr\u00e9sentation artistique de l&rsquo;architecture de la ville, mettant en avant les b\u00e2timents embl\u00e9matiques d&rsquo;Antoni Gaud\u00ed, tels que la c\u00e9l\u00e8bre Sagrada Familia et les courbes du Park G\u00fcell. Les d\u00e9tails aux tons vibrants de rouge, vert et jaune capturent l&rsquo;essence de la c\u00e9l\u00e8bre mosa\u00efque de Gaud\u00ed, cr\u00e9ant un jeu de couleurs qui ravit le regard et fait revivre la cr\u00e9ativit\u00e9 architecturale de la Catalogne.<\/p>\n<p>La forme unique de la lettre H n&rsquo;est pas seulement un choix original, mais repr\u00e9sente \u00e9galement une connexion personnelle pour ceux qui recherchent un souvenir m\u00e9morable. Ce porte-cl\u00e9s comprend un anneau m\u00e9tallique robuste, id\u00e9al pour transporter ses cl\u00e9s avec une touche artistique, ajoutant un \u00e9l\u00e9ment pratique et distinctif au quotidien. De plus, son authenticit\u00e9 en fait un excellent cadeau pour ceux qui souhaitent emporter avec eux un morceau de la culture catalane.<\/p>\n<p>Chez Ol\u00e9 Mosaic, nous sommes sp\u00e9cialis\u00e9s dans la distribution de souvenirs en gros, et ce porte-cl\u00e9s n&rsquo;est pas seulement une excellente option pour les touristes, mais il se distingue \u00e9galement comme un produit repr\u00e9sentatif de Barcelone qui enrichira le catalogue de toute boutique de cadeaux touristiques. Si vous recherchez un porte-cl\u00e9s alliant artisanat, culture et fonctionnalit\u00e9, ce porte-cl\u00e9s en bois est un choix parfait.<\/p>\n","protected":false},"excerpt":{"rendered":"<p>Porte-cl\u00e9s en bois en forme de lettre H, d\u00e9cor\u00e9 d&rsquo;une repr\u00e9sentation color\u00e9e de l&rsquo;architecture de Barcelone. Le design met en valeur les b\u00e2timents embl\u00e9matiques d&rsquo;Antoni Gaud\u00ed, avec des d\u00e9tails aux tons vibrants de rouge, vert et jaune, \u00e9voquant la c\u00e9l\u00e8bre mosa\u00efque du Park G\u00fcell. Le porte-cl\u00e9s comprend un anneau m\u00e9tallique r\u00e9sistant, id\u00e9al pour porter ses cl\u00e9s avec une touche artistique rappelant l&rsquo;essence de la ville.<\/p>\n","protected":false},"featured_media":10493,"template":"","meta":{"_acf_changed":false},"product_brand":[],"product_cat":[607],"product_tag":[614],"class_list":{"0":"post-31769","1":"product","2":"type-product","3":"status-publish","4":"has-post-thumbnail","6":"product_cat-porte-cles","7":"product_tag-lettres","8":"pa_ciudad-barcelona","9":"pa_motivo-lettre-h","10":"pa_pais-espana","12":"first","13":"instock","14":"shipping-taxable","15":"product-type-simple"},"acf":[],"_links":{"self":[{"href":"https:\/\/olemosaic.com\/fr\/wp-json\/wp\/v2\/product\/31769","targetHints":{"allow":["GET"]}}],"collection":[{"href":"https:\/\/olemosaic.com\/fr\/wp-json\/wp\/v2\/product"}],"about":[{"href":"https:\/\/olemosaic.com\/fr\/wp-json\/wp\/v2\/types\/product"}],"wp:featuredmedia":[{"embeddable":true,"href":"https:\/\/olemosaic.com\/fr\/wp-json\/wp\/v2\/media\/10493"}],"wp:attachment":[{"href":"https:\/\/olemosaic.com\/fr\/wp-json\/wp\/v2\/media?parent=31769"}],"wp:term":[{"taxonomy":"product_brand","embeddable":true,"href":"https:\/\/olemosaic.com\/fr\/wp-json\/wp\/v2\/product_brand?post=31769"},{"taxonomy":"product_cat","embeddable":true,"href":"https:\/\/olemosaic.com\/fr\/wp-json\/wp\/v2\/product_cat?post=31769"},{"taxonomy":"product_tag","embeddable":true,"href":"https:\/\/olemosaic.com\/fr\/wp-json\/wp\/v2\/product_tag?post=31769"}],"curies":[{"name":"wp","href":"https:\/\/api.w.org\/{rel}","templated":true}]}}