{"id":31763,"date":"2025-02-20T22:33:36","date_gmt":"2025-02-20T22:33:36","guid":{"rendered":"http:\/\/olemosaic.com\/producto\/llavero-de-madera-letra-h-barcelona\/"},"modified":"2025-07-25T19:18:48","modified_gmt":"2025-07-25T17:18:48","slug":"porte-cles-en-bois-lettre-h-barcelone","status":"publish","type":"product","link":"https:\/\/olemosaic.com\/fr\/produit\/porte-cles-en-bois-lettre-h-barcelone\/","title":{"rendered":"Porte-cl\u00e9s en bois. Lettre H. Barcelone."},"content":{"rendered":"<p>Ce porte-cl\u00e9s en bois en forme de lettre H est un charmant souvenir qui capture l&rsquo;essence de la ville vibrante de Barcelone, une destination touristique embl\u00e9matique en Espagne. Avec un design color\u00e9 et artistique, le porte-cl\u00e9s pr\u00e9sente des illustrations d\u00e9taill\u00e9es de la Sagrada Familia et de la Casa Batll\u00f3, refl\u00e9tant la ma\u00eetrise de l&rsquo;architecte Antoni Gaud\u00ed, dont les b\u00e2timents sont des embl\u00e8mes du modernisme catalan. La technique de peinture inclut des mosa\u00efques dans des tons brillants, qui non seulement soulignent la beaut\u00e9 architecturale de la ville, mais \u00e9voquent \u00e9galement la riche palette de couleurs qui caract\u00e9rise Barcelone.<\/p>\n<p>Le fond du porte-cl\u00e9s compl\u00e8te les illustrations avec une disposition architecturale stylis\u00e9e qui rappelle les rues labyrinthiques de la ville. Cet article n&rsquo;est pas seulement pratique, il devient \u00e9galement un excellent souvenir de la culture et de la cr\u00e9ativit\u00e9 de Barcelone. Fabriqu\u00e9 avec des mat\u00e9riaux de qualit\u00e9, son design artisanal apporte une touche unique, en faisant un cadeau attrayant et authentique pour ceux qui souhaitent emporter un morceau de la ville avec eux.<\/p>\n<p>Chez Ol\u00e9 Mosaic, nous sommes sp\u00e9cialis\u00e9s dans les souvenirs de Barcelone, offrant des porte-cl\u00e9s en gros qui sont parfaits pour les boutiques de cadeaux touristiques cherchant des produits repr\u00e9sentatifs de la culture locale. Ce porte-cl\u00e9s en bois en forme de lettre H est une excellente option pour ceux qui recherchent des souvenirs uniques c\u00e9l\u00e9brant l&rsquo;histoire et l&rsquo;art de cette merveilleuse ville.<\/p>\n","protected":false},"excerpt":{"rendered":"<p>Porte-cl\u00e9s en bois en forme de lettre H, inspir\u00e9 par la ville vibrante de Barcelone. Cet article pr\u00e9sente un design color\u00e9 qui met en avant la Sagrada Familia et la Casa Batll\u00f3, avec des d\u00e9tails de mosa\u00efques dans des tons brillants et un fond qui \u00e9voque l&rsquo;architecture moderniste de la ville. Parfait pour emporter un souvenir de Barcelone, sa technique de peinture lui donne une touche artisanale, en faisant un souvenir unique et attrayant.<\/p>\n","protected":false},"featured_media":10519,"template":"","meta":{"_acf_changed":false},"product_brand":[],"product_cat":[607],"product_tag":[614],"class_list":{"0":"post-31763","1":"product","2":"type-product","3":"status-publish","4":"has-post-thumbnail","6":"product_cat-porte-cles","7":"product_tag-lettres","8":"pa_ciudad-barcelona","9":"pa_motivo-lettre-h","10":"pa_pais-espana","12":"first","13":"instock","14":"shipping-taxable","15":"product-type-simple"},"acf":[],"_links":{"self":[{"href":"https:\/\/olemosaic.com\/fr\/wp-json\/wp\/v2\/product\/31763","targetHints":{"allow":["GET"]}}],"collection":[{"href":"https:\/\/olemosaic.com\/fr\/wp-json\/wp\/v2\/product"}],"about":[{"href":"https:\/\/olemosaic.com\/fr\/wp-json\/wp\/v2\/types\/product"}],"wp:featuredmedia":[{"embeddable":true,"href":"https:\/\/olemosaic.com\/fr\/wp-json\/wp\/v2\/media\/10519"}],"wp:attachment":[{"href":"https:\/\/olemosaic.com\/fr\/wp-json\/wp\/v2\/media?parent=31763"}],"wp:term":[{"taxonomy":"product_brand","embeddable":true,"href":"https:\/\/olemosaic.com\/fr\/wp-json\/wp\/v2\/product_brand?post=31763"},{"taxonomy":"product_cat","embeddable":true,"href":"https:\/\/olemosaic.com\/fr\/wp-json\/wp\/v2\/product_cat?post=31763"},{"taxonomy":"product_tag","embeddable":true,"href":"https:\/\/olemosaic.com\/fr\/wp-json\/wp\/v2\/product_tag?post=31763"}],"curies":[{"name":"wp","href":"https:\/\/api.w.org\/{rel}","templated":true}]}}