{"id":31762,"date":"2025-02-20T23:33:35","date_gmt":"2025-02-20T22:33:35","guid":{"rendered":"http:\/\/olemosaic.com\/producto\/llavero-de-madera-letra-g-2\/"},"modified":"2025-07-25T20:02:06","modified_gmt":"2025-07-25T18:02:06","slug":"porte-cles-en-bois-lettre-g-2","status":"publish","type":"product","link":"https:\/\/olemosaic.com\/fr\/produit\/porte-cles-en-bois-lettre-g-2\/","title":{"rendered":"Porte-cl\u00e9s en bois. Lettre G. Gaud\u00ed. Barcelone."},"content":{"rendered":"<p>Ce porte-cl\u00e9s en bois en forme de lettre G est un souvenir charmant qui refl\u00e8te l&rsquo;essence du modernisme catalan, inspir\u00e9 par le style embl\u00e9matique d&rsquo;Antoni Gaud\u00ed. Son design vibrant pr\u00e9sente un trencad\u00eds exquis, caract\u00e9ristique des \u0153uvres de l&rsquo;architecte, combinant des couleurs intenses comme le rouge, le bleu, le jaune et le noir. Chaque teinte s&rsquo;entrelace dans une forme contemporaine qui donne au porte-cl\u00e9s un air artistique, en faisant non seulement un objet fonctionnel, mais une v\u00e9ritable pi\u00e8ce d&rsquo;art portable.<\/p>\n<p>Le d\u00e9tail du trencad\u00eds, qui \u00e9voque la technique de mosa\u00efque que Gaud\u00ed a popularis\u00e9e dans ses \u0153uvres, souligne l&rsquo;imagination et la cr\u00e9ativit\u00e9 qui d\u00e9finissent la culture de Barcelone. La lettre G, en plus d&rsquo;\u00eatre un symbole personnel pour beaucoup, peut \u00eatre un rappel significatif de l&rsquo;histoire fascinante et du patrimoine artistique de la ville, faisant de ce souvenir bien plus qu&rsquo;un simple porte-cl\u00e9s, un lien \u00e9motionnel avec la capitale catalane.<\/p>\n<p>Ce porte-cl\u00e9s est un choix id\u00e9al pour les boutiques de cadeaux touristiques cherchant \u00e0 offrir des produits authentiques et repr\u00e9sentatifs de l&rsquo;Espagne. Chez Ol\u00e9 Mosaic, en tant que grossiste de souvenirs, nous garantissons la qualit\u00e9 et la singularit\u00e9 de chaque article, assurant que chaque pi\u00e8ce, y compris ce porte-cl\u00e9s en bois, soit le souvenir parfait pour ceux qui souhaitent ramener un petit morceau de Barcelone chez eux.<\/p>\n","protected":false},"excerpt":{"rendered":"<p>Porte-cl\u00e9s en bois avec la lettre G, d\u00e9cor\u00e9 d&rsquo;un design vibrant de trencad\u00eds qui \u00e9voque le style du c\u00e9l\u00e8bre architecte Antoni Gaud\u00ed. Cette pi\u00e8ce unique pr\u00e9sente une combinaison de couleurs vives, comme le rouge, le bleu, le jaune et le noir, avec une forme \u00e9l\u00e9gante et contemporaine. Id\u00e9al pour les amoureux de la culture espagnole et de l&rsquo;art moderniste, ce porte-cl\u00e9s n&rsquo;est pas seulement fonctionnel, mais aussi un charmant souvenir de la cr\u00e9ativit\u00e9 barcelonaise.<\/p>\n","protected":false},"featured_media":10926,"template":"","meta":{"_acf_changed":false},"product_brand":[],"product_cat":[607],"product_tag":[614],"class_list":{"0":"post-31762","1":"product","2":"type-product","3":"status-publish","4":"has-post-thumbnail","6":"product_cat-porte-cles","7":"product_tag-lettres","8":"pa_motivo-lettre-g","10":"first","11":"instock","12":"shipping-taxable","13":"product-type-simple"},"acf":[],"_links":{"self":[{"href":"https:\/\/olemosaic.com\/fr\/wp-json\/wp\/v2\/product\/31762","targetHints":{"allow":["GET"]}}],"collection":[{"href":"https:\/\/olemosaic.com\/fr\/wp-json\/wp\/v2\/product"}],"about":[{"href":"https:\/\/olemosaic.com\/fr\/wp-json\/wp\/v2\/types\/product"}],"wp:featuredmedia":[{"embeddable":true,"href":"https:\/\/olemosaic.com\/fr\/wp-json\/wp\/v2\/media\/10926"}],"wp:attachment":[{"href":"https:\/\/olemosaic.com\/fr\/wp-json\/wp\/v2\/media?parent=31762"}],"wp:term":[{"taxonomy":"product_brand","embeddable":true,"href":"https:\/\/olemosaic.com\/fr\/wp-json\/wp\/v2\/product_brand?post=31762"},{"taxonomy":"product_cat","embeddable":true,"href":"https:\/\/olemosaic.com\/fr\/wp-json\/wp\/v2\/product_cat?post=31762"},{"taxonomy":"product_tag","embeddable":true,"href":"https:\/\/olemosaic.com\/fr\/wp-json\/wp\/v2\/product_tag?post=31762"}],"curies":[{"name":"wp","href":"https:\/\/api.w.org\/{rel}","templated":true}]}}