{"id":31760,"date":"2025-02-20T23:33:35","date_gmt":"2025-02-20T22:33:35","guid":{"rendered":"http:\/\/olemosaic.com\/producto\/llavero-de-madera-letra-g-barcelona-2\/"},"modified":"2025-07-25T18:46:36","modified_gmt":"2025-07-25T16:46:36","slug":"porte-cles-en-bois-lettre-g-barcelone-2","status":"publish","type":"product","link":"https:\/\/olemosaic.com\/fr\/produit\/porte-cles-en-bois-lettre-g-barcelone-2\/","title":{"rendered":"Porte-cl\u00e9s en bois. Lettre G. Sagrada Familia. Barcelone."},"content":{"rendered":"<p>Ce porte-cl\u00e9s en bois en forme de lettre G est un charmant souvenir inspir\u00e9 par la ville vibrante de Barcelone, capturant l&rsquo;essence de son architecture embl\u00e9matique. Avec un design attrayant et amusant, le porte-cl\u00e9s pr\u00e9sente des images color\u00e9es de la c\u00e9l\u00e8bre Sagrada Familia, ainsi que d&rsquo;autres \u00e9l\u00e9ments repr\u00e9sentatifs de l&rsquo;h\u00e9ritage architectural d&rsquo;Antoni Gaud\u00ed, faisant de chaque pi\u00e8ce une c\u00e9l\u00e9bration de l&rsquo;esprit cr\u00e9atif de la ville. D\u00e9cor\u00e9 d&rsquo;une palette de couleurs vives, le porte-cl\u00e9s poss\u00e8de des d\u00e9tails artistiques qui \u00e9voquent la joie et la diversit\u00e9 de Barcelone, permettant \u00e0 chaque regard sur ce souvenir d&rsquo;\u00e9veiller des souvenirs de visites inoubliables. La lettre G ne se distingue pas seulement par sa forme, mais aussi par le r\u00e9cit qu&rsquo;elle raconte : c&rsquo;est un symbole des exp\u00e9riences v\u00e9cues dans une ville pleine de vie et de culture. Ce porte-cl\u00e9s est une excellente option tant pour se souvenir de votre passage dans la ville que pour offrir \u00e0 vos amis et \u00e0 votre famille. Chez Ol\u00e9 Mosaic, nous sommes sp\u00e9cialis\u00e9s dans la distribution de souvenirs en gros, et ce porte-cl\u00e9s de Barcelone est une repr\u00e9sentation authentique de l&rsquo;h\u00e9ritage culturel catalan, parfait pour les boutiques de cadeaux touristiques. Id\u00e9al pour ceux qui recherchent des souvenirs de qualit\u00e9 qui encapsulent l&rsquo;essence de leurs voyages.<\/p>\n","protected":false},"excerpt":{"rendered":"<p>Porte-cl\u00e9s en bois en forme de lettre G, inspir\u00e9 par la ville vibrante de Barcelone. Ce porte-cl\u00e9s color\u00e9 pr\u00e9sente des images embl\u00e9matiques de la Sagrada Familia et d&rsquo;autres \u00e9l\u00e9ments repr\u00e9sentatifs de l&rsquo;architecture de Gaud\u00ed, avec un design attrayant et amusant. D\u00e9cor\u00e9 d&rsquo;une palette de couleurs vives, il combine des d\u00e9tails artistiques qui \u00e9voquent l&rsquo;esprit de la ville. Parfait pour se souvenir de votre visite ou comme cadeau original.<\/p>\n","protected":false},"featured_media":10518,"template":"","meta":{"_acf_changed":false},"product_brand":[],"product_cat":[607],"product_tag":[614],"class_list":{"0":"post-31760","1":"product","2":"type-product","3":"status-publish","4":"has-post-thumbnail","6":"product_cat-porte-cles","7":"product_tag-lettres","8":"pa_ciudad-barcelona","9":"pa_motivo-lettre-g","10":"pa_pais-espana","12":"first","13":"instock","14":"shipping-taxable","15":"product-type-simple"},"acf":[],"_links":{"self":[{"href":"https:\/\/olemosaic.com\/fr\/wp-json\/wp\/v2\/product\/31760","targetHints":{"allow":["GET"]}}],"collection":[{"href":"https:\/\/olemosaic.com\/fr\/wp-json\/wp\/v2\/product"}],"about":[{"href":"https:\/\/olemosaic.com\/fr\/wp-json\/wp\/v2\/types\/product"}],"wp:featuredmedia":[{"embeddable":true,"href":"https:\/\/olemosaic.com\/fr\/wp-json\/wp\/v2\/media\/10518"}],"wp:attachment":[{"href":"https:\/\/olemosaic.com\/fr\/wp-json\/wp\/v2\/media?parent=31760"}],"wp:term":[{"taxonomy":"product_brand","embeddable":true,"href":"https:\/\/olemosaic.com\/fr\/wp-json\/wp\/v2\/product_brand?post=31760"},{"taxonomy":"product_cat","embeddable":true,"href":"https:\/\/olemosaic.com\/fr\/wp-json\/wp\/v2\/product_cat?post=31760"},{"taxonomy":"product_tag","embeddable":true,"href":"https:\/\/olemosaic.com\/fr\/wp-json\/wp\/v2\/product_tag?post=31760"}],"curies":[{"name":"wp","href":"https:\/\/api.w.org\/{rel}","templated":true}]}}