{"id":31732,"date":"2025-02-20T23:33:35","date_gmt":"2025-02-20T22:33:35","guid":{"rendered":"http:\/\/olemosaic.com\/producto\/llavero-de-madera-letra-e-2\/"},"modified":"2025-07-25T18:45:29","modified_gmt":"2025-07-25T16:45:29","slug":"porte-cles-en-bois-lettre-e-2","status":"publish","type":"product","link":"https:\/\/olemosaic.com\/fr\/produit\/porte-cles-en-bois-lettre-e-2\/","title":{"rendered":"Porte-cl\u00e9s en bois. Lettre E. Mosa\u00efque."},"content":{"rendered":"<p>Ce porte-cl\u00e9s en bois en forme de lettre E est un rappel attrayant et color\u00e9 de la vibrante culture espagnole. Inspir\u00e9 par le c\u00e9l\u00e8bre trencad\u00eds de Gaud\u00ed, ce souvenir se distingue par sa finition m\u00e9ticuleuse peinte \u00e0 la main, o\u00f9 une vari\u00e9t\u00e9 de couleurs vives comme le rouge, le bleu, le vert et le jaune s&rsquo;entrelacent sur un fond blanc, cr\u00e9ant une \u0153uvre d&rsquo;art portable. La lettre E, parfaite pour personnaliser vos cl\u00e9s, devient un objet fonctionnel qui c\u00e9l\u00e8bre \u00e9galement la richesse de la mosa\u00efque traditionnelle espagnole.<\/p>\n<p>La forme de ce porte-cl\u00e9s n&rsquo;est pas seulement frappante, elle refl\u00e8te \u00e9galement une partie int\u00e9grante du folklore architectural de l&rsquo;Espagne, \u00e9voquant la cr\u00e9ativit\u00e9 et l&rsquo;essence du modernisme catalan. Chaque porte-cl\u00e9s est un hommage \u00e0 l&rsquo;artisanat et \u00e0 l&rsquo;ing\u00e9niosit\u00e9 des artistes qui ont laiss\u00e9 une empreinte ind\u00e9l\u00e9bile dans l&rsquo;histoire de l&rsquo;art espagnol. Cet article n&rsquo;est pas seulement id\u00e9al comme cadeau personnel, il se positionne \u00e9galement comme un charmant souvenir que les touristes et les locaux appr\u00e9cieront pour son authenticit\u00e9 et sa connexion culturelle.<\/p>\n<p>Chez Ol\u00e9 Mosaic, en tant que grossistes de souvenirs, nous proposons cette pi\u00e8ce unique, qui est une excellente option pour les boutiques de cadeaux touristiques, garantissant que chaque client emporte avec lui un morceau de la culture espagnole. Sans aucun doute, ce porte-cl\u00e9s est un souvenir repr\u00e9sentatif de l&rsquo;Espagne qui attirera les regards et captivera ceux qui le poss\u00e8dent.<\/p>\n","protected":false},"excerpt":{"rendered":"<p>Porte-cl\u00e9s en bois en forme de lettre E, inspir\u00e9 par la mosa\u00efque color\u00e9e typique de l&rsquo;Espagne. Ce design attrayant pr\u00e9sente une finition artisanale, peinte \u00e0 la main, avec une vari\u00e9t\u00e9 de couleurs vives telles que le rouge, le bleu, le vert et le jaune, sur un fond blanc. Le d\u00e9tail du trencad\u00eds \u00e9voque l&rsquo;essence culturelle des \u0153uvres de Gaud\u00ed, transformant ce porte-cl\u00e9s en un souvenir charmant et fonctionnel qui souligne la cr\u00e9ativit\u00e9 et l&rsquo;art espagnol. Id\u00e9al pour personnaliser vos cl\u00e9s ou comme souvenir original.<\/p>\n","protected":false},"featured_media":10924,"template":"","meta":{"_acf_changed":false},"product_brand":[],"product_cat":[607],"product_tag":[614],"class_list":{"0":"post-31732","1":"product","2":"type-product","3":"status-publish","4":"has-post-thumbnail","6":"product_cat-porte-cles","7":"product_tag-lettres","8":"pa_motivo-lettre-e","10":"first","11":"instock","12":"shipping-taxable","13":"product-type-simple"},"acf":[],"_links":{"self":[{"href":"https:\/\/olemosaic.com\/fr\/wp-json\/wp\/v2\/product\/31732","targetHints":{"allow":["GET"]}}],"collection":[{"href":"https:\/\/olemosaic.com\/fr\/wp-json\/wp\/v2\/product"}],"about":[{"href":"https:\/\/olemosaic.com\/fr\/wp-json\/wp\/v2\/types\/product"}],"wp:featuredmedia":[{"embeddable":true,"href":"https:\/\/olemosaic.com\/fr\/wp-json\/wp\/v2\/media\/10924"}],"wp:attachment":[{"href":"https:\/\/olemosaic.com\/fr\/wp-json\/wp\/v2\/media?parent=31732"}],"wp:term":[{"taxonomy":"product_brand","embeddable":true,"href":"https:\/\/olemosaic.com\/fr\/wp-json\/wp\/v2\/product_brand?post=31732"},{"taxonomy":"product_cat","embeddable":true,"href":"https:\/\/olemosaic.com\/fr\/wp-json\/wp\/v2\/product_cat?post=31732"},{"taxonomy":"product_tag","embeddable":true,"href":"https:\/\/olemosaic.com\/fr\/wp-json\/wp\/v2\/product_tag?post=31732"}],"curies":[{"name":"wp","href":"https:\/\/api.w.org\/{rel}","templated":true}]}}