{"id":31729,"date":"2025-02-20T23:33:34","date_gmt":"2025-02-20T22:33:34","guid":{"rendered":"http:\/\/olemosaic.com\/producto\/llavero-de-madera-letra-z-madrid\/"},"modified":"2025-07-25T18:35:08","modified_gmt":"2025-07-25T16:35:08","slug":"porte-cles-en-bois-lettre-z-madrid","status":"publish","type":"product","link":"https:\/\/olemosaic.com\/fr\/produit\/porte-cles-en-bois-lettre-z-madrid\/","title":{"rendered":"Porte-cl\u00e9s en bois. Lettre Z. Madrid."},"content":{"rendered":"<p>Ce porte-cl\u00e9s en bois en forme de lettre \u00ab\u00a0Z\u00a0\u00bb est un souvenir vibrant qui capture l&rsquo;essence de Madrid, id\u00e9al pour ceux qui recherchent un souvenir authentique de la capitale espagnole. Avec un design color\u00e9 et attrayant, il est d\u00e9cor\u00e9 d&rsquo;\u00e9l\u00e9ments iconiques de la ville, tels que le c\u00e9l\u00e8bre m\u00e9tro et des figures repr\u00e9sentatives, le tout pr\u00e9sent\u00e9 dans un style rappelant le trencad\u00eds. Chaque pi\u00e8ce semble \u00eatre peinte \u00e0 la main, ce qui garantit sa singularit\u00e9 et sa qualit\u00e9 artisanale. Les tons bleus, rouges et jaunes se combinent harmonieusement, \u00e9voquant l&rsquo;\u00e9nergie et la vitalit\u00e9 de Madrid. Plus qu&rsquo;un simple accessoire, ce porte-cl\u00e9s est une repr\u00e9sentation culturelle de la ville, devenant un souvenir parfait pour ceux qui l&rsquo;ont visit\u00e9e ou un cadeau charmant pour les passionn\u00e9s de culture espagnole. De plus, en tant que distributeur de souvenirs en gros, Ol\u00e9 Mosaic propose ce porte-cl\u00e9s en bois comme une excellente option pour les boutiques de cadeaux touristiques, assurant authenticit\u00e9 et pertinence culturelle. Parfait pour ceux qui recherchent des souvenirs de Madrid fusionnant art et fonctionnalit\u00e9, ce porte-cl\u00e9s est un morceau de l&rsquo;histoire et de la tradition madril\u00e8ne que vous pouvez emporter avec vous.<\/p>\n","protected":false},"excerpt":{"rendered":"<p>Porte-cl\u00e9s en bois en forme de lettre \u00ab\u00a0Z\u00a0\u00bb, inspir\u00e9 par la ville vibrante de Madrid. Ce porte-cl\u00e9s original pr\u00e9sente un design color\u00e9 mettant en avant des \u00e9l\u00e9ments iconiques de la ville, tels que le c\u00e9l\u00e8bre m\u00e9tro et des figures repr\u00e9sentatives, dans un style rappelant le trencad\u00eds. Peint avec un style artisanal, le porte-cl\u00e9s combine des tons bleus, rouges et jaunes, capturant l&rsquo;essence de la capitale. Un souvenir parfait pour se rem\u00e9morer votre visite \u00e0 Madrid, ou comme cadeau pour les amateurs de culture espagnole.<\/p>\n","protected":false},"featured_media":10858,"template":"","meta":{"_acf_changed":false},"product_brand":[],"product_cat":[607],"product_tag":[614],"class_list":{"0":"post-31729","1":"product","2":"type-product","3":"status-publish","4":"has-post-thumbnail","6":"product_cat-porte-cles","7":"product_tag-lettres","8":"pa_ciudad-madrid","9":"pa_motivo-lettre-z","10":"pa_pais-espana","12":"first","13":"instock","14":"shipping-taxable","15":"product-type-simple"},"acf":[],"_links":{"self":[{"href":"https:\/\/olemosaic.com\/fr\/wp-json\/wp\/v2\/product\/31729","targetHints":{"allow":["GET"]}}],"collection":[{"href":"https:\/\/olemosaic.com\/fr\/wp-json\/wp\/v2\/product"}],"about":[{"href":"https:\/\/olemosaic.com\/fr\/wp-json\/wp\/v2\/types\/product"}],"wp:featuredmedia":[{"embeddable":true,"href":"https:\/\/olemosaic.com\/fr\/wp-json\/wp\/v2\/media\/10858"}],"wp:attachment":[{"href":"https:\/\/olemosaic.com\/fr\/wp-json\/wp\/v2\/media?parent=31729"}],"wp:term":[{"taxonomy":"product_brand","embeddable":true,"href":"https:\/\/olemosaic.com\/fr\/wp-json\/wp\/v2\/product_brand?post=31729"},{"taxonomy":"product_cat","embeddable":true,"href":"https:\/\/olemosaic.com\/fr\/wp-json\/wp\/v2\/product_cat?post=31729"},{"taxonomy":"product_tag","embeddable":true,"href":"https:\/\/olemosaic.com\/fr\/wp-json\/wp\/v2\/product_tag?post=31729"}],"curies":[{"name":"wp","href":"https:\/\/api.w.org\/{rel}","templated":true}]}}