{"id":31726,"date":"2025-02-20T23:33:33","date_gmt":"2025-02-20T22:33:33","guid":{"rendered":"http:\/\/olemosaic.com\/producto\/llavero-de-madera-letra-y-mosaico\/"},"modified":"2025-07-25T18:35:37","modified_gmt":"2025-07-25T16:35:37","slug":"porte-cles-en-bois-lettre-y-mosaique","status":"publish","type":"product","link":"https:\/\/olemosaic.com\/fr\/produit\/porte-cles-en-bois-lettre-y-mosaique\/","title":{"rendered":"Porte-cl\u00e9s en bois. Lettre Y. Mosa\u00efque."},"content":{"rendered":"<p>Ce porte-cl\u00e9s en bois en forme de lettre \u00ab\u00a0Y\u00a0\u00bb est un v\u00e9ritable symbole de l&rsquo;art et de la culture espagnole, id\u00e9al pour ceux qui souhaitent emporter avec eux un petit morceau de ce pays. Son design de mosa\u00efque vibrant \u00e9voque les \u0153uvres color\u00e9es qui ornent de nombreuses villes espagnoles, capturant l&rsquo;essence du talent artistique local. Chaque pi\u00e8ce semble \u00eatre peinte \u00e0 la main, ce qui garantit que chaque porte-cl\u00e9s est unique, et ses couleurs vives dans les tons rouge, bleu, jaune et vert s&rsquo;entrelacent dans un motif d\u00e9licat de formes g\u00e9om\u00e9triques qui se distingue par son originalit\u00e9 et son attrait visuel.<\/p>\n<p>Le porte-cl\u00e9s est fabriqu\u00e9 en bois, ce qui lui conf\u00e8re non seulement de la durabilit\u00e9, mais aussi un lien avec la tradition artisanale espagnole. Ce souvenir n&rsquo;est pas seulement pratique, il transforme \u00e9galement chaque utilisation en un rappel visuel des riches h\u00e9ritages culturels que l&rsquo;on trouve dans le pays. La lettre \u00ab\u00a0Y\u00a0\u00bb peut \u00eatre personnalis\u00e9e, ce qui en fait un cadeau unique et significatif, parfait pour ceux qui recherchent des souvenirs repr\u00e9sentant \u00e0 la fois leur voyage et leur identit\u00e9 personnelle.<\/p>\n<p>Chez Ol\u00e9 Mosaic, nous nous consacrons \u00e0 la distribution de souvenirs en gros, offrant des produits qui refl\u00e8tent la culture et l&rsquo;art espagnol. Ce porte-cl\u00e9s en mosa\u00efque est une excellente option pour les boutiques de cadeaux touristiques \u00e0 la recherche d&rsquo;articles authentiques et repr\u00e9sentatifs. Avec son design unique et son lien culturel, ce porte-cl\u00e9s est un souvenir parfait de l&rsquo;Espagne, id\u00e9al pour les touristes et les amateurs d&rsquo;art.<\/p>\n","protected":false},"excerpt":{"rendered":"<p>Porte-cl\u00e9s en bois en forme de lettre \u00ab\u00a0Y\u00a0\u00bb, d\u00e9cor\u00e9 d&rsquo;un design de mosa\u00efque vibrant qui \u00e9voque la tradition artistique espagnole. Ce porte-cl\u00e9s se distingue par ses couleurs vives dans les tons rouge, bleu, jaune et vert, entrelac\u00e9es dans un motif de formes g\u00e9om\u00e9triques. Sa fabrication en bois garantit la durabilit\u00e9, tandis que son design artisanal, peint \u00e0 la main, souligne la singularit\u00e9 de chaque pi\u00e8ce. Un souvenir id\u00e9al pour porter toujours avec soi un petit morceau d&rsquo;art espagnol.<\/p>\n","protected":false},"featured_media":10775,"template":"","meta":{"_acf_changed":false},"product_brand":[],"product_cat":[607],"product_tag":[614],"class_list":{"0":"post-31726","1":"product","2":"type-product","3":"status-publish","4":"has-post-thumbnail","6":"product_cat-porte-cles","7":"product_tag-lettres","8":"pa_motivo-lettre-y","10":"first","11":"instock","12":"shipping-taxable","13":"product-type-simple"},"acf":[],"_links":{"self":[{"href":"https:\/\/olemosaic.com\/fr\/wp-json\/wp\/v2\/product\/31726","targetHints":{"allow":["GET"]}}],"collection":[{"href":"https:\/\/olemosaic.com\/fr\/wp-json\/wp\/v2\/product"}],"about":[{"href":"https:\/\/olemosaic.com\/fr\/wp-json\/wp\/v2\/types\/product"}],"wp:featuredmedia":[{"embeddable":true,"href":"https:\/\/olemosaic.com\/fr\/wp-json\/wp\/v2\/media\/10775"}],"wp:attachment":[{"href":"https:\/\/olemosaic.com\/fr\/wp-json\/wp\/v2\/media?parent=31726"}],"wp:term":[{"taxonomy":"product_brand","embeddable":true,"href":"https:\/\/olemosaic.com\/fr\/wp-json\/wp\/v2\/product_brand?post=31726"},{"taxonomy":"product_cat","embeddable":true,"href":"https:\/\/olemosaic.com\/fr\/wp-json\/wp\/v2\/product_cat?post=31726"},{"taxonomy":"product_tag","embeddable":true,"href":"https:\/\/olemosaic.com\/fr\/wp-json\/wp\/v2\/product_tag?post=31726"}],"curies":[{"name":"wp","href":"https:\/\/api.w.org\/{rel}","templated":true}]}}