{"id":31725,"date":"2025-02-20T22:33:33","date_gmt":"2025-02-20T22:33:33","guid":{"rendered":"http:\/\/olemosaic.com\/producto\/llavero-de-madera-letra-w-mosaico\/"},"modified":"2025-07-25T18:46:15","modified_gmt":"2025-07-25T16:46:15","slug":"porte-cles-en-bois-lettre-w-mosaique","status":"publish","type":"product","link":"https:\/\/olemosaic.com\/fr\/produit\/porte-cles-en-bois-lettre-w-mosaique\/","title":{"rendered":"Porte-cl\u00e9s en bois. Lettre W. Mosa\u00efque."},"content":{"rendered":"<p>Ce porte-cl\u00e9s en bois en forme de lettre \u00ab\u00a0W\u00a0\u00bb est un souvenir vibrant et color\u00e9 qui capture l&rsquo;essence de l&rsquo;art de la mosa\u00efque, l&rsquo;une des traditions les plus repr\u00e9sentatives de la culture espagnole. Son design joyeux combine des nuances de bleu, rouge, vert et jaune, \u00e9voquant la richesse visuelle pr\u00e9sente dans les mosa\u00efques qui ornent des villes comme Barcelone et Grenade. La forme distinctive de la lettre \u00ab\u00a0W\u00a0\u00bb n&rsquo;est pas seulement un d\u00e9tail personnalisable, mais symbolise \u00e9galement le lien avec la culture locale, offrant une excellente fa\u00e7on d&#8217;emporter une touche personnelle d&rsquo;Espagne.<\/p>\n<p>Fabriqu\u00e9 en bois, ce porte-cl\u00e9s s&rsquo;inscrit dans un style contemporain qui le rend attrayant tant pour les jeunes que pour les adultes. La technique de la mosa\u00efque employ\u00e9e souligne la cr\u00e9ativit\u00e9 et l&rsquo;ing\u00e9niosit\u00e9 artistique, en faisant un accessoire id\u00e9al pour les amateurs d&rsquo;art et de personnalisation. Sa l\u00e9g\u00e8ret\u00e9 et sa r\u00e9sistance le rendent parfait pour un usage quotidien, garantissant qu&rsquo;il ne soit pas seulement un souvenir, mais une pi\u00e8ce fonctionnelle dans la vie de tous les jours.<\/p>\n<p>Chez Ol\u00e9 Mosaic, notre d\u00e9vouement \u00e0 offrir des souvenirs authentiques garantit que chaque porte-cl\u00e9s en bois n&rsquo;est pas seulement un objet d\u00e9coratif, mais un v\u00e9ritable t\u00e9moignage de la culture et du patrimoine espagnol. Ce porte-cl\u00e9s en mosa\u00efque est, sans aucun doute, une option id\u00e9ale pour les boutiques de cadeaux touristiques \u00e0 la recherche de produits uniques et pleins de sens, parfaits pour ceux qui souhaitent ramener un petit morceau d&rsquo;Espagne \u00e0 la maison.<\/p>\n","protected":false},"excerpt":{"rendered":"<p>Porte-cl\u00e9s en bois en forme de lettre \u00ab\u00a0W\u00a0\u00bb, d\u00e9cor\u00e9 d&rsquo;un design de mosa\u00efque vibrant. Ce souvenir attrayant pr\u00e9sente une combinaison de couleurs joyeuses, comprenant des tons bleus, rouges, verts et jaunes, \u00e9voquant la riche tradition artistique espagnole. Sa technique de mosa\u00efque ajoute une touche distinctive, en faisant un accessoire id\u00e9al pour toujours porter avec soi un petit morceau de culture et de cr\u00e9ativit\u00e9. Parfait pour les amateurs d&rsquo;art et de personnalisation.<\/p>\n","protected":false},"featured_media":10773,"template":"","meta":{"_acf_changed":false},"product_brand":[],"product_cat":[607],"product_tag":[614],"class_list":{"0":"post-31725","1":"product","2":"type-product","3":"status-publish","4":"has-post-thumbnail","6":"product_cat-porte-cles","7":"product_tag-lettres","8":"pa_motivo-lettre-w","10":"first","11":"instock","12":"shipping-taxable","13":"product-type-simple"},"acf":[],"_links":{"self":[{"href":"https:\/\/olemosaic.com\/fr\/wp-json\/wp\/v2\/product\/31725","targetHints":{"allow":["GET"]}}],"collection":[{"href":"https:\/\/olemosaic.com\/fr\/wp-json\/wp\/v2\/product"}],"about":[{"href":"https:\/\/olemosaic.com\/fr\/wp-json\/wp\/v2\/types\/product"}],"wp:featuredmedia":[{"embeddable":true,"href":"https:\/\/olemosaic.com\/fr\/wp-json\/wp\/v2\/media\/10773"}],"wp:attachment":[{"href":"https:\/\/olemosaic.com\/fr\/wp-json\/wp\/v2\/media?parent=31725"}],"wp:term":[{"taxonomy":"product_brand","embeddable":true,"href":"https:\/\/olemosaic.com\/fr\/wp-json\/wp\/v2\/product_brand?post=31725"},{"taxonomy":"product_cat","embeddable":true,"href":"https:\/\/olemosaic.com\/fr\/wp-json\/wp\/v2\/product_cat?post=31725"},{"taxonomy":"product_tag","embeddable":true,"href":"https:\/\/olemosaic.com\/fr\/wp-json\/wp\/v2\/product_tag?post=31725"}],"curies":[{"name":"wp","href":"https:\/\/api.w.org\/{rel}","templated":true}]}}