{"id":31716,"date":"2025-02-20T23:33:33","date_gmt":"2025-02-20T22:33:33","guid":{"rendered":"http:\/\/olemosaic.com\/producto\/llavero-de-madera-letra-v-barcelona-2\/"},"modified":"2025-07-25T18:45:42","modified_gmt":"2025-07-25T16:45:42","slug":"porte-cles-en-bois-lettre-v-barcelone-2","status":"publish","type":"product","link":"https:\/\/olemosaic.com\/fr\/produit\/porte-cles-en-bois-lettre-v-barcelone-2\/","title":{"rendered":"Porte-cl\u00e9s en bois. Lettre V. Sagrada Familia. Barcelone."},"content":{"rendered":"<p>Ce porte-cl\u00e9s en bois avec la lettre \u00ab\u00a0V\u00a0\u00bb est un souvenir charmant qui repr\u00e9sente la vibrante Barcelone, une m\u00e9tropole riche en histoire, art et architecture embl\u00e9matique. Avec un design color\u00e9 montrant la mondialement c\u00e9l\u00e8bre Sagrada Familia ainsi que d&rsquo;autres \u00e9l\u00e9ments architecturaux iconiques, ce porte-cl\u00e9s \u00e9voque le style artistique de la mosa\u00efque de Gaud\u00ed, symbole du modernisme catalan. Peint \u00e0 la main, sa finition attrayante se distingue par des d\u00e9tails frappants en vert, rouge et bleu, capturant l&rsquo;essence de la cr\u00e9ativit\u00e9 et de la couleur qui caract\u00e9risent la ville.<\/p>\n<p>La lettre \u00ab\u00a0V\u00a0\u00bb ne symbolise pas seulement la ville de Barcelone, mais ajoute \u00e9galement une touche personnelle et distinctive, en faisant un cadeau id\u00e9al pour ceux qui recherchent plus qu&rsquo;un simple souvenir. Ce porte-cl\u00e9s est pratique et l\u00e9ger, parfait pour emporter un morceau de Barcelone avec vous n&rsquo;importe o\u00f9, rappelant son atmosph\u00e8re magique et vibrante.<\/p>\n<p>Chez Ol\u00e9 Mosaic, nous nous sp\u00e9cialisons dans la distribution de souvenirs authentiques et de qualit\u00e9. Ce porte-cl\u00e9s de Barcelone est une excellente option pour les boutiques de cadeaux touristiques qui souhaitent offrir \u00e0 leurs clients des produits repr\u00e9sentatifs avec une forte signification culturelle. Avec son design unique et sa connexion culturelle, c&rsquo;est le souvenir parfait pour ceux qui veulent ch\u00e9rir une partie de cette ville merveilleuse.<\/p>\n","protected":false},"excerpt":{"rendered":"<p>Porte-cl\u00e9s en bois en forme de lettre \u00ab\u00a0V\u00a0\u00bb, repr\u00e9sentant la ville vibrante de Barcelone. Ce design color\u00e9 inclut l&rsquo;iconique Sagrada Familia et d&rsquo;autres \u00e9l\u00e9ments architecturaux remarquables, avec un style artistique \u00e9voquant la mosa\u00efque de Gaud\u00ed. Peint avec un style artisanal avec des d\u00e9tails frappants en vert, rouge et bleu, ce porte-cl\u00e9s est le souvenir parfait pour les amoureux de l&rsquo;architecture et de la culture catalane. Id\u00e9al pour toujours porter un morceau de Barcelone avec soi.<\/p>\n","protected":false},"featured_media":10533,"template":"","meta":{"_acf_changed":false},"product_brand":[],"product_cat":[607],"product_tag":[614],"class_list":{"0":"post-31716","1":"product","2":"type-product","3":"status-publish","4":"has-post-thumbnail","6":"product_cat-porte-cles","7":"product_tag-lettres","8":"pa_ciudad-barcelona","9":"pa_motivo-lettre-v","10":"pa_pais-espana","12":"first","13":"instock","14":"shipping-taxable","15":"product-type-simple"},"acf":[],"_links":{"self":[{"href":"https:\/\/olemosaic.com\/fr\/wp-json\/wp\/v2\/product\/31716","targetHints":{"allow":["GET"]}}],"collection":[{"href":"https:\/\/olemosaic.com\/fr\/wp-json\/wp\/v2\/product"}],"about":[{"href":"https:\/\/olemosaic.com\/fr\/wp-json\/wp\/v2\/types\/product"}],"wp:featuredmedia":[{"embeddable":true,"href":"https:\/\/olemosaic.com\/fr\/wp-json\/wp\/v2\/media\/10533"}],"wp:attachment":[{"href":"https:\/\/olemosaic.com\/fr\/wp-json\/wp\/v2\/media?parent=31716"}],"wp:term":[{"taxonomy":"product_brand","embeddable":true,"href":"https:\/\/olemosaic.com\/fr\/wp-json\/wp\/v2\/product_brand?post=31716"},{"taxonomy":"product_cat","embeddable":true,"href":"https:\/\/olemosaic.com\/fr\/wp-json\/wp\/v2\/product_cat?post=31716"},{"taxonomy":"product_tag","embeddable":true,"href":"https:\/\/olemosaic.com\/fr\/wp-json\/wp\/v2\/product_tag?post=31716"}],"curies":[{"name":"wp","href":"https:\/\/api.w.org\/{rel}","templated":true}]}}