{"id":31715,"date":"2025-02-20T23:33:32","date_gmt":"2025-02-20T22:33:32","guid":{"rendered":"http:\/\/olemosaic.com\/producto\/llavero-de-madera-letra-v-valencia\/"},"modified":"2025-07-25T18:45:44","modified_gmt":"2025-07-25T16:45:44","slug":"porte-cles-en-bois-lettre-v-valence","status":"publish","type":"product","link":"https:\/\/olemosaic.com\/fr\/produit\/porte-cles-en-bois-lettre-v-valence\/","title":{"rendered":"Porte-cl\u00e9s en bois. Lettre V. Valence."},"content":{"rendered":"<p>Ce porte-cl\u00e9s en bois en forme de lettre \u00ab\u00a0V\u00a0\u00bb est un charmant hommage \u00e0 la ville vibrante de Valence, capturant l&rsquo;essence de ses ic\u00f4nes architecturales les plus embl\u00e9matiques. Le design est m\u00e9ticuleusement d\u00e9cor\u00e9 de d\u00e9tails color\u00e9s repr\u00e9sentant le c\u00e9l\u00e8bre pont de l&rsquo;Alameda et la futuriste Cit\u00e9 des Arts et des Sciences. La technique de la mosa\u00efque utilis\u00e9e met en valeur une palette de tons vifs bleus, rouges et jaunes, qui symbolisent la riche culture, la cr\u00e9ativit\u00e9 et la modernit\u00e9 de cette impressionnante ville m\u00e9diterran\u00e9enne.<\/p>\n<p>Fabriqu\u00e9 en bois r\u00e9sistant, ce porte-cl\u00e9s n&rsquo;est pas seulement un moyen pratique de transporter ses cl\u00e9s, mais agit \u00e9galement comme un \u00e9l\u00e9gant souvenir \u00e9voquant des moments m\u00e9morables de vos voyages \u00e0 Valence. Les motifs architecturaux \u00e9labor\u00e9s donnent vie au design, tandis que sa forme distinctive souligne l&rsquo;initiale de la ville, faisant de ce porte-cl\u00e9s un article id\u00e9al \u00e0 offrir ou comme souvenir personnel.<\/p>\n<p>Chez Ol\u00e9 Mosaic, nous sommes distributeurs de souvenirs en gros, et ce porte-cl\u00e9s de Valence repr\u00e9sente une excellente option pour les boutiques de cadeaux touristiques cherchant \u00e0 proposer des produits authentiques et repr\u00e9sentatifs de la culture espagnole. Ce porte-cl\u00e9s est \u00e9galement un moyen parfait de capturer l&rsquo;essence de Valence \u00e0 travers un objet utile et attrayant, devenant un cadeau significatif pour ceux qui souhaitent ramener un morceau de la ville chez eux.<\/p>\n","protected":false},"excerpt":{"rendered":"<p>Porte-cl\u00e9s en bois en forme de lettre \u00ab\u00a0V\u00a0\u00bb, inspir\u00e9 par la ville vibrante de Valence. Ce porte-cl\u00e9s attrayant pr\u00e9sente un design color\u00e9 avec des motifs architecturaux embl\u00e9matiques de la ville, incluant des \u00e9l\u00e9ments du c\u00e9l\u00e8bre pont de l&rsquo;Alameda et de la Cit\u00e9 des Arts et des Sciences. La technique de la mosa\u00efque et les tons vifs bleus, rouges et jaunes refl\u00e8tent la riche culture et la modernit\u00e9 de Valence, en faisant un souvenir id\u00e9al.<\/p>\n","protected":false},"featured_media":10880,"template":"","meta":{"_acf_changed":false},"product_brand":[],"product_cat":[607],"product_tag":[614],"class_list":{"0":"post-31715","1":"product","2":"type-product","3":"status-publish","4":"has-post-thumbnail","6":"product_cat-porte-cles","7":"product_tag-lettres","8":"pa_ciudad-valencia","9":"pa_motivo-lettre-v","10":"pa_pais-espana","12":"first","13":"instock","14":"shipping-taxable","15":"product-type-simple"},"acf":[],"_links":{"self":[{"href":"https:\/\/olemosaic.com\/fr\/wp-json\/wp\/v2\/product\/31715","targetHints":{"allow":["GET"]}}],"collection":[{"href":"https:\/\/olemosaic.com\/fr\/wp-json\/wp\/v2\/product"}],"about":[{"href":"https:\/\/olemosaic.com\/fr\/wp-json\/wp\/v2\/types\/product"}],"wp:featuredmedia":[{"embeddable":true,"href":"https:\/\/olemosaic.com\/fr\/wp-json\/wp\/v2\/media\/10880"}],"wp:attachment":[{"href":"https:\/\/olemosaic.com\/fr\/wp-json\/wp\/v2\/media?parent=31715"}],"wp:term":[{"taxonomy":"product_brand","embeddable":true,"href":"https:\/\/olemosaic.com\/fr\/wp-json\/wp\/v2\/product_brand?post=31715"},{"taxonomy":"product_cat","embeddable":true,"href":"https:\/\/olemosaic.com\/fr\/wp-json\/wp\/v2\/product_cat?post=31715"},{"taxonomy":"product_tag","embeddable":true,"href":"https:\/\/olemosaic.com\/fr\/wp-json\/wp\/v2\/product_tag?post=31715"}],"curies":[{"name":"wp","href":"https:\/\/api.w.org\/{rel}","templated":true}]}}