{"id":31710,"date":"2025-02-20T23:33:32","date_gmt":"2025-02-20T22:33:32","guid":{"rendered":"http:\/\/olemosaic.com\/producto\/llavero-de-madera-letra-t-madrid\/"},"modified":"2025-07-25T19:35:36","modified_gmt":"2025-07-25T17:35:36","slug":"porte-cles-en-bois-lettre-t-madrid","status":"publish","type":"product","link":"https:\/\/olemosaic.com\/fr\/produit\/porte-cles-en-bois-lettre-t-madrid\/","title":{"rendered":"Porte-cl\u00e9s en bois. Lettre T. Madrid."},"content":{"rendered":"<p>Ce porte-cl\u00e9s en bois en forme de lettre \u00ab T \u00bb est un souvenir ing\u00e9nieux et color\u00e9 qui repr\u00e9sente la ville embl\u00e9matique de Madrid. Son design comprend des illustrations vibrantes qui capturent l&rsquo;essence culturelle de la capitale espagnole, pr\u00e9sentant une sc\u00e8ne pittoresque avec des personnages typiques et des \u00e9l\u00e9ments iconiques comme la station de m\u00e9tro. Le \u00ab T \u00bb n&rsquo;est pas seulement un symbole ludique, mais il \u00e9voque \u00e9galement l&rsquo;art des mosa\u00efques, avec chaque d\u00e9tail soigneusement \u00e9labor\u00e9 pour offrir un produit visuellement attrayant.<\/p>\n<p>Sur l&rsquo;une de ses faces, on peut voir des personnages en interaction joyeuse, v\u00eatus de costumes traditionnels, entour\u00e9s des carreaux caract\u00e9ristiques qui ornent de nombreux coins de Madrid. La palette de couleurs vibrantes utilis\u00e9e dans l&rsquo;illustration cr\u00e9e un effet fascinant qui attirera aussi bien les r\u00e9sidents que les touristes. Ce porte-cl\u00e9s n&rsquo;est pas seulement un accessoire pratique pour garder les cl\u00e9s organis\u00e9es, mais aussi un magnifique rappel des exp\u00e9riences v\u00e9cues dans la capitale.<\/p>\n<p>Chez Ol\u00e9 Mosaic, nous nous sp\u00e9cialisons dans la distribution de souvenirs en gros, et ce porte-cl\u00e9s de Madrid est une excellente option pour les boutiques de cadeaux touristiques. Avec sa combinaison d&rsquo;authenticit\u00e9 et d&rsquo;attrait visuel, c&rsquo;est le souvenir parfait pour ceux qui cherchent \u00e0 emporter un petit morceau de Madrid, c\u00e9l\u00e9brant sa riche culture et ses traditions. En tant que grossistes de souvenirs de Madrid, nous garantissons la qualit\u00e9 et l&rsquo;originalit\u00e9 de chaque produit.<\/p>\n","protected":false},"excerpt":{"rendered":"<p>Porte-cl\u00e9s en bois en forme de lettre \u00ab T \u00bb, repr\u00e9sentant la ville embl\u00e9matique de Madrid. Ce porte-cl\u00e9s original pr\u00e9sente une illustration vibrante aux motifs culturels, montrant une sc\u00e8ne pittoresque avec des personnages typiques et des \u00e9l\u00e9ments iconiques de la ville, comme la station de m\u00e9tro. Son design color\u00e9 et d\u00e9taill\u00e9, inspir\u00e9 de l&rsquo;art de la mosa\u00efque, en fait un souvenir attrayant parfait pour se souvenir de votre visite dans la capitale espagnole.<\/p>\n","protected":false},"featured_media":10852,"template":"","meta":{"_acf_changed":false},"product_brand":[],"product_cat":[607],"product_tag":[614],"class_list":{"0":"post-31710","1":"product","2":"type-product","3":"status-publish","4":"has-post-thumbnail","6":"product_cat-porte-cles","7":"product_tag-lettres","8":"pa_ciudad-madrid","9":"pa_motivo-lettre-t","10":"pa_pais-espana","12":"first","13":"instock","14":"shipping-taxable","15":"product-type-simple"},"acf":[],"_links":{"self":[{"href":"https:\/\/olemosaic.com\/fr\/wp-json\/wp\/v2\/product\/31710","targetHints":{"allow":["GET"]}}],"collection":[{"href":"https:\/\/olemosaic.com\/fr\/wp-json\/wp\/v2\/product"}],"about":[{"href":"https:\/\/olemosaic.com\/fr\/wp-json\/wp\/v2\/types\/product"}],"wp:featuredmedia":[{"embeddable":true,"href":"https:\/\/olemosaic.com\/fr\/wp-json\/wp\/v2\/media\/10852"}],"wp:attachment":[{"href":"https:\/\/olemosaic.com\/fr\/wp-json\/wp\/v2\/media?parent=31710"}],"wp:term":[{"taxonomy":"product_brand","embeddable":true,"href":"https:\/\/olemosaic.com\/fr\/wp-json\/wp\/v2\/product_brand?post=31710"},{"taxonomy":"product_cat","embeddable":true,"href":"https:\/\/olemosaic.com\/fr\/wp-json\/wp\/v2\/product_cat?post=31710"},{"taxonomy":"product_tag","embeddable":true,"href":"https:\/\/olemosaic.com\/fr\/wp-json\/wp\/v2\/product_tag?post=31710"}],"curies":[{"name":"wp","href":"https:\/\/api.w.org\/{rel}","templated":true}]}}