{"id":31701,"date":"2025-02-20T23:33:31","date_gmt":"2025-02-20T22:33:31","guid":{"rendered":"http:\/\/olemosaic.com\/producto\/llavero-de-madera-letra-s-2\/"},"modified":"2025-07-25T19:23:19","modified_gmt":"2025-07-25T17:23:19","slug":"porte-cles-en-bois-lettre-s-fond-noir","status":"publish","type":"product","link":"https:\/\/olemosaic.com\/fr\/produit\/porte-cles-en-bois-lettre-s-fond-noir\/","title":{"rendered":"Porte-cl\u00e9s en bois. Lettre S. Fond noir."},"content":{"rendered":"<p>Ce porte-cl\u00e9s en bois en forme de lettre \u00ab\u00a0S\u00a0\u00bb est une pi\u00e8ce captivante qui repr\u00e9sente la richesse et les couleurs de la c\u00e9ramique traditionnelle espagnole. D\u00e9cor\u00e9 d&rsquo;un design floral vibrant dans des tons rouges, bleus et jaunes, chaque d\u00e9tail est pens\u00e9 pour attirer le regard et \u00e9voquer l&rsquo;essence de l&rsquo;art populaire espagnol. La lettre \u00ab\u00a0S\u00a0\u00bb brillante ressort sur un fond noir, apportant une touche moderne qui compl\u00e8te son style classique et folklorique.<\/p>\n<p>Ce porte-cl\u00e9s n&rsquo;est pas seulement un accessoire pratique pour porter vos cl\u00e9s, mais aussi un souvenir authentique qui capture la culture de l&rsquo;Espagne. La c\u00e9ramique est l&rsquo;une des formes artistiques les plus appr\u00e9ci\u00e9es du pays, et ce porte-cl\u00e9s symbolise cette tradition, devenant un souvenir parfait pour ceux qui souhaitent emporter une part de ce riche h\u00e9ritage culturel.<\/p>\n<p>Chez Ol\u00e9 Mosaic, notre engagement est d&rsquo;offrir des souvenirs de haute qualit\u00e9 qui connectent les touristes \u00e0 la beaut\u00e9 de l&rsquo;Espagne. Ce porte-cl\u00e9s en bois est une excellente option pour les boutiques de cadeaux touristiques, car il combine artisanat et fonctionnalit\u00e9 en un seul produit. En tant que grossistes de souvenirs, nous garantissons l&rsquo;authenticit\u00e9 et l&rsquo;attrait visuel de toute notre collection, soulignant sa pertinence culturelle et son lien avec la tradition espagnole.<\/p>\n","protected":false},"excerpt":{"rendered":"<p>Porte-cl\u00e9s en bois en forme de lettre \u00ab\u00a0S\u00a0\u00bb, d\u00e9cor\u00e9 de couleurs vives et de motifs inspir\u00e9s de la c\u00e9ramique traditionnelle espagnole. Ce porte-cl\u00e9s frappant pr\u00e9sente un design joyeux et artistique, avec des motifs floraux dans des tons rouges, bleus et jaunes. La figure ressort sur un fond noir, ce qui ajoute une touche moderne au charme classique du folklore. Id\u00e9al comme souvenir ou pour un usage quotidien, c&rsquo;est un accessoire qui refl\u00e8te la culture espagnole avec style.<\/p>\n","protected":false},"featured_media":9609,"template":"","meta":{"_acf_changed":false},"product_brand":[],"product_cat":[607],"product_tag":[614],"class_list":{"0":"post-31701","1":"product","2":"type-product","3":"status-publish","4":"has-post-thumbnail","6":"product_cat-porte-cles","7":"product_tag-lettres","8":"pa_motivo-lettre-s","10":"first","11":"instock","12":"shipping-taxable","13":"product-type-simple"},"acf":[],"_links":{"self":[{"href":"https:\/\/olemosaic.com\/fr\/wp-json\/wp\/v2\/product\/31701","targetHints":{"allow":["GET"]}}],"collection":[{"href":"https:\/\/olemosaic.com\/fr\/wp-json\/wp\/v2\/product"}],"about":[{"href":"https:\/\/olemosaic.com\/fr\/wp-json\/wp\/v2\/types\/product"}],"wp:featuredmedia":[{"embeddable":true,"href":"https:\/\/olemosaic.com\/fr\/wp-json\/wp\/v2\/media\/9609"}],"wp:attachment":[{"href":"https:\/\/olemosaic.com\/fr\/wp-json\/wp\/v2\/media?parent=31701"}],"wp:term":[{"taxonomy":"product_brand","embeddable":true,"href":"https:\/\/olemosaic.com\/fr\/wp-json\/wp\/v2\/product_brand?post=31701"},{"taxonomy":"product_cat","embeddable":true,"href":"https:\/\/olemosaic.com\/fr\/wp-json\/wp\/v2\/product_cat?post=31701"},{"taxonomy":"product_tag","embeddable":true,"href":"https:\/\/olemosaic.com\/fr\/wp-json\/wp\/v2\/product_tag?post=31701"}],"curies":[{"name":"wp","href":"https:\/\/api.w.org\/{rel}","templated":true}]}}