{"id":31699,"date":"2025-02-20T23:33:31","date_gmt":"2025-02-20T22:33:31","guid":{"rendered":"http:\/\/olemosaic.com\/producto\/llavero-de-madera-letra-s-sevilla\/"},"modified":"2025-07-25T18:58:27","modified_gmt":"2025-07-25T16:58:27","slug":"porte-cles-en-bois-lettre-s-seville","status":"publish","type":"product","link":"https:\/\/olemosaic.com\/fr\/produit\/porte-cles-en-bois-lettre-s-seville\/","title":{"rendered":"Porte-cl\u00e9s en bois. Lettre S. S\u00e9ville."},"content":{"rendered":"<p>Ce porte-cl\u00e9s en bois en forme de lettre \u00ab\u00a0S\u00a0\u00bb est un charmant souvenir repr\u00e9sentant la ville de S\u00e9ville, c\u00e9l\u00e8bre pour sa riche histoire et sa culture vibrante. Avec un design peint \u00e0 la main, le porte-cl\u00e9s se distingue par ses couleurs vives qui capturent l&rsquo;essence de la ville. La lettre \u00ab\u00a0S\u00a0\u00bb est orn\u00e9e d&rsquo;illustrations d&rsquo;\u00e9l\u00e9ments embl\u00e9matiques, tels que la Giralda, qui se dresse majestueusement sur l&rsquo;horizon s\u00e9villan, ainsi que d&rsquo;autres motifs culturels refl\u00e9tant l&rsquo;authenticit\u00e9 de cette r\u00e9gion espagnole.<\/p>\n<p>La base en bois, soigneusement trait\u00e9e, offre non seulement une finition \u00e9l\u00e9gante, mais ajoute \u00e9galement une touche rustique et une qualit\u00e9 artisanale au produit. Les d\u00e9tails artistiques peints \u00e0 la main garantissent que chaque porte-cl\u00e9s est une pi\u00e8ce unique, parfaite pour les amoureux de S\u00e9ville souhaitant emporter un petit morceau de cette ville magnifique. Ce porte-cl\u00e9s n&rsquo;est pas seulement fonctionnel pour organiser les cl\u00e9s, il sert aussi de rappel constant de la beaut\u00e9 s\u00e9villane et de son riche h\u00e9ritage culturel.<\/p>\n<p>Chez Ol\u00e9 Mosaic, nous sommes sp\u00e9cialis\u00e9s dans la distribution de souvenirs en gros, et ce porte-cl\u00e9s de S\u00e9ville est une excellente option pour les boutiques de cadeaux touristiques cherchant \u00e0 proposer des produits authentiques et significatifs. Laissez-vous s\u00e9duire par la culture andalouse et faites de ce porte-cl\u00e9s un cadeau parfait ou un souvenir inoubliable de votre visite \u00e0 S\u00e9ville.<\/p>\n","protected":false},"excerpt":{"rendered":"<p>Porte-cl\u00e9s en bois avec la lettre \u00ab\u00a0S\u00a0\u00bb, repr\u00e9sentant S\u00e9ville. Ce porte-cl\u00e9s \u00e9l\u00e9gant se distingue par ses couleurs vives et son design artisanal, peint \u00e0 la main, illustrant des \u00e9l\u00e9ments embl\u00e9matiques de la ville, comme la Giralda et d&rsquo;autres motifs culturels. La finition en bois et les d\u00e9tails artistiques en font un souvenir unique, id\u00e9al pour emporter la beaut\u00e9 s\u00e9villane partout avec soi. Parfait pour les amoureux de cette charmante r\u00e9gion espagnole.<\/p>\n","protected":false},"featured_media":10903,"template":"","meta":{"_acf_changed":false},"product_brand":[],"product_cat":[607],"product_tag":[614],"class_list":{"0":"post-31699","1":"product","2":"type-product","3":"status-publish","4":"has-post-thumbnail","6":"product_cat-porte-cles","7":"product_tag-lettres","8":"pa_ciudad-sevilla","9":"pa_motivo-lettre-s","10":"pa_pais-espana","12":"first","13":"instock","14":"shipping-taxable","15":"product-type-simple"},"acf":[],"_links":{"self":[{"href":"https:\/\/olemosaic.com\/fr\/wp-json\/wp\/v2\/product\/31699","targetHints":{"allow":["GET"]}}],"collection":[{"href":"https:\/\/olemosaic.com\/fr\/wp-json\/wp\/v2\/product"}],"about":[{"href":"https:\/\/olemosaic.com\/fr\/wp-json\/wp\/v2\/types\/product"}],"wp:featuredmedia":[{"embeddable":true,"href":"https:\/\/olemosaic.com\/fr\/wp-json\/wp\/v2\/media\/10903"}],"wp:attachment":[{"href":"https:\/\/olemosaic.com\/fr\/wp-json\/wp\/v2\/media?parent=31699"}],"wp:term":[{"taxonomy":"product_brand","embeddable":true,"href":"https:\/\/olemosaic.com\/fr\/wp-json\/wp\/v2\/product_brand?post=31699"},{"taxonomy":"product_cat","embeddable":true,"href":"https:\/\/olemosaic.com\/fr\/wp-json\/wp\/v2\/product_cat?post=31699"},{"taxonomy":"product_tag","embeddable":true,"href":"https:\/\/olemosaic.com\/fr\/wp-json\/wp\/v2\/product_tag?post=31699"}],"curies":[{"name":"wp","href":"https:\/\/api.w.org\/{rel}","templated":true}]}}