{"id":31673,"date":"2025-02-20T23:33:31","date_gmt":"2025-02-20T22:33:31","guid":{"rendered":"http:\/\/olemosaic.com\/producto\/llavero-de-madera-letra-r-sevilla\/"},"modified":"2025-07-25T18:43:39","modified_gmt":"2025-07-25T16:43:39","slug":"porte-cles-en-bois-lettre-r-seville","status":"publish","type":"product","link":"https:\/\/olemosaic.com\/fr\/produit\/porte-cles-en-bois-lettre-r-seville\/","title":{"rendered":"Porte-cl\u00e9s en bois. Lettre R. S\u00e9ville."},"content":{"rendered":"<p>Ce porte-cl\u00e9s en bois en forme de lettre \u00ab\u00a0R\u00a0\u00bb repr\u00e9sente la ville embl\u00e9matique de S\u00e9ville, capturant son essence vibrante et color\u00e9e dans un design charmant. La pi\u00e8ce, avec un effet peint \u00e0 la main selon la technique de la mosa\u00efque, pr\u00e9sente des d\u00e9tails iconiques tels que la Giralda, un symbole embl\u00e9matique qui se dresse majestueusement dans le ciel s\u00e9villan. De plus, des \u00e9l\u00e9ments culturels cl\u00e9s, comme une cal\u00e8che et des palmiers, \u00e9voquent la riche histoire et l&rsquo;ambiance festive de la capitale andalouse, cr\u00e9ant un souvenir durable et significatif.<\/p>\n<p>Visuellement, le porte-cl\u00e9s combine des couleurs vives qui ressortent sur le bois, avec un fond en mosa\u00efque qui ajoute de la texture et de la profondeur \u00e0 la lettre \u00ab\u00a0R\u00a0\u00bb. Ce d\u00e9tail artisanal fait du porte-cl\u00e9s une excellente option pour ceux qui recherchent des souvenirs authentiques et repr\u00e9sentatifs. Les amoureux de S\u00e9ville trouveront dans ce porte-cl\u00e9s un cadeau parfait qui encapsule la beaut\u00e9 de la ville et sa culture vibrante.<\/p>\n<p>Ol\u00e9 Mosaic est fier de proposer des produits de qualit\u00e9, et ce porte-cl\u00e9s en bois est un exemple id\u00e9al pour les boutiques de cadeaux touristiques souhaitant enrichir leur offre avec des souvenirs caract\u00e9ristiques. En tant que grossiste d&rsquo;articles culturels, nous garantissons que chaque pi\u00e8ce b\u00e9n\u00e9ficie d&rsquo;un design authentique qui ravira les touristes comme les locaux. Ce porte-cl\u00e9s est, sans aucun doute, un souvenir qui durera dans le temps, rappelant les charmes de S\u00e9ville.<\/p>\n","protected":false},"excerpt":{"rendered":"<p>Porte-cl\u00e9s en bois en forme de lettre \u00ab\u00a0R\u00a0\u00bb, repr\u00e9sentant la ville de S\u00e9ville. Ce porte-cl\u00e9s attrayant se distingue par son design artisanal vibrant, peint \u00e0 la main, incluant des \u00e9l\u00e9ments embl\u00e9matiques tels que la Giralda et des d\u00e9tails de la culture andalouse, comme une cal\u00e8che et des palmiers. La combinaison de couleurs vives et la technique de la mosa\u00efque lui conf\u00e8rent un caract\u00e8re distinctif, id\u00e9al pour se souvenir du charme de S\u00e9ville n&rsquo;importe o\u00f9. Un souvenir parfait pour les amoureux de la ville.<\/p>\n","protected":false},"featured_media":10902,"template":"","meta":{"_acf_changed":false},"product_brand":[],"product_cat":[607],"product_tag":[614],"class_list":{"0":"post-31673","1":"product","2":"type-product","3":"status-publish","4":"has-post-thumbnail","6":"product_cat-porte-cles","7":"product_tag-lettres","8":"pa_ciudad-sevilla","9":"pa_motivo-lettre-r","10":"pa_pais-espana","12":"first","13":"instock","14":"shipping-taxable","15":"product-type-simple"},"acf":[],"_links":{"self":[{"href":"https:\/\/olemosaic.com\/fr\/wp-json\/wp\/v2\/product\/31673","targetHints":{"allow":["GET"]}}],"collection":[{"href":"https:\/\/olemosaic.com\/fr\/wp-json\/wp\/v2\/product"}],"about":[{"href":"https:\/\/olemosaic.com\/fr\/wp-json\/wp\/v2\/types\/product"}],"wp:featuredmedia":[{"embeddable":true,"href":"https:\/\/olemosaic.com\/fr\/wp-json\/wp\/v2\/media\/10902"}],"wp:attachment":[{"href":"https:\/\/olemosaic.com\/fr\/wp-json\/wp\/v2\/media?parent=31673"}],"wp:term":[{"taxonomy":"product_brand","embeddable":true,"href":"https:\/\/olemosaic.com\/fr\/wp-json\/wp\/v2\/product_brand?post=31673"},{"taxonomy":"product_cat","embeddable":true,"href":"https:\/\/olemosaic.com\/fr\/wp-json\/wp\/v2\/product_cat?post=31673"},{"taxonomy":"product_tag","embeddable":true,"href":"https:\/\/olemosaic.com\/fr\/wp-json\/wp\/v2\/product_tag?post=31673"}],"curies":[{"name":"wp","href":"https:\/\/api.w.org\/{rel}","templated":true}]}}