{"id":31669,"date":"2025-02-20T23:33:30","date_gmt":"2025-02-20T22:33:30","guid":{"rendered":"http:\/\/olemosaic.com\/producto\/llavero-de-madera-letra-r-valencia\/"},"modified":"2025-07-25T19:21:15","modified_gmt":"2025-07-25T17:21:15","slug":"porte-cles-en-bois-lettre-r-valence","status":"publish","type":"product","link":"https:\/\/olemosaic.com\/fr\/produit\/porte-cles-en-bois-lettre-r-valence\/","title":{"rendered":"Porte-cl\u00e9s en bois. Lettre R. Valence."},"content":{"rendered":"<p>Ce porte-cl\u00e9s en bois en forme de lettre \u00ab\u00a0R\u00a0\u00bb est un hommage chaleureux \u00e0 la ville dynamique de Valence, id\u00e9al pour ceux qui souhaitent emporter avec eux un morceau de sa riche histoire et de sa culture. Avec un design color\u00e9 qui se distingue par sa connexion avec des \u00e9l\u00e9ments architecturaux embl\u00e9matiques, ce porte-cl\u00e9s n&rsquo;est pas seulement un outil pratique pour organiser les cl\u00e9s, mais aussi un authentique souvenir de Valence. Chaque face du porte-cl\u00e9s illustre la majestueuse cath\u00e9drale de Valence et l&rsquo;ensemble moderne de la Cit\u00e9 des Arts et des Sciences, fusionnant tradition et avant-garde dans une pi\u00e8ce unique.<\/p>\n<p>Le porte-cl\u00e9s est travaill\u00e9 avec des techniques vibrantes et des d\u00e9tails en mosa\u00efque, ce qui souligne l&rsquo;esth\u00e9tique distinctive de Valence. En observant son design, on appr\u00e9cie les tons vifs qui capturent la lumi\u00e8re et l&rsquo;esprit de la ville, faisant de cet article une repr\u00e9sentation visuelle captivante de son patrimoine culturel. De plus, il inclut l&rsquo;inscription \u00ab\u00a0VALENCIA\u00a0\u00bb, soulignant son origine.<\/p>\n<p>Chez Ol\u00e9 Mosaic, nous comprenons l&rsquo;importance de proposer des souvenirs authentiques qui refl\u00e8tent l&rsquo;essence du lieu d&rsquo;origine. Ce porte-cl\u00e9s est une option id\u00e9ale pour les boutiques de cadeaux touristiques \u00e0 la recherche de produits de qualit\u00e9, avec une valeur culturelle significative, parfaits pour les touristes qui souhaitent se souvenir de leur s\u00e9jour dans cette ville magnifique. En tant que grossiste de porte-cl\u00e9s et de souvenirs, nous garantissons que nos pi\u00e8ces ne sont pas seulement d\u00e9coratives, mais aussi m\u00e9morables et pleines de sens.<\/p>\n","protected":false},"excerpt":{"rendered":"<p>Porte-cl\u00e9s en bois en forme de lettre \u00ab\u00a0R\u00a0\u00bb, repr\u00e9sentant la ville de Valence. Ce porte-cl\u00e9s attrayant pr\u00e9sente un design color\u00e9 combinant des \u00e9l\u00e9ments architecturaux embl\u00e9matiques de la ville, tels que l&rsquo;impressionnante cath\u00e9drale de Valence et le design avant-gardiste de la Cit\u00e9 des Arts et des Sciences. Peint avec des techniques vibrantes et des d\u00e9tails en mosa\u00efque, c&rsquo;est un souvenir id\u00e9al qui refl\u00e8te la riche culture et l&rsquo;art de la r\u00e9gion.<\/p>\n","protected":false},"featured_media":10876,"template":"","meta":{"_acf_changed":false},"product_brand":[],"product_cat":[607],"product_tag":[614],"class_list":{"0":"post-31669","1":"product","2":"type-product","3":"status-publish","4":"has-post-thumbnail","6":"product_cat-porte-cles","7":"product_tag-lettres","8":"pa_ciudad-valencia","9":"pa_motivo-lettre-r","10":"pa_pais-espana","12":"first","13":"instock","14":"shipping-taxable","15":"product-type-simple"},"acf":[],"_links":{"self":[{"href":"https:\/\/olemosaic.com\/fr\/wp-json\/wp\/v2\/product\/31669","targetHints":{"allow":["GET"]}}],"collection":[{"href":"https:\/\/olemosaic.com\/fr\/wp-json\/wp\/v2\/product"}],"about":[{"href":"https:\/\/olemosaic.com\/fr\/wp-json\/wp\/v2\/types\/product"}],"wp:featuredmedia":[{"embeddable":true,"href":"https:\/\/olemosaic.com\/fr\/wp-json\/wp\/v2\/media\/10876"}],"wp:attachment":[{"href":"https:\/\/olemosaic.com\/fr\/wp-json\/wp\/v2\/media?parent=31669"}],"wp:term":[{"taxonomy":"product_brand","embeddable":true,"href":"https:\/\/olemosaic.com\/fr\/wp-json\/wp\/v2\/product_brand?post=31669"},{"taxonomy":"product_cat","embeddable":true,"href":"https:\/\/olemosaic.com\/fr\/wp-json\/wp\/v2\/product_cat?post=31669"},{"taxonomy":"product_tag","embeddable":true,"href":"https:\/\/olemosaic.com\/fr\/wp-json\/wp\/v2\/product_tag?post=31669"}],"curies":[{"name":"wp","href":"https:\/\/api.w.org\/{rel}","templated":true}]}}