{"id":31667,"date":"2025-02-20T23:33:30","date_gmt":"2025-02-20T22:33:30","guid":{"rendered":"http:\/\/olemosaic.com\/producto\/llavero-de-madera-letra-p-2\/"},"modified":"2025-07-25T19:56:48","modified_gmt":"2025-07-25T17:56:48","slug":"porte-cles-en-bois-lettre-p-2","status":"publish","type":"product","link":"https:\/\/olemosaic.com\/fr\/produit\/porte-cles-en-bois-lettre-p-2\/","title":{"rendered":"Porte-cl\u00e9s en bois. Lettre P. Mosa\u00efque."},"content":{"rendered":"<p>Ce porte-cl\u00e9s en bois en forme de lettre \u00ab\u00a0P\u00a0\u00bb est une pi\u00e8ce captivante qui rend hommage au style embl\u00e9matique du c\u00e9l\u00e8bre architecte Antoni Gaud\u00ed, refl\u00e9tant l&rsquo;essence vibrante de Barcelone. Son design est orn\u00e9 d&rsquo;une mosa\u00efque frappante qui \u00e9voque les \u0153uvres color\u00e9es du modernisme catalan, entrem\u00ealant des nuances de bleu, vert et rouge sur un fond blanc pour cr\u00e9er un attrait visuel fascinant. Chaque d\u00e9tail, y compris les formes en spirale, \u00e9voque la nature et la cr\u00e9ativit\u00e9 de l&rsquo;art de Gaud\u00ed, ce qui en fait un excellent rappel de la richesse culturelle de la ville.<\/p>\n<p>La lettre \u00ab\u00a0P\u00a0\u00bb n&rsquo;ajoute pas seulement une touche personnelle, mais peut \u00e9galement repr\u00e9senter le nom de quelqu&rsquo;un de sp\u00e9cial ou un mot significatif, faisant de ce porte-cl\u00e9s un cadeau unique et m\u00e9morable. Sa taille compacte le rend parfait pour \u00eatre port\u00e9 dans un sac ou sur des cl\u00e9s, garantissant que les visiteurs de Barcelone puissent emporter un morceau de l&rsquo;art local partout o\u00f9 ils vont.<\/p>\n<p>Ce porte-cl\u00e9s de Barcelone est plus qu&rsquo;un simple accessoire ; c&rsquo;est un souvenir authentique qui c\u00e9l\u00e8bre la connexion entre la culture catalane et l&rsquo;art contemporain. Chez Ol\u00e9 Mosaic, nous proposons une s\u00e9lection de produits authentiques repr\u00e9sentant le meilleur de la tradition et de l&rsquo;art espagnol, offrant aux boutiques de cadeaux touristiques l&rsquo;opportunit\u00e9 d&rsquo;enrichir leur offre avec des souvenirs de haute qualit\u00e9. Ce porte-cl\u00e9s en mosa\u00efque est un choix id\u00e9al pour ceux qui recherchent des souvenirs de Barcelone \u00e0 la fois artistiques et significatifs.<\/p>\n","protected":false},"excerpt":{"rendered":"<p>Porte-cl\u00e9s en bois avec la lettre \u00ab\u00a0P\u00a0\u00bb, d\u00e9cor\u00e9 d&rsquo;un design de mosa\u00efque vibrant \u00e9voquant le style de l&rsquo;\u0153uvre de Gaud\u00ed. Ce porte-cl\u00e9s pr\u00e9sente une fusion de couleurs telles que le bleu, le vert et le rouge, sur un fond blanc qui souligne les d\u00e9tails en spirale. Avec son attrait visuel, c&rsquo;est un souvenir parfait de la culture et de l&rsquo;art de Barcelone, id\u00e9al pour ceux qui recherchent une connexion unique avec la ville.<\/p>\n","protected":false},"featured_media":10935,"template":"","meta":{"_acf_changed":false},"product_brand":[],"product_cat":[607],"product_tag":[614],"class_list":{"0":"post-31667","1":"product","2":"type-product","3":"status-publish","4":"has-post-thumbnail","6":"product_cat-porte-cles","7":"product_tag-lettres","8":"pa_motivo-lettre-p","10":"first","11":"instock","12":"shipping-taxable","13":"product-type-simple"},"acf":[],"_links":{"self":[{"href":"https:\/\/olemosaic.com\/fr\/wp-json\/wp\/v2\/product\/31667","targetHints":{"allow":["GET"]}}],"collection":[{"href":"https:\/\/olemosaic.com\/fr\/wp-json\/wp\/v2\/product"}],"about":[{"href":"https:\/\/olemosaic.com\/fr\/wp-json\/wp\/v2\/types\/product"}],"wp:featuredmedia":[{"embeddable":true,"href":"https:\/\/olemosaic.com\/fr\/wp-json\/wp\/v2\/media\/10935"}],"wp:attachment":[{"href":"https:\/\/olemosaic.com\/fr\/wp-json\/wp\/v2\/media?parent=31667"}],"wp:term":[{"taxonomy":"product_brand","embeddable":true,"href":"https:\/\/olemosaic.com\/fr\/wp-json\/wp\/v2\/product_brand?post=31667"},{"taxonomy":"product_cat","embeddable":true,"href":"https:\/\/olemosaic.com\/fr\/wp-json\/wp\/v2\/product_cat?post=31667"},{"taxonomy":"product_tag","embeddable":true,"href":"https:\/\/olemosaic.com\/fr\/wp-json\/wp\/v2\/product_tag?post=31667"}],"curies":[{"name":"wp","href":"https:\/\/api.w.org\/{rel}","templated":true}]}}