{"id":31666,"date":"2025-02-20T23:33:29","date_gmt":"2025-02-20T22:33:29","guid":{"rendered":"http:\/\/olemosaic.com\/producto\/llavero-de-madera-letra-p-valencia\/"},"modified":"2025-07-25T19:51:28","modified_gmt":"2025-07-25T17:51:28","slug":"porte-cles-en-bois-lettre-p-valence","status":"publish","type":"product","link":"https:\/\/olemosaic.com\/fr\/produit\/porte-cles-en-bois-lettre-p-valence\/","title":{"rendered":"Porte-cl\u00e9s en bois. Lettre P. Valence."},"content":{"rendered":"<p>Ce porte-cl\u00e9s exquis en bois en forme de lettre \u00ab\u00a0P\u00a0\u00bb est un souvenir inspir\u00e9 par la ville vibrante de Valence. Avec un design color\u00e9 qui capture l&rsquo;essence de cette ville embl\u00e9matique, le porte-cl\u00e9s met en avant des \u00e9l\u00e9ments iconiques tels que l&rsquo;impressionnante Cit\u00e9 des Arts et des Sciences, repr\u00e9sent\u00e9s dans des tons vifs de bleu, rouge et jaune. La lettre \u00ab\u00a0P\u00a0\u00bb, qui symbolise non seulement la ville mais aussi la personnalisation recherch\u00e9e par chaque touriste, est orn\u00e9e d&rsquo;une mosa\u00efque \u00e9voquant le style architectural caract\u00e9ristique de la r\u00e9gion, ce qui en fait un souvenir authentique et attrayant.<\/p>\n<p>Ce porte-cl\u00e9s allie fonctionnalit\u00e9 et esth\u00e9tique, avec un anneau en m\u00e9tal r\u00e9sistant qui assure une durabilit\u00e9 optimale, parfait pour ranger vos cl\u00e9s ou comme d\u00e9tail sp\u00e9cial pour d\u00e9corer votre sac \u00e0 dos. Son design artistique souligne non seulement la richesse culturelle de Valence, mais en fait \u00e9galement une excellente option pour ceux qui souhaitent emporter un petit morceau de la ville avec eux.<\/p>\n<p>Chez Ol\u00e9 Mosaic, nous sommes des distributeurs de produits authentiques symbolisant le patrimoine espagnol, et ce porte-cl\u00e9s est un choix privil\u00e9gi\u00e9 pour les boutiques de cadeaux touristiques souhaitant proposer des souvenirs pertinents et de qualit\u00e9. Id\u00e9al pour ceux qui recherchent un beau rappel de leur visite \u00e0 Valence, ce porte-cl\u00e9s se positionne comme un cadeau significatif et plein de style.<\/p>\n","protected":false},"excerpt":{"rendered":"<p>Porte-cl\u00e9s en bois en forme de lettre \u00ab P \u00bb, inspir\u00e9 par la ville de Valence. Ce porte-cl\u00e9s attrayant pr\u00e9sente un design color\u00e9 avec des \u00e9l\u00e9ments embl\u00e9matiques de la ville, tels que la Cit\u00e9 des Arts et des Sciences, mis en valeur dans des tons frappants de bleu, rouge et jaune. D\u00e9cor\u00e9 d&rsquo;une mosa\u00efque \u00e9voquant le style architectural de la r\u00e9gion, le porte-cl\u00e9s dispose d&rsquo;un anneau m\u00e9tallique pour un usage pratique et durable, parfait comme souvenir ou cadeau.<\/p>\n","protected":false},"featured_media":10874,"template":"","meta":{"_acf_changed":false},"product_brand":[],"product_cat":[607],"product_tag":[614],"class_list":{"0":"post-31666","1":"product","2":"type-product","3":"status-publish","4":"has-post-thumbnail","6":"product_cat-porte-cles","7":"product_tag-lettres","8":"pa_ciudad-valencia","9":"pa_motivo-lettre-p","10":"pa_pais-espana","12":"first","13":"instock","14":"shipping-taxable","15":"product-type-simple"},"acf":[],"_links":{"self":[{"href":"https:\/\/olemosaic.com\/fr\/wp-json\/wp\/v2\/product\/31666","targetHints":{"allow":["GET"]}}],"collection":[{"href":"https:\/\/olemosaic.com\/fr\/wp-json\/wp\/v2\/product"}],"about":[{"href":"https:\/\/olemosaic.com\/fr\/wp-json\/wp\/v2\/types\/product"}],"wp:featuredmedia":[{"embeddable":true,"href":"https:\/\/olemosaic.com\/fr\/wp-json\/wp\/v2\/media\/10874"}],"wp:attachment":[{"href":"https:\/\/olemosaic.com\/fr\/wp-json\/wp\/v2\/media?parent=31666"}],"wp:term":[{"taxonomy":"product_brand","embeddable":true,"href":"https:\/\/olemosaic.com\/fr\/wp-json\/wp\/v2\/product_brand?post=31666"},{"taxonomy":"product_cat","embeddable":true,"href":"https:\/\/olemosaic.com\/fr\/wp-json\/wp\/v2\/product_cat?post=31666"},{"taxonomy":"product_tag","embeddable":true,"href":"https:\/\/olemosaic.com\/fr\/wp-json\/wp\/v2\/product_tag?post=31666"}],"curies":[{"name":"wp","href":"https:\/\/api.w.org\/{rel}","templated":true}]}}