{"id":31665,"date":"2025-02-20T22:33:29","date_gmt":"2025-02-20T22:33:29","guid":{"rendered":"http:\/\/olemosaic.com\/producto\/llavero-de-madera-letra-p\/"},"modified":"2025-07-25T20:23:01","modified_gmt":"2025-07-25T18:23:01","slug":"porte-cles-en-bois-lettre-p","status":"publish","type":"product","link":"https:\/\/olemosaic.com\/fr\/produit\/porte-cles-en-bois-lettre-p\/","title":{"rendered":"Porte-cl\u00e9s en bois. Lettre P."},"content":{"rendered":"<p>Ce porte-cl\u00e9s en bois en forme de lettre \u00ab\u00a0P\u00a0\u00bb est un charmant souvenir qui capture l&rsquo;essence de la riche tradition culturelle espagnole. Fabriqu\u00e9 avec du bois de haute qualit\u00e9, ce porte-cl\u00e9s se distingue par ses motifs de carreaux de fa\u00efence vibrants, qui \u00e9voquent les mosa\u00efques color\u00e9es ornant de nombreuses villes espagnoles. La technique d&rsquo;impression utilis\u00e9e souligne les d\u00e9tails complexes dans des tons de rouge, bleu et jaune, cr\u00e9ant un effet visuel attrayant qui attirera sans aucun doute l&rsquo;attention de tout touriste.<\/p>\n<p>Avec un design l\u00e9ger et r\u00e9sistant, ce porte-cl\u00e9s est parfait pour emporter toujours avec soi un petit morceau de la culture espagnole. Sa forme unique en fait non seulement un accessoire fonctionnel, mais aussi un souvenir attrayant qui personnalise n&rsquo;importe quel trousseau de cl\u00e9s. Il repr\u00e9sente l&rsquo;h\u00e9ritage artistique des c\u00e9ramiques typiques espagnoles, \u00e9voquant la chaleur et le style vibrant de l&rsquo;art folklorique local.<\/p>\n<p>Chez Ol\u00e9 Mosaic, nous sommes fiers de proposer des produits authentiques qui refl\u00e8tent la richesse culturelle de l&rsquo;Espagne. Ce porte-cl\u00e9s est une excellente option pour les boutiques de cadeaux touristiques \u00e0 la recherche de souvenirs uniques, capables de connecter les visiteurs \u00e0 l&rsquo;histoire et \u00e0 l&rsquo;art du pays. Gr\u00e2ce \u00e0 notre exp\u00e9rience en tant que grossistes de souvenirs, nous garantissons la qualit\u00e9 et l&rsquo;authenticit\u00e9 de chaque pi\u00e8ce, id\u00e9ale pour ceux qui recherchent un souvenir significatif de leur voyage.<\/p>\n","protected":false},"excerpt":{"rendered":"<p>Porte-cl\u00e9s en bois en forme de lettre \u00ab\u00a0P\u00a0\u00bb, d\u00e9cor\u00e9 de motifs de carreaux de fa\u00efence vibrants typiques qui \u00e9voquent le charme culturel de l&rsquo;Espagne. Ce porte-cl\u00e9s, l\u00e9ger et r\u00e9sistant, se distingue par sa technique d&rsquo;impression qui souligne les d\u00e9tails en rouge, bleu et jaune, cr\u00e9ant un effet visuel attrayant. Id\u00e9al comme souvenir ou cadeau, c&rsquo;est une touche personnelle pour emporter le style de la c\u00e9ramique color\u00e9e partout o\u00f9 vous allez.<\/p>\n","protected":false},"featured_media":9606,"template":"","meta":{"_acf_changed":false},"product_brand":[],"product_cat":[607],"product_tag":[614],"class_list":{"0":"post-31665","1":"product","2":"type-product","3":"status-publish","4":"has-post-thumbnail","6":"product_cat-porte-cles","7":"product_tag-lettres","8":"pa_motivo-lettre-p","10":"first","11":"instock","12":"shipping-taxable","13":"product-type-simple"},"acf":[],"_links":{"self":[{"href":"https:\/\/olemosaic.com\/fr\/wp-json\/wp\/v2\/product\/31665","targetHints":{"allow":["GET"]}}],"collection":[{"href":"https:\/\/olemosaic.com\/fr\/wp-json\/wp\/v2\/product"}],"about":[{"href":"https:\/\/olemosaic.com\/fr\/wp-json\/wp\/v2\/types\/product"}],"wp:featuredmedia":[{"embeddable":true,"href":"https:\/\/olemosaic.com\/fr\/wp-json\/wp\/v2\/media\/9606"}],"wp:attachment":[{"href":"https:\/\/olemosaic.com\/fr\/wp-json\/wp\/v2\/media?parent=31665"}],"wp:term":[{"taxonomy":"product_brand","embeddable":true,"href":"https:\/\/olemosaic.com\/fr\/wp-json\/wp\/v2\/product_brand?post=31665"},{"taxonomy":"product_cat","embeddable":true,"href":"https:\/\/olemosaic.com\/fr\/wp-json\/wp\/v2\/product_cat?post=31665"},{"taxonomy":"product_tag","embeddable":true,"href":"https:\/\/olemosaic.com\/fr\/wp-json\/wp\/v2\/product_tag?post=31665"}],"curies":[{"name":"wp","href":"https:\/\/api.w.org\/{rel}","templated":true}]}}