{"id":31664,"date":"2025-02-20T23:33:29","date_gmt":"2025-02-20T22:33:29","guid":{"rendered":"http:\/\/olemosaic.com\/producto\/llavero-de-madera-letra-p-barcelona-2\/"},"modified":"2025-07-25T19:05:50","modified_gmt":"2025-07-25T17:05:50","slug":"porte-cles-en-bois-lettre-p-barcelone-2","status":"publish","type":"product","link":"https:\/\/olemosaic.com\/fr\/produit\/porte-cles-en-bois-lettre-p-barcelone-2\/","title":{"rendered":"Porte-cl\u00e9s en bois. Lettre P. Sagrada Familia. Barcelone."},"content":{"rendered":"<p>Ce porte-cl\u00e9s en bois en forme de lettre \u00ab\u00a0P\u00a0\u00bb est un charmant souvenir de Barcelone, con\u00e7u pour capturer l&rsquo;essence vibrante de cette ville embl\u00e9matique. Avec une finition dans les tons bleus, rouges et verts, le porte-cl\u00e9s pr\u00e9sente des \u00e9l\u00e9ments visuels inspir\u00e9s des chefs-d&rsquo;\u0153uvre d&rsquo;Antoni Gaud\u00ed, tels que la Sagrada Familia. La repr\u00e9sentation color\u00e9e inclut des mosa\u00efques et des formes organiques qui \u00e9voquent le style unique et distinctif de ce c\u00e9l\u00e8bre architecte, refl\u00e9tant la cr\u00e9ativit\u00e9 et la richesse culturelle de la ville.<\/p>\n<p>Le porte-cl\u00e9s se distingue par son design exclusif, o\u00f9 le \u00ab\u00a0P\u00a0\u00bb, en tant qu&rsquo;initiale, peut \u00eatre personnalis\u00e9 pour le nom de celui qui le porte. Chaque d\u00e9tail a \u00e9t\u00e9 soigneusement \u00e9labor\u00e9, fusionnant l&rsquo;\u00e9l\u00e9gance du bois avec des techniques d&rsquo;illustration contemporaines, ce qui en fait un accessoire attrayant aussi bien pour un usage personnel que pour offrir.<\/p>\n<p>Id\u00e9al comme souvenir, ce porte-cl\u00e9s ne sert pas seulement d&rsquo;objet pratique, mais aussi de rappel des merveilles de Barcelone. C&rsquo;est une excellente option pour les touristes qui cherchent \u00e0 emporter un morceau de la culture barcelonaise. Chez Ol\u00e9 Mosaic, nous sommes des distributeurs de souvenirs authentiques, et ce porte-cl\u00e9s est une s\u00e9lection brillante pour les boutiques de cadeaux touristiques souhaitant proposer des articles qui soulignent la beaut\u00e9 et le charme de cette ville embl\u00e9matique. Avec ce porte-cl\u00e9s de Barcelone, chaque jour peut vous connecter \u00e0 la magie de l&rsquo;art et de l&rsquo;histoire qui d\u00e9finissent cette m\u00e9tropole.<\/p>\n","protected":false},"excerpt":{"rendered":"<p>Porte-cl\u00e9s en bois en forme de lettre \u00ab\u00a0P\u00a0\u00bb, inspir\u00e9 par la ville vibrante de Barcelone. Ce design exclusif int\u00e8gre des \u00e9l\u00e9ments embl\u00e9matiques tels que la Sagrada Familia et des couleurs vives \u00e9voquant le style de Gaud\u00ed. Avec une base dans les tons bleus, rouges et verts, ce porte-cl\u00e9s est un souvenir attrayant id\u00e9al pour emporter un morceau de la culture barcelonaise toujours avec soi. Parfait aussi bien pour un usage personnel que pour offrir.<\/p>\n","protected":false},"featured_media":10527,"template":"","meta":{"_acf_changed":false},"product_brand":[],"product_cat":[607],"product_tag":[614],"class_list":{"0":"post-31664","1":"product","2":"type-product","3":"status-publish","4":"has-post-thumbnail","6":"product_cat-porte-cles","7":"product_tag-lettres","8":"pa_ciudad-barcelona","9":"pa_motivo-lettre-p","10":"pa_pais-espana","12":"first","13":"instock","14":"shipping-taxable","15":"product-type-simple"},"acf":[],"_links":{"self":[{"href":"https:\/\/olemosaic.com\/fr\/wp-json\/wp\/v2\/product\/31664","targetHints":{"allow":["GET"]}}],"collection":[{"href":"https:\/\/olemosaic.com\/fr\/wp-json\/wp\/v2\/product"}],"about":[{"href":"https:\/\/olemosaic.com\/fr\/wp-json\/wp\/v2\/types\/product"}],"wp:featuredmedia":[{"embeddable":true,"href":"https:\/\/olemosaic.com\/fr\/wp-json\/wp\/v2\/media\/10527"}],"wp:attachment":[{"href":"https:\/\/olemosaic.com\/fr\/wp-json\/wp\/v2\/media?parent=31664"}],"wp:term":[{"taxonomy":"product_brand","embeddable":true,"href":"https:\/\/olemosaic.com\/fr\/wp-json\/wp\/v2\/product_brand?post=31664"},{"taxonomy":"product_cat","embeddable":true,"href":"https:\/\/olemosaic.com\/fr\/wp-json\/wp\/v2\/product_cat?post=31664"},{"taxonomy":"product_tag","embeddable":true,"href":"https:\/\/olemosaic.com\/fr\/wp-json\/wp\/v2\/product_tag?post=31664"}],"curies":[{"name":"wp","href":"https:\/\/api.w.org\/{rel}","templated":true}]}}