{"id":31650,"date":"2025-02-20T23:33:29","date_gmt":"2025-02-20T22:33:29","guid":{"rendered":"http:\/\/olemosaic.com\/producto\/llavero-de-madera-letra-o-madrid\/"},"modified":"2025-07-25T19:10:53","modified_gmt":"2025-07-25T17:10:53","slug":"porte-cles-en-bois-lettre-o-madrid","status":"publish","type":"product","link":"https:\/\/olemosaic.com\/fr\/produit\/porte-cles-en-bois-lettre-o-madrid\/","title":{"rendered":"Porte-cl\u00e9s en bois. Lettre O. Madrid."},"content":{"rendered":"<p>Ce porte-cl\u00e9s en bois en forme de lettre \u00ab\u00a0O\u00a0\u00bb est un charmant souvenir qui rend hommage \u00e0 l&#8217;embl\u00e9matique Puerta del Sol de Madrid. Avec un design vibrant et plein de vie, cet accessoire capture l&rsquo;essence de la ville, pr\u00e9sentant des mosa\u00efques de couleurs qui d\u00e9peignent des figures traditionnelles au c\u0153ur de la capitale espagnole. D\u00e9cor\u00e9 \u00e0 la main, le porte-cl\u00e9s se distingue par des \u00e9l\u00e9ments distinctifs tels que le c\u00e9l\u00e8bre panneau du m\u00e9tro de Madrid et l&rsquo;horloge iconique de la place, des symboles qui repr\u00e9sentent non seulement l&#8217;emplacement g\u00e9ographique, mais aussi la riche histoire culturelle de la ville.<\/p>\n<p>La lettre \u00ab\u00a0O\u00a0\u00bb n&rsquo;est pas seulement attrayante par sa forme, elle refl\u00e8te \u00e9galement la joie et le dynamisme qui caract\u00e9risent Madrid. Le travail artisanal soign\u00e9, avec des d\u00e9tails aux couleurs \u00e9clatantes et des motifs repr\u00e9sentatifs, fait de ce porte-cl\u00e9s un produit unique, id\u00e9al pour emporter un petit morceau de la ville avec soi. Ce souvenir de Madrid, avec son authenticit\u00e9 et son caract\u00e8re distinctif, est parfait pour les touristes \u00e0 la recherche de souvenirs significatifs qui encapsulent la culture locale.<\/p>\n<p>Chez Ol\u00e9 Mosaic, en tant que grossiste de souvenirs, nous proposons des produits qui mettent en valeur le meilleur de chaque r\u00e9gion. Ce porte-cl\u00e9s en bois est une excellente option pour les boutiques de cadeaux touristiques \u00e0 la recherche d&rsquo;articles de qualit\u00e9 et de valeur culturelle.<\/p>\n","protected":false},"excerpt":{"rendered":"<p>Porte-cl\u00e9s en bois en forme de lettre \u00ab\u00a0O\u00a0\u00bb, inspir\u00e9 par l&#8217;embl\u00e9matique Puerta del Sol de Madrid. Ce porte-cl\u00e9s attrayant pr\u00e9sente un design vibrant avec des mosa\u00efques color\u00e9es repr\u00e9sentant des figures traditionnelles au c\u0153ur de la ville. D\u00e9cor\u00e9 dans un style artisanal, il inclut des \u00e9l\u00e9ments distinctifs comme le symbole du m\u00e9tro et l&rsquo;horloge iconique de la place, combinant des techniques modernes et artistiques qui capturent l&rsquo;essence culturelle de Madrid. Id\u00e9al pour emporter un petit morceau de la ville avec vous.<\/p>\n","protected":false},"featured_media":10847,"template":"","meta":{"_acf_changed":false},"product_brand":[],"product_cat":[607],"product_tag":[614],"class_list":{"0":"post-31650","1":"product","2":"type-product","3":"status-publish","4":"has-post-thumbnail","6":"product_cat-porte-cles","7":"product_tag-lettres","8":"pa_ciudad-madrid","9":"pa_motivo-lettre-o","10":"pa_pais-espana","12":"first","13":"instock","14":"shipping-taxable","15":"product-type-simple"},"acf":[],"_links":{"self":[{"href":"https:\/\/olemosaic.com\/fr\/wp-json\/wp\/v2\/product\/31650","targetHints":{"allow":["GET"]}}],"collection":[{"href":"https:\/\/olemosaic.com\/fr\/wp-json\/wp\/v2\/product"}],"about":[{"href":"https:\/\/olemosaic.com\/fr\/wp-json\/wp\/v2\/types\/product"}],"wp:featuredmedia":[{"embeddable":true,"href":"https:\/\/olemosaic.com\/fr\/wp-json\/wp\/v2\/media\/10847"}],"wp:attachment":[{"href":"https:\/\/olemosaic.com\/fr\/wp-json\/wp\/v2\/media?parent=31650"}],"wp:term":[{"taxonomy":"product_brand","embeddable":true,"href":"https:\/\/olemosaic.com\/fr\/wp-json\/wp\/v2\/product_brand?post=31650"},{"taxonomy":"product_cat","embeddable":true,"href":"https:\/\/olemosaic.com\/fr\/wp-json\/wp\/v2\/product_cat?post=31650"},{"taxonomy":"product_tag","embeddable":true,"href":"https:\/\/olemosaic.com\/fr\/wp-json\/wp\/v2\/product_tag?post=31650"}],"curies":[{"name":"wp","href":"https:\/\/api.w.org\/{rel}","templated":true}]}}