{"id":31649,"date":"2025-02-20T23:33:28","date_gmt":"2025-02-20T22:33:28","guid":{"rendered":"http:\/\/olemosaic.com\/producto\/llavero-de-madera-letra-o-barcelona-2\/"},"modified":"2025-07-25T18:35:00","modified_gmt":"2025-07-25T16:35:00","slug":"porte-cles-en-bois-lettre-o-barcelone-2","status":"publish","type":"product","link":"https:\/\/olemosaic.com\/fr\/produit\/porte-cles-en-bois-lettre-o-barcelone-2\/","title":{"rendered":"Porte-cl\u00e9s en bois. Lettre O. Sagrada Familia. Barcelone."},"content":{"rendered":"<p>Ce porte-cl\u00e9s en bois en forme de lettre \u00ab\u00a0O\u00a0\u00bb est un charmant souvenir inspir\u00e9 par la ville vibrante de Barcelone. Avec une repr\u00e9sentation visuelle captivante, cet accessoire met en avant l&rsquo;iconique Sagrada Familia, dont les majestueux pinacles aux tons rouges brillants \u00e9mergent avec force dans le design. Autour, des illustrations attrayantes de mosa\u00efques color\u00e9es et des \u00e9l\u00e9ments architecturaux uniques \u00e9voquent la cr\u00e9ativit\u00e9 et le style distinctif de la ville, faisant de ce porte-cl\u00e9s un souvenir m\u00e9morable.<\/p>\n<p>La technique de peinture \u00e0 la main souligne les d\u00e9tails m\u00e9ticuleux de chaque design, des tons vibrants des mosa\u00efques \u00e0 la finition complexe qui refl\u00e8te le soleil de Barcelone. Le porte-cl\u00e9s est l\u00e9ger et facile \u00e0 porter, id\u00e9al pour se souvenir de l&rsquo;essence de l&rsquo;une des plus belles villes d&rsquo;Europe n&rsquo;importe o\u00f9.<\/p>\n<p>Ce porte-cl\u00e9s de Barcelone est un excellent cadeau original, parfait pour les touristes qui cherchent \u00e0 emporter un morceau de la riche culture catalane. Chez Ol\u00e9 Mosaic, votre distributeur de souvenirs en gros, nous proposons des produits authentiques et repr\u00e9sentatifs, garantissant la qualit\u00e9 dans chaque d\u00e9tail. Ce porte-cl\u00e9s est une option id\u00e9ale pour les boutiques de souvenirs touristiques souhaitant proposer des articles qui connectent les visiteurs \u00e0 l&rsquo;histoire et \u00e0 l&rsquo;art de Barcelone.<\/p>\n","protected":false},"excerpt":{"rendered":"<p>Porte-cl\u00e9s en bois en forme de lettre \u00ab\u00a0O\u00a0\u00bb, inspir\u00e9 par la ville vibrante de Barcelone. Cet accessoire attrayant pr\u00e9sente des illustrations color\u00e9es de la majestueuse Sagrada Familia et des \u00e9l\u00e9ments repr\u00e9sentatifs, tels que des mosa\u00efques et des motifs architecturaux uniques. La technique de conception artisanale, peinte \u00e0 la main, souligne les d\u00e9tails artistiques, avec des tons brillants et une finition attrayante qui \u00e9voque l&rsquo;esprit cr\u00e9atif de la ville. Parfait pour se souvenir de votre visite \u00e0 Barcelone ou comme cadeau original.<\/p>\n","protected":false},"featured_media":10526,"template":"","meta":{"_acf_changed":false},"product_brand":[],"product_cat":[607],"product_tag":[614],"class_list":{"0":"post-31649","1":"product","2":"type-product","3":"status-publish","4":"has-post-thumbnail","6":"product_cat-porte-cles","7":"product_tag-lettres","8":"pa_ciudad-barcelona","9":"pa_motivo-lettre-o","10":"pa_pais-espana","12":"first","13":"instock","14":"shipping-taxable","15":"product-type-simple"},"acf":[],"_links":{"self":[{"href":"https:\/\/olemosaic.com\/fr\/wp-json\/wp\/v2\/product\/31649","targetHints":{"allow":["GET"]}}],"collection":[{"href":"https:\/\/olemosaic.com\/fr\/wp-json\/wp\/v2\/product"}],"about":[{"href":"https:\/\/olemosaic.com\/fr\/wp-json\/wp\/v2\/types\/product"}],"wp:featuredmedia":[{"embeddable":true,"href":"https:\/\/olemosaic.com\/fr\/wp-json\/wp\/v2\/media\/10526"}],"wp:attachment":[{"href":"https:\/\/olemosaic.com\/fr\/wp-json\/wp\/v2\/media?parent=31649"}],"wp:term":[{"taxonomy":"product_brand","embeddable":true,"href":"https:\/\/olemosaic.com\/fr\/wp-json\/wp\/v2\/product_brand?post=31649"},{"taxonomy":"product_cat","embeddable":true,"href":"https:\/\/olemosaic.com\/fr\/wp-json\/wp\/v2\/product_cat?post=31649"},{"taxonomy":"product_tag","embeddable":true,"href":"https:\/\/olemosaic.com\/fr\/wp-json\/wp\/v2\/product_tag?post=31649"}],"curies":[{"name":"wp","href":"https:\/\/api.w.org\/{rel}","templated":true}]}}