{"id":31647,"date":"2025-02-20T22:33:28","date_gmt":"2025-02-20T22:33:28","guid":{"rendered":"http:\/\/olemosaic.com\/producto\/llavero-de-madera-letra-n-mosaico\/"},"modified":"2025-07-25T18:53:47","modified_gmt":"2025-07-25T16:53:47","slug":"porte-cles-en-bois-lettre-n-mosaique","status":"publish","type":"product","link":"https:\/\/olemosaic.com\/fr\/produit\/porte-cles-en-bois-lettre-n-mosaique\/","title":{"rendered":"Porte-cl\u00e9s en bois. Lettre N. Mosa\u00efque."},"content":{"rendered":"<p>Ce porte-cl\u00e9s en bois en forme de lettre \u00ab\u00a0N\u00a0\u00bb est un souvenir vibrant qui met en valeur le riche h\u00e9ritage artistique de l&rsquo;Espagne. Fabriqu\u00e9 avec des mat\u00e9riaux durables, son design pr\u00e9sente une mosa\u00efque color\u00e9e qui entrelace des tons brillants de vert, rouge, jaune et d&rsquo;autres couleurs, cr\u00e9ant un style g\u00e9om\u00e9trique frappant. Sa finition lisse et \u00e9l\u00e9gante en fait non seulement un accessoire fonctionnel pour personnaliser vos cl\u00e9s, mais aussi une pi\u00e8ce d\u00e9corative qui c\u00e9l\u00e8bre la tradition artistique du pays, inspir\u00e9e par la c\u00e9l\u00e8bre mosa\u00efque de Gaud\u00ed.<\/p>\n<p>La lettre \u00ab\u00a0N\u00a0\u00bb peut symboliser un nom, un lieu ou un souvenir sp\u00e9cial, ce qui en fait un cadeau personnel id\u00e9al pour ceux qui recherchent quelque chose de significatif et d&rsquo;unique. Ce porte-cl\u00e9s est plus qu&rsquo;un simple objet ; c&rsquo;est un morceau de culture qui repr\u00e9sente la cr\u00e9ativit\u00e9 et la passion qui d\u00e9finissent l&rsquo;Espagne. Chez Ol\u00e9 Mosaic, nous nous sp\u00e9cialisons dans la distribution de souvenirs authentiques, et ce porte-cl\u00e9s en mosa\u00efque est une option exceptionnelle pour les boutiques de cadeaux touristiques souhaitant offrir des produits de qualit\u00e9.<\/p>\n<p>Avec ce porte-cl\u00e9s, les touristes peuvent emporter avec eux un morceau de l&rsquo;art espagnol, se rem\u00e9morant leurs aventures et se connectant \u00e0 l&rsquo;h\u00e9ritage culturel de l&rsquo;Espagne. Nous proposons des porte-cl\u00e9s en gros qui sont non seulement charmants, mais qui soulignent \u00e9galement l&rsquo;authenticit\u00e9 et la valeur culturelle de chaque pi\u00e8ce.<\/p>\n","protected":false},"excerpt":{"rendered":"<p>Porte-cl\u00e9s en bois en forme de lettre \u00ab\u00a0N\u00a0\u00bb, orn\u00e9 d&rsquo;une mosa\u00efque vibrante \u00e9voquant le riche h\u00e9ritage artistique de l&rsquo;Espagne. Cet accessoire frappant pr\u00e9sente une palette de couleurs vives, comme le vert, le rouge et le jaune, entrelac\u00e9es dans un design g\u00e9om\u00e9trique. Id\u00e9al pour personnaliser vos cl\u00e9s, sa finition lisse et l&rsquo;utilisation de mat\u00e9riaux durables en font un souvenir parfait, alliant fonctionnalit\u00e9 et \u00e9l\u00e9gance.<\/p>\n","protected":false},"featured_media":10764,"template":"","meta":{"_acf_changed":false},"product_brand":[],"product_cat":[607],"product_tag":[614],"class_list":{"0":"post-31647","1":"product","2":"type-product","3":"status-publish","4":"has-post-thumbnail","6":"product_cat-porte-cles","7":"product_tag-lettres","8":"pa_motivo-lettre-n","10":"first","11":"instock","12":"shipping-taxable","13":"product-type-simple"},"acf":[],"_links":{"self":[{"href":"https:\/\/olemosaic.com\/fr\/wp-json\/wp\/v2\/product\/31647","targetHints":{"allow":["GET"]}}],"collection":[{"href":"https:\/\/olemosaic.com\/fr\/wp-json\/wp\/v2\/product"}],"about":[{"href":"https:\/\/olemosaic.com\/fr\/wp-json\/wp\/v2\/types\/product"}],"wp:featuredmedia":[{"embeddable":true,"href":"https:\/\/olemosaic.com\/fr\/wp-json\/wp\/v2\/media\/10764"}],"wp:attachment":[{"href":"https:\/\/olemosaic.com\/fr\/wp-json\/wp\/v2\/media?parent=31647"}],"wp:term":[{"taxonomy":"product_brand","embeddable":true,"href":"https:\/\/olemosaic.com\/fr\/wp-json\/wp\/v2\/product_brand?post=31647"},{"taxonomy":"product_cat","embeddable":true,"href":"https:\/\/olemosaic.com\/fr\/wp-json\/wp\/v2\/product_cat?post=31647"},{"taxonomy":"product_tag","embeddable":true,"href":"https:\/\/olemosaic.com\/fr\/wp-json\/wp\/v2\/product_tag?post=31647"}],"curies":[{"name":"wp","href":"https:\/\/api.w.org\/{rel}","templated":true}]}}