{"id":31646,"date":"2025-02-20T22:33:28","date_gmt":"2025-02-20T22:33:28","guid":{"rendered":"http:\/\/olemosaic.com\/producto\/llavero-de-madera-letra-n-barcelona\/"},"modified":"2025-07-25T19:53:27","modified_gmt":"2025-07-25T17:53:27","slug":"porte-cles-en-bois-lettre-n-barcelone","status":"publish","type":"product","link":"https:\/\/olemosaic.com\/fr\/produit\/porte-cles-en-bois-lettre-n-barcelone\/","title":{"rendered":"Porte-cl\u00e9s en bois. Lettre N. Barcelone."},"content":{"rendered":"<p>Ce porte-cl\u00e9s en bois en forme de lettre \u00ab\u00a0N\u00a0\u00bb est un souvenir id\u00e9al repr\u00e9sentant la ville vibrante de Barcelone. Fabriqu\u00e9 avec du bois de haute qualit\u00e9, son design color\u00e9 s&rsquo;inspire de l&rsquo;architecture incomparable d&rsquo;Antoni Gaud\u00ed, incluant des d\u00e9tails embl\u00e9matiques de la Sagrada Familia et du c\u00e9l\u00e8bre l\u00e9zard du Park G\u00fcell. Ce porte-cl\u00e9s n&rsquo;est pas seulement pratique, il capture \u00e9galement l&rsquo;essence artistique et la richesse culturelle de Barcelone, devenant un souvenir parfait pour ceux qui visitent la ville.<\/p>\n<p>Avec une finition vibrante, chaque pi\u00e8ce refl\u00e8te la palette de couleurs caract\u00e9ristique des \u0153uvres de Gaud\u00ed, mettant en avant des nuances profondes et brillantes qui \u00e9voquent la singularit\u00e9 de la ville. La lettre \u00ab\u00a0N\u00a0\u00bb est tr\u00e8s pratique gr\u00e2ce \u00e0 un anneau m\u00e9tallique r\u00e9sistant, qui assure que vous puissiez emporter un morceau de Barcelone avec vous o\u00f9 que vous alliez. Ce porte-cl\u00e9s est plus qu&rsquo;un simple accessoire ; c&rsquo;est un symbole qui incarne le g\u00e9nie de l&rsquo;architecture moderniste de Barcelone, offrant un lien durable avec la culture catalane.<\/p>\n<p>Chez Ol\u00e9 Mosaic, nous nous sp\u00e9cialisons dans la distribution de souvenirs en gros, et ce porte-cl\u00e9s de Barcelone est une excellente option pour les boutiques de cadeaux touristiques. Son authenticit\u00e9 et sa pertinence culturelle font de ce porte-cl\u00e9s un souvenir de qualit\u00e9, parfait pour ceux qui cherchent \u00e0 emporter une partie de cette ville magique. En tant que grossistes de souvenirs, nous garantissons que chaque produit refl\u00e8te l&rsquo;essence culturelle que les touristes recherchent.<\/p>\n","protected":false},"excerpt":{"rendered":"<p>Porte-cl\u00e9s en bois avec la forme de la lettre \u00ab\u00a0N\u00a0\u00bb, repr\u00e9sentant la ville de Barcelone. Ce porte-cl\u00e9s attrayant pr\u00e9sente un design color\u00e9 inspir\u00e9 de l&rsquo;architecture d&rsquo;Antoni Gaud\u00ed, avec des d\u00e9tails de la Sagrada Familia et de l&rsquo;iconique l\u00e9zard du Park G\u00fcell. Fabriqu\u00e9 en bois de haute qualit\u00e9, il poss\u00e8de une finition vibrante et un anneau m\u00e9tallique r\u00e9sistant, id\u00e9al pour emporter un morceau de Barcelone toujours avec soi.<\/p>\n","protected":false},"featured_media":10499,"template":"","meta":{"_acf_changed":false},"product_brand":[],"product_cat":[607],"product_tag":[614],"class_list":{"0":"post-31646","1":"product","2":"type-product","3":"status-publish","4":"has-post-thumbnail","6":"product_cat-porte-cles","7":"product_tag-lettres","8":"pa_ciudad-barcelona","9":"pa_motivo-lettre-n","10":"pa_pais-espana","12":"first","13":"instock","14":"shipping-taxable","15":"product-type-simple"},"acf":[],"_links":{"self":[{"href":"https:\/\/olemosaic.com\/fr\/wp-json\/wp\/v2\/product\/31646","targetHints":{"allow":["GET"]}}],"collection":[{"href":"https:\/\/olemosaic.com\/fr\/wp-json\/wp\/v2\/product"}],"about":[{"href":"https:\/\/olemosaic.com\/fr\/wp-json\/wp\/v2\/types\/product"}],"wp:featuredmedia":[{"embeddable":true,"href":"https:\/\/olemosaic.com\/fr\/wp-json\/wp\/v2\/media\/10499"}],"wp:attachment":[{"href":"https:\/\/olemosaic.com\/fr\/wp-json\/wp\/v2\/media?parent=31646"}],"wp:term":[{"taxonomy":"product_brand","embeddable":true,"href":"https:\/\/olemosaic.com\/fr\/wp-json\/wp\/v2\/product_brand?post=31646"},{"taxonomy":"product_cat","embeddable":true,"href":"https:\/\/olemosaic.com\/fr\/wp-json\/wp\/v2\/product_cat?post=31646"},{"taxonomy":"product_tag","embeddable":true,"href":"https:\/\/olemosaic.com\/fr\/wp-json\/wp\/v2\/product_tag?post=31646"}],"curies":[{"name":"wp","href":"https:\/\/api.w.org\/{rel}","templated":true}]}}